{"id":11117,"date":"2020-03-28T15:33:25","date_gmt":"2020-03-28T14:33:25","guid":{"rendered":"https:\/\/dev2.mgvpublications.com\/produkt\/kitap-yesem-bueyuer-mueyuem\/"},"modified":"2022-03-08T22:33:33","modified_gmt":"2022-03-08T21:33:33","slug":"kitap-yesem-bueyuer-mueyuem","status":"publish","type":"product","link":"https:\/\/mgvpublications.com\/de\/kitap-yesem-bueyuer-mueyuem\/","title":{"rendered":"Kitap Yesem B\u00fcy\u00fcr M\u00fcy\u00fcm?"},"content":{"rendered":"<p>Yay\u0131n Tarihi\t2020-02-05<br \/>\nISBN\t6054952175<br \/>\nBask\u0131 Say\u0131s\u0131\t1. Bask\u0131<br \/>\nDil\tT\u00dcRK\u00c7E<br \/>\nSayfa Say\u0131s\u0131\t86<br \/>\nCilt Tipi\tKarton Kapak<br \/>\nKa\u011f\u0131t Cinsi\tKitap Ka\u011f\u0131d\u0131<br \/>\nBoyut\t13 x 19 cm<\/p>","protected":false},"excerpt":{"rendered":"<p>Hasan \u00d6\u011fretmen ve \u00d6\u011frencilerinin GER\u00c7EK HAYATTA YA\u015eANMI\u015e maceralar\u0131, &#8220;\u00d6p\u00fcc\u00fck Atan Mandalina&#8221; kitab\u0131ndan sonra bu kitapta devam ediyor. Okuyaca\u011f\u0131n \u015feyler masal de\u011fil, hik\u00e2ye de\u011fil, ger\u00e7e\u011fin ta kendisi. Ama h\u00eekaye tad\u0131nda :=) &#8220;10 Milyon \u0130yilik, Allah&#8217;\u0131n G\u00f6r\u00fcnmez Adamlar\u0131, Bi&#8217; Acayip Hesaplamalar&#8221; gibi birbirinden ilgin\u00e7 ba\u015fl\u0131klarla maceralar seni bekliyor.<\/p>","protected":false},"featured_media":11118,"template":"","meta":{"spay_email":""},"product_cat":[172],"product_tag":[],"item":[335],"acf":[],"_links":{"self":[{"href":"https:\/\/mgvpublications.com\/de\/wp-json\/wp\/v2\/product\/11117"}],"collection":[{"href":"https:\/\/mgvpublications.com\/de\/wp-json\/wp\/v2\/product"}],"about":[{"href":"https:\/\/mgvpublications.com\/de\/wp-json\/wp\/v2\/types\/product"}],"wp:featuredmedia":[{"embeddable":true,"href":"https:\/\/mgvpublications.com\/de\/wp-json\/wp\/v2\/media\/11118"}],"wp:attachment":[{"href":"https:\/\/mgvpublications.com\/de\/wp-json\/wp\/v2\/media?parent=11117"}],"wp:term":[{"taxonomy":"product_cat","embeddable":true,"href":"https:\/\/mgvpublications.com\/de\/wp-json\/wp\/v2\/product_cat?post=11117"},{"taxonomy":"product_tag","embeddable":true,"href":"https:\/\/mgvpublications.com\/de\/wp-json\/wp\/v2\/product_tag?post=11117"},{"taxonomy":"item","embeddable":true,"href":"https:\/\/mgvpublications.com\/de\/wp-json\/wp\/v2\/item?post=11117"}],"curies":[{"name":"wp","href":"https:\/\/api.w.org\/{rel}","templated":true}]}}