{"id":11111,"date":"2020-03-28T15:27:14","date_gmt":"2020-03-28T14:27:14","guid":{"rendered":"https:\/\/dev2.mgvpublications.com\/produkt\/efendi-beyaz-tuerklerin-bueyuek-sirri\/"},"modified":"2022-03-08T22:33:33","modified_gmt":"2022-03-08T21:33:33","slug":"efendi-beyaz-tuerklerin-bueyuek-sirri","status":"publish","type":"product","link":"https:\/\/mgvpublications.com\/de\/efendi-beyaz-tuerklerin-bueyuek-sirri\/","title":{"rendered":"Efendi Beyaz T\u00fcrklerin B\u00fcy\u00fck S\u0131rr\u0131"},"content":{"rendered":"<p>Yay\u0131n Tarihi\t2019-12-03<br \/>\nISBN\t6059799812<br \/>\nBask\u0131 Say\u0131s\u0131\t4. Bask\u0131<br \/>\nDil\tT\u00dcRK\u00c7E<br \/>\nSayfa Say\u0131s\u0131\t640<br \/>\nCilt Tipi\tKarton Kapak<br \/>\nKa\u011f\u0131t Cinsi\tKitap Ka\u011f\u0131d\u0131<br \/>\nBoyut\t14 x 23 cm<\/p>","protected":false},"excerpt":{"rendered":"<p>Sizin hi\u00e7 idam edilmi\u015f akraban\u0131z var m\u0131? Onlar\u0131n var! Hem de \u00fc\u00e7 ki\u015fi!<br \/>\nSizin ak\u0131l hastas\u0131 akraban\u0131z var m\u0131? Peki intihar eden akraban\u0131z? Onlar\u0131n var! Hem de say\u0131lar\u0131 \u015fa\u015f\u0131rtacak kadar \u00e7ok!<br \/>\nSizin ba\u015fbakanl\u0131k yapm\u0131\u015f akraban\u0131z var m\u0131? Onlar\u0131n var, hem de on y\u0131l!<br \/>\nMilletvekilli\u011fi, belediye ba\u015fkanl\u0131\u011f\u0131 yapm\u0131\u015f siyaset adam\u0131 akrabalar\u0131n\u0131z var m\u0131? Onlar\u0131n var, say\u0131lar\u0131 yirmiye yak\u0131n!<br \/>\nAvrupa g\u00fczeli, futbolcu, \u015fark\u0131c\u0131, yazar, diplomat akrabalar\u0131n\u0131z var m\u0131? Onlar\u0131n var!<br \/>\nSizin, b\u00fcy\u00fck amcas\u0131 Gazi Osman Pa\u015fa i\u00e7in yaz\u0131lan kahramanl\u0131k mar\u015f\u0131yla, y\u00fcz y\u0131l sonra dara\u011fac\u0131na g\u00f6nderilen d\u0131\u015fi\u015fleri bakan\u0131 akraban\u0131z var m\u0131? Onlar\u0131n var!<br \/>\nSizin Galatasaray ve Fenerbah\u00e7e kul\u00fcplerine ba\u015fkanl\u0131k etmi\u015f akrabalar\u0131n\u0131z var m\u0131? Onlar\u0131n var!<br \/>\nSizin Mustafa Kemal\u2019in huzurunda evlenen akraban\u0131z var m\u0131 ya da Osmanl\u0131 Saray\u0131\u2019na damat olan akraban\u0131z? Onlar\u0131n var!<br \/>\nAd\u0131, \u0130zmir Suikast\u0131\u2019na kar\u0131\u015ft\u0131\u011f\u0131 i\u00e7in idam edilen akraban\u0131z var m\u0131? Onlar\u0131n var!..<br \/>\nOnlar y\u00fcz y\u0131l hep g\u00f6z \u00f6n\u00fcnde oldular. Ama bir s\u0131rlar\u0131n\u0131 hep sakl\u0131 tuttular&#8230;<br \/>\n\u0130ZM\u0130RL\u0130 EVL\u0130YAZADE A\u0130LES\u0130\u2019N\u0130N SIRRI NEYD\u0130?<\/p>","protected":false},"featured_media":11112,"template":"","meta":{"spay_email":""},"product_cat":[173],"product_tag":[],"item":[697],"acf":[],"_links":{"self":[{"href":"https:\/\/mgvpublications.com\/de\/wp-json\/wp\/v2\/product\/11111"}],"collection":[{"href":"https:\/\/mgvpublications.com\/de\/wp-json\/wp\/v2\/product"}],"about":[{"href":"https:\/\/mgvpublications.com\/de\/wp-json\/wp\/v2\/types\/product"}],"wp:featuredmedia":[{"embeddable":true,"href":"https:\/\/mgvpublications.com\/de\/wp-json\/wp\/v2\/media\/11112"}],"wp:attachment":[{"href":"https:\/\/mgvpublications.com\/de\/wp-json\/wp\/v2\/media?parent=11111"}],"wp:term":[{"taxonomy":"product_cat","embeddable":true,"href":"https:\/\/mgvpublications.com\/de\/wp-json\/wp\/v2\/product_cat?post=11111"},{"taxonomy":"product_tag","embeddable":true,"href":"https:\/\/mgvpublications.com\/de\/wp-json\/wp\/v2\/product_tag?post=11111"},{"taxonomy":"item","embeddable":true,"href":"https:\/\/mgvpublications.com\/de\/wp-json\/wp\/v2\/item?post=11111"}],"curies":[{"name":"wp","href":"https:\/\/api.w.org\/{rel}","templated":true}]}}