{"id":11107,"date":"2020-12-02T15:43:36","date_gmt":"2020-12-02T14:43:36","guid":{"rendered":"https:\/\/dev2.mgvpublications.com\/produkt\/uyuyor-musun\/"},"modified":"2022-03-08T22:33:33","modified_gmt":"2022-03-08T21:33:33","slug":"uyuyor-musun","status":"publish","type":"product","link":"https:\/\/mgvpublications.com\/de\/uyuyor-musun\/","title":{"rendered":"Uyuyor musun?"},"content":{"rendered":"<p>Yay\u0131n Tarihi: 27.04.2017<br \/>ISBN: 9786059795166<br \/>Dil: T\u00dcRK\u00c7E<br \/>Sayfa Say\u0131s\u0131: 24<br \/>Cilt Tipi: Karton Kapak<br \/>Ka\u011f\u0131t Cinsi: Ku\u015fe Ka\u011f\u0131t<br \/>Boyut: 19 x 24 cm<br \/>\u00c7izer: Oya Diker<\/p>","protected":false},"excerpt":{"rendered":"<p>\u00dc\u00e7 tilki karde\u015f, anne ve babalar\u0131n\u0131 g\u00f6zleri kapal\u0131 g\u00f6r\u00fcnce uyuduklar\u0131n\u0131 d\u00fc\u015f\u00fcn\u00fcrler. Ama i\u015fin asl\u0131 ba\u015fkad\u0131r. S\u0131rlar\u0131n\u0131 \u00f6\u011frenmek i\u00e7in k\u00fc\u00e7\u00fck tilkiler de g\u00f6zlerini kapar ve\u2026<\/p>","protected":false},"featured_media":22515,"template":"","meta":{"spay_email":""},"product_cat":[172],"product_tag":[],"item":[686],"acf":[],"_links":{"self":[{"href":"https:\/\/mgvpublications.com\/de\/wp-json\/wp\/v2\/product\/11107"}],"collection":[{"href":"https:\/\/mgvpublications.com\/de\/wp-json\/wp\/v2\/product"}],"about":[{"href":"https:\/\/mgvpublications.com\/de\/wp-json\/wp\/v2\/types\/product"}],"wp:featuredmedia":[{"embeddable":true,"href":"https:\/\/mgvpublications.com\/de\/wp-json\/wp\/v2\/media\/22515"}],"wp:attachment":[{"href":"https:\/\/mgvpublications.com\/de\/wp-json\/wp\/v2\/media?parent=11107"}],"wp:term":[{"taxonomy":"product_cat","embeddable":true,"href":"https:\/\/mgvpublications.com\/de\/wp-json\/wp\/v2\/product_cat?post=11107"},{"taxonomy":"product_tag","embeddable":true,"href":"https:\/\/mgvpublications.com\/de\/wp-json\/wp\/v2\/product_tag?post=11107"},{"taxonomy":"item","embeddable":true,"href":"https:\/\/mgvpublications.com\/de\/wp-json\/wp\/v2\/item?post=11107"}],"curies":[{"name":"wp","href":"https:\/\/api.w.org\/{rel}","templated":true}]}}