{"id":11100,"date":"2020-03-28T15:18:36","date_gmt":"2020-03-28T14:18:36","guid":{"rendered":"https:\/\/dev2.mgvpublications.com\/produkt\/ahmet-cevdet-pasa-ve-mecelle\/"},"modified":"2025-10-23T17:57:39","modified_gmt":"2025-10-23T15:57:39","slug":"ahmet-cevdet-pasa-ve-mecelle","status":"publish","type":"product","link":"https:\/\/mgvpublications.com\/de\/ahmet-cevdet-pasa-ve-mecelle\/","title":{"rendered":"Ahmet Cevdet Pa\u015fa ve Mecelle"},"content":{"rendered":"<p>Yay\u0131n Tarihi\t2016-11-09<br \/>\nISBN\t9752554542<br \/>\nBask\u0131 Say\u0131s\u0131\t1. Bask\u0131<br \/>\nDil\tT\u00dcRK\u00c7E<br \/>\nSayfa Say\u0131s\u0131\t168<br \/>\nCilt Tipi\tKarton Kapak<br \/>\nKa\u011f\u0131t Cinsi\tKitap Ka\u011f\u0131d\u0131<br \/>\nBoyut\t13.5 x 21 cm<\/p>","protected":false},"excerpt":{"rendered":"<p>Ahmed Cevdet Pa\u015fa Tanzimat devrinin en \u00f6nemli devlet ve ilim adamlar\u0131ndan biri&#8230; \u0130lber Ortayl\u0131&#8217;n\u0131n tabiriyle &#8220;Medresenin son g\u00fcne\u015fi&#8221;&#8230; \u015eeyh\u00fclislaml\u0131\u011f\u0131n e\u015fi\u011fine kadar y\u00fckselmi\u015f, her ilimde alim, her fende mahir, tarihimizin son medar-\u0131 iftaharlar\u0131ndan&#8230; Hayat\u0131n\u0131 ve emsalsiz eseri Mecelle&#8217;yi anlatan bu eseri okurken; ayn\u0131 zamnda devrin medrese hayat\u0131n\u0131 ve ilmi seviyesini; Tanzimat&#8217;\u0131n Osmanl\u0131 Devleti&#8217;ne getirdi\u011fi ikilik ve \u00e7at\u0131\u015fmalar\u0131; \u0131slahat\u0131n milli b\u00fcnyeye uygun cereyan etmesi i\u00e7in Cevdet Pa\u015fa&#8217;n\u0131n verdi\u011fi \u00e7etin m\u00fccadeleyi; ve ilim alimlerine kazand\u0131rd\u0131\u011f\u0131 \u00f6l\u00fcms\u00fcz eserleri bulacaks\u0131n\u0131z. \u0130\u015fte Mecelle&#8217;nin ilk y\u00fcz maddesinin de ho\u015f bir \u00fcslupla a\u00e7\u0131kland\u0131\u011f\u0131 bu kitapta her y\u00f6n\u00fcyle AHMED CEVDET PA\u015eA&#8230; Ne demi\u015fler; Adem oldur ki aya\u011f\u0131n \u00e7ekicek d\u00fcnyadan, Zik\u00fc bi&#8217;l hayr i\u00e7re g\u00fczel ad\u0131 kala.<\/p>","protected":false},"featured_media":11101,"template":"","meta":{"spay_email":""},"product_cat":[173],"product_tag":[],"item":[730],"acf":[],"_links":{"self":[{"href":"https:\/\/mgvpublications.com\/de\/wp-json\/wp\/v2\/product\/11100"}],"collection":[{"href":"https:\/\/mgvpublications.com\/de\/wp-json\/wp\/v2\/product"}],"about":[{"href":"https:\/\/mgvpublications.com\/de\/wp-json\/wp\/v2\/types\/product"}],"wp:featuredmedia":[{"embeddable":true,"href":"https:\/\/mgvpublications.com\/de\/wp-json\/wp\/v2\/media\/11101"}],"wp:attachment":[{"href":"https:\/\/mgvpublications.com\/de\/wp-json\/wp\/v2\/media?parent=11100"}],"wp:term":[{"taxonomy":"product_cat","embeddable":true,"href":"https:\/\/mgvpublications.com\/de\/wp-json\/wp\/v2\/product_cat?post=11100"},{"taxonomy":"product_tag","embeddable":true,"href":"https:\/\/mgvpublications.com\/de\/wp-json\/wp\/v2\/product_tag?post=11100"},{"taxonomy":"item","embeddable":true,"href":"https:\/\/mgvpublications.com\/de\/wp-json\/wp\/v2\/item?post=11100"}],"curies":[{"name":"wp","href":"https:\/\/api.w.org\/{rel}","templated":true}]}}