{"id":11097,"date":"2020-03-28T15:14:49","date_gmt":"2020-03-28T14:14:49","guid":{"rendered":"https:\/\/dev2.mgvpublications.com\/produkt\/ailesiz-toplum-modern-ya-sonrasi\/"},"modified":"2022-03-08T22:33:31","modified_gmt":"2022-03-08T21:33:31","slug":"ailesiz-toplum-modern-ya-sonrasi","status":"publish","type":"product","link":"https:\/\/mgvpublications.com\/de\/ailesiz-toplum-modern-ya-sonrasi\/","title":{"rendered":"Ailesiz Toplum Modern Ya Sonras\u0131?"},"content":{"rendered":"<p>Yay\u0131n Tarihi 2019-10-22<br \/>\nISBN 6058046306<br \/>\nBask\u0131 Say\u0131s\u0131 1. Bask\u0131<br \/>\nDil T\u00dcRK\u00c7E<br \/>\nSayfa Say\u0131s\u0131 128<br \/>\nCilt Tipi Karton Kapak<br \/>\nKa\u011f\u0131t Cinsi Kitap Ka\u011f\u0131d\u0131<br \/>\nBoyut 17 x 24 cm<\/p>","protected":false},"excerpt":{"rendered":"<p>\u0130nsanl\u0131k ad\u0131na \u00e7ok b\u00fcy\u00fck bir de\u011fi\u015fim d\u00f6neminin arifesindeyiz. \u00d6yle bir de\u011fi\u015fim ki, bildi\u011fimiz hemen her \u015feyin; \u201cdevletin\u201d, \u201cdinin\u201d, \u201ctoplumun\u201d, \u201cahlak\u0131n\u201d, \u201ccinsiyetin\u201d, \u201ci\u015fin\u201d anlam\u0131n\u0131n de\u011fi\u015fece\u011fi, d\u00f6n\u00fc\u015fece\u011fi, transla\u015f\u0131p karma\u015f\u0131k formalara b\u00fcr\u00fcnece\u011fi; tarihte daha \u00f6nce hi\u00e7 ya\u015fanmam\u0131\u015f yeni bir d\u00f6nem geliyor. G\u00f6r\u00fcnen o ki, son y\u0131llarda devletlerin frenlemesinden kurtulan b\u00fcy\u00fck \u015firketlerin elinde \u00fcrk\u00fct\u00fcc\u00fc bir h\u0131zla geli\u015fen teknoloji vas\u0131tas\u0131yla gelen bu d\u00f6nemden ne v\u00fccut ne mana olarak \u201cinsan\u201d da sa\u011flam \u00e7\u0131kamayacak.<br \/>\nGeli\u015ftirilen yapay zek\u00e2l\u0131 robotlar\/makineler egemenlerle en alttakiler aras\u0131ndaki mesafeyi \u00f6ylesine a\u00e7\u0131yor ki, bu mesafe egemenlere art\u0131k; \u201cTanr\u0131 olman\u0131n vakti geldi\u201d demenin c\u00fcretini veriyor. Yeni paganist d\u00f6nem dedikleri bu d\u00f6nemde, tanr\u0131 rol\u00fcn\u00fc oynamak i\u00e7in \u00f6nlerinde engel olarak g\u00f6rd\u00fckleri \u201cinsaniyet merkezli\u201d d\u00fcnyay\u0131, bu d\u00fcnyan\u0131n \u00fcretti\u011fi h\u00fcmanizmi, \u201cinsanl\u0131\u011f\u0131n b\u00fcy\u00fck kibri\u201d dedikleri \u201c\u0130nsan Haklar\u0131\u201dn\u0131, 300 sene \u00f6nce \u00f6ld\u00fcrd\u00fcklerini ilan ettikleri tanr\u0131dan geriye kalm\u0131\u015f \u201chortlak\u201d\u0131 (ahlak\u0131) ve binlerce senelik normlar\u0131 yeniden tan\u0131mlamak veya tarihe g\u00f6mmek istiyorlar. Bunun i\u00e7in en u\u00e7, en sapk\u0131n unsurlar\u0131; yani toplum i\u00e7inde en dayanaks\u0131z ve kontrol edilebilir unsurlar\u0131 merkeze davet ederek, \u201cToplumsal Cinsiyet E\u015fitli\u011fi\u201d ve \u201cHayvan Haklar\u0131\u201d gibi projeler \u00fczerinden bir ahlaki alt\u00fcst olu\u015f, t\u00fcm toplumsal de\u011ferlerin yerinden edildi\u011fi bir \u201cAhlaki Kaos\u201d var etmek istiyorlar.<br \/>\nHen\u00fcz b\u00fcy\u00fck kalabal\u0131klar\u0131n pek de hissetmedikleri ancak egemenlerin \u201cinsan sonras\u0131\u201d diye adland\u0131rd\u0131klar\u0131 bu d\u00f6nemi, her ge\u00e7en g\u00fcn daha derinden hissedece\u011fimizi s\u00f6ylemek zor de\u011fil. Yapay zek\u00e2l\u0131 robotlar milyarlar\u0131 i\u015fsiz b\u0131rakt\u0131\u011f\u0131nda, devasa \u015fehirler fakirlerin toplama kamplar\u0131na d\u00f6n\u00fc\u015ft\u00fc\u011f\u00fcnde, gidilecek k\u00f6y\u00fcn, ekilecek tarlan\u0131n, bak\u0131lacak hayvan\u0131n, bunlar\u0131 yapacak becerinin \u00e7oktan kaybedilmi\u015f oldu\u011fu fark edildi\u011finde ya\u015fayaca\u011f\u0131z b\u00fcy\u00fck \u015foku.<br \/>\nG\u00fc\u00e7s\u00fczler tarihin hi\u00e7bir d\u00f6neminde g\u00fc\u00e7l\u00fclerin kar\u015f\u0131s\u0131nda bu kadar \u00e7aresiz ve bu kadar darmada\u011f\u0131n olmad\u0131lar. Bu da\u011f\u0131n\u0131kl\u0131k egemenlere, art\u0131k kendilerine ihtiya\u00e7 duyulmayan sanayi toplumlar\u0131n\u0131n art\u0131klar\u0131\/at\u0131klar\u0131\/l\u00fczumsuzlar\u0131 olan devasa kitlelerden kurtulabilmek i\u00e7in c\u00fcretk\u00e2r projeler \u00fcretme cesareti veriyor.<\/p>","protected":false},"featured_media":11098,"template":"","meta":{"spay_email":""},"product_cat":[171,169],"product_tag":[],"item":[977],"acf":[],"_links":{"self":[{"href":"https:\/\/mgvpublications.com\/de\/wp-json\/wp\/v2\/product\/11097"}],"collection":[{"href":"https:\/\/mgvpublications.com\/de\/wp-json\/wp\/v2\/product"}],"about":[{"href":"https:\/\/mgvpublications.com\/de\/wp-json\/wp\/v2\/types\/product"}],"wp:featuredmedia":[{"embeddable":true,"href":"https:\/\/mgvpublications.com\/de\/wp-json\/wp\/v2\/media\/11098"}],"wp:attachment":[{"href":"https:\/\/mgvpublications.com\/de\/wp-json\/wp\/v2\/media?parent=11097"}],"wp:term":[{"taxonomy":"product_cat","embeddable":true,"href":"https:\/\/mgvpublications.com\/de\/wp-json\/wp\/v2\/product_cat?post=11097"},{"taxonomy":"product_tag","embeddable":true,"href":"https:\/\/mgvpublications.com\/de\/wp-json\/wp\/v2\/product_tag?post=11097"},{"taxonomy":"item","embeddable":true,"href":"https:\/\/mgvpublications.com\/de\/wp-json\/wp\/v2\/item?post=11097"}],"curies":[{"name":"wp","href":"https:\/\/api.w.org\/{rel}","templated":true}]}}