{"id":11094,"date":"2020-12-02T15:43:35","date_gmt":"2020-12-02T14:43:35","guid":{"rendered":"https:\/\/dev2.mgvpublications.com\/produkt\/cesaret-sandigi\/"},"modified":"2022-03-08T22:33:31","modified_gmt":"2022-03-08T21:33:31","slug":"cesaret-sandigi","status":"publish","type":"product","link":"https:\/\/mgvpublications.com\/de\/cesaret-sandigi\/","title":{"rendered":"Cesaret Sand\u0131\u011f\u0131"},"content":{"rendered":"<p>Yay\u0131n Tarihi: 27.04.2017<br \/>ISBN: 9786059795142<br \/>Dil: T\u00dcRK\u00c7E<br \/>Sayfa Say\u0131s\u0131: 32<br \/>Cilt Tipi: Karton Kapak<br \/>Ka\u011f\u0131t Cinsi: Kitap Ka\u011f\u0131d\u0131<br \/>Boyut: 19 x 24 cm<br \/>\u00c7izer: Oya Diker<\/p>","protected":false},"excerpt":{"rendered":"<p>Da\u011f\u0131n tepesinde ya\u015fayan bilge kurdun sand\u0131\u011f\u0131 ke\u015ffedilmeyi bekliyor. Bu sand\u0131k, \u00e7ocuklar\u0131 bir kahraman kadar cesur, bir kaplan gibi korkusuz yapabilecek sihre sahip. Peki, biri utanga\u00e7, di\u011feri \u00e7abuk pes eden, \u00f6b\u00fcr\u00fc biraz \u00fcrkek \u00fc\u00e7 k\u00fc\u00e7\u00fck tilkinin ona ula\u015facak cesareti var m\u0131?<\/p>","protected":false},"featured_media":22514,"template":"","meta":{"spay_email":""},"product_cat":[172],"product_tag":[],"item":[686],"acf":[],"_links":{"self":[{"href":"https:\/\/mgvpublications.com\/de\/wp-json\/wp\/v2\/product\/11094"}],"collection":[{"href":"https:\/\/mgvpublications.com\/de\/wp-json\/wp\/v2\/product"}],"about":[{"href":"https:\/\/mgvpublications.com\/de\/wp-json\/wp\/v2\/types\/product"}],"wp:featuredmedia":[{"embeddable":true,"href":"https:\/\/mgvpublications.com\/de\/wp-json\/wp\/v2\/media\/22514"}],"wp:attachment":[{"href":"https:\/\/mgvpublications.com\/de\/wp-json\/wp\/v2\/media?parent=11094"}],"wp:term":[{"taxonomy":"product_cat","embeddable":true,"href":"https:\/\/mgvpublications.com\/de\/wp-json\/wp\/v2\/product_cat?post=11094"},{"taxonomy":"product_tag","embeddable":true,"href":"https:\/\/mgvpublications.com\/de\/wp-json\/wp\/v2\/product_tag?post=11094"},{"taxonomy":"item","embeddable":true,"href":"https:\/\/mgvpublications.com\/de\/wp-json\/wp\/v2\/item?post=11094"}],"curies":[{"name":"wp","href":"https:\/\/api.w.org\/{rel}","templated":true}]}}