{"id":11092,"date":"2020-03-28T15:05:39","date_gmt":"2020-03-28T14:05:39","guid":{"rendered":"https:\/\/dev2.mgvpublications.com\/produkt\/kus-masallari\/"},"modified":"2022-03-08T22:33:31","modified_gmt":"2022-03-08T21:33:31","slug":"kus-masallari","status":"publish","type":"product","link":"https:\/\/mgvpublications.com\/de\/kus-masallari\/","title":{"rendered":"Ku\u015f Masallar\u0131"},"content":{"rendered":"<p>\u00c7izer:\tSoner H\u0131zarc\u0131<br \/>\nYay\u0131n Tarihi\t2018-12-27<br \/>\nISBN\t6050955798<br \/>\nBask\u0131 Say\u0131s\u0131\t2. Bask\u0131<br \/>\nDil\tT\u00dcRK\u00c7E<br \/>\nSayfa Say\u0131s\u0131\t132<br \/>\nCilt Tipi\tKarton Kapak<br \/>\nKa\u011f\u0131t Cinsi\tKitap Ka\u011f\u0131d\u0131<br \/>\nBoyut\t16.5 x 22 cm<\/p>","protected":false},"excerpt":{"rendered":"<p>Evvel zamana gidelim<br \/>\nKalbur saman\u0131 ge\u00e7elim<br \/>\nYolumuz uzun ama<br \/>\nKu\u015f olup da g\u00f6\u00e7elim.<br \/>\nVaral\u0131m da\u011flar diyar\u0131na<br \/>\nBinelim bir ku\u015f kanad\u0131na<br \/>\nMenzilimiz \u00e7ok ama<br \/>\nKonal\u0131m yedi da\u011fa\u2026<br \/>\n\u00c7ocuk edebiyat\u0131n\u0131n sevilen kalemi \u015eermin Ya\u015far<br \/>\nKu\u015f Masallar\u0131 ile t\u00fcm okurlar\u0131n\u0131<br \/>\ng\u00f6n\u00fcl da\u011flar\u0131nda dola\u015ft\u0131r\u0131p iyili\u011fin, \u015fefkatin, ho\u015fg\u00f6r\u00fcn\u00fcn,<br \/>\nsevginin ve bar\u0131\u015f\u0131n \u015fark\u0131s\u0131n\u0131 \u015fak\u0131maya davet ediyor.<br \/>\n\u00c7ocuklar ve \u00e7ocuklu\u011funa tutunanlar<br \/>\nbu masallar sizin i\u00e7in.<\/p>","protected":false},"featured_media":11093,"template":"","meta":{"spay_email":""},"product_cat":[172],"product_tag":[],"item":[1105],"acf":[],"_links":{"self":[{"href":"https:\/\/mgvpublications.com\/de\/wp-json\/wp\/v2\/product\/11092"}],"collection":[{"href":"https:\/\/mgvpublications.com\/de\/wp-json\/wp\/v2\/product"}],"about":[{"href":"https:\/\/mgvpublications.com\/de\/wp-json\/wp\/v2\/types\/product"}],"wp:featuredmedia":[{"embeddable":true,"href":"https:\/\/mgvpublications.com\/de\/wp-json\/wp\/v2\/media\/11093"}],"wp:attachment":[{"href":"https:\/\/mgvpublications.com\/de\/wp-json\/wp\/v2\/media?parent=11092"}],"wp:term":[{"taxonomy":"product_cat","embeddable":true,"href":"https:\/\/mgvpublications.com\/de\/wp-json\/wp\/v2\/product_cat?post=11092"},{"taxonomy":"product_tag","embeddable":true,"href":"https:\/\/mgvpublications.com\/de\/wp-json\/wp\/v2\/product_tag?post=11092"},{"taxonomy":"item","embeddable":true,"href":"https:\/\/mgvpublications.com\/de\/wp-json\/wp\/v2\/item?post=11092"}],"curies":[{"name":"wp","href":"https:\/\/api.w.org\/{rel}","templated":true}]}}