{"id":11089,"date":"2020-03-28T15:02:40","date_gmt":"2020-03-28T14:02:40","guid":{"rendered":"https:\/\/dev2.mgvpublications.com\/produkt\/oyuncu-anne-cocuguyla-nitelikli-zaman-gecirmek-isteyen-annelere-rehber-kitap\/"},"modified":"2022-03-08T22:33:31","modified_gmt":"2022-03-08T21:33:31","slug":"oyuncu-anne-cocuguyla-nitelikli-zaman-gecirmek-isteyen-annelere-rehber-kitap","status":"publish","type":"product","link":"https:\/\/mgvpublications.com\/de\/oyuncu-anne-cocuguyla-nitelikli-zaman-gecirmek-isteyen-annelere-rehber-kitap\/","title":{"rendered":"Oyuncu Anne \u00c7ocu\u011fuyla Nitelikli Zaman Ge\u00e7irmek \u0130steyen Annelere Rehber Kitap"},"content":{"rendered":"<p>Kapak:\tEray Erg\u00fcn<br \/>\nKapak:\tBarlas Palanc\u0131lar<br \/>\nYay\u0131n Tarihi\t2017-09-27<br \/>\nISBN\t6055286804<br \/>\nBask\u0131 Say\u0131s\u0131\t14. Bask\u0131<br \/>\nDil\tT\u00dcRK\u00c7E<br \/>\nSayfa Say\u0131s\u0131\t160<br \/>\nCilt Tipi\tKarton Kapak<br \/>\nKa\u011f\u0131t Cinsi\tKitap Ka\u011f\u0131d\u0131<br \/>\nBoyut\t13.5 x 21 cm<\/p>","protected":false},"excerpt":{"rendered":"<p>Ah be annesi, \u00c7ocu\u011funu al spora g\u00f6t\u00fcr, oradan \u00e7\u0131k baleye git, oradan \u00e7\u0131k tenise, d\u00f6n\u00fc\u015fte oyuncak\u00e7\u0131ya u\u011fra, alabildi\u011fini al, \u00e7e\u015fit \u00e7e\u015fit oyun gruplar\u0131na \u00fcye ol, odas\u0131na pahal\u0131 oyuncaklar\u0131 y\u0131\u011f, eve gelince a\u00e7 televizyonu sen de elinde cep telefonun yan\u0131nda otur. Aaaa noldu, o kadar ko\u015fturdun ama \u00e7ocu\u011fun yine mi mutsuz? Ev i\u015fleri, hayat tela\u015f\u0131, o kurs bu kurs derken b\u00fcy\u00fcy\u00fcverdi \u00e7ocuklar de\u011fil mi? Gel, ger\u00e7ek nitelikli zaman\u0131n pe\u015finde ol ve onunla oyna. Yeterince yarat\u0131c\u0131 de\u011filim ve ne yapaca\u011f\u0131m\u0131 bilmiyorum diyorsan, senin i\u00e7in y\u00fczlerce oyun fikri payla\u015ft\u0131m. Hepsi \u00e7ok kolay, \u00e7ok e\u011flenceli ve verimli. Hepsi \u00fc\u00e7 \u00e7ocukla bizzat denendi. Hadi s\u0131va kollar\u0131n\u0131, birlikte mutlu \u00e7ocuklar b\u00fcy\u00fctece\u011fiz&#8230; E\u011fer siz de \u015eermin \u00c7arkac\u0131 gibi d\u00fc\u015f\u00fcn\u00fcyorsan\u0131z yani \u00e7ocu\u011funuzla g\u00fczel ve verimli zaman ge\u00e7irmenin tek yolunun \u015fu yukar\u0131da say\u0131lanlar olmad\u0131\u011f\u0131na inan\u0131yorsan\u0131z, i\u015fte bu kitap tam size g\u00f6re\u2026 Buza saklanm\u0131\u015f penguenleri, bulgurdan yap\u0131lm\u0131\u015f \u00e7\u00f6lleri ve mavi \u00e7ar\u015faftan denizleri \u00e7ocu\u011funuzla payla\u015fmak istiyorsan\u0131z Oyuncu Anne ile tan\u0131\u015fman\u0131n tam zaman\u0131\u2026 Oyuncu Anne kitab\u0131n\u0131n gelirleri T\u00fcrkiye Korunmaya Muhta\u00e7 \u00c7ocuklar Vakf\u0131\u2019na ba\u011f\u0131\u015flanmaktad\u0131r.<\/p>","protected":false},"featured_media":11090,"template":"","meta":{"spay_email":""},"product_cat":[172],"product_tag":[],"item":[686],"acf":[],"_links":{"self":[{"href":"https:\/\/mgvpublications.com\/de\/wp-json\/wp\/v2\/product\/11089"}],"collection":[{"href":"https:\/\/mgvpublications.com\/de\/wp-json\/wp\/v2\/product"}],"about":[{"href":"https:\/\/mgvpublications.com\/de\/wp-json\/wp\/v2\/types\/product"}],"wp:featuredmedia":[{"embeddable":true,"href":"https:\/\/mgvpublications.com\/de\/wp-json\/wp\/v2\/media\/11090"}],"wp:attachment":[{"href":"https:\/\/mgvpublications.com\/de\/wp-json\/wp\/v2\/media?parent=11089"}],"wp:term":[{"taxonomy":"product_cat","embeddable":true,"href":"https:\/\/mgvpublications.com\/de\/wp-json\/wp\/v2\/product_cat?post=11089"},{"taxonomy":"product_tag","embeddable":true,"href":"https:\/\/mgvpublications.com\/de\/wp-json\/wp\/v2\/product_tag?post=11089"},{"taxonomy":"item","embeddable":true,"href":"https:\/\/mgvpublications.com\/de\/wp-json\/wp\/v2\/item?post=11089"}],"curies":[{"name":"wp","href":"https:\/\/api.w.org\/{rel}","templated":true}]}}