{"id":11084,"date":"2020-03-28T14:52:45","date_gmt":"2020-03-28T13:52:45","guid":{"rendered":"https:\/\/dev2.mgvpublications.com\/produkt\/tombik-ayi-kaybolunca\/"},"modified":"2022-03-08T22:33:31","modified_gmt":"2022-03-08T21:33:31","slug":"tombik-ayi-kaybolunca","status":"publish","type":"product","link":"https:\/\/mgvpublications.com\/de\/tombik-ayi-kaybolunca\/","title":{"rendered":"Tombik Ay\u0131 Kaybolunca"},"content":{"rendered":"<p>\u00c7evirmen:\tMelike Hendek<br \/>\nYay\u0131n Tarihi\t2019-01-17<br \/>\nISBN\t6054248827<br \/>\nBask\u0131 Say\u0131s\u0131\t2. Bask\u0131<br \/>\nDil\tT\u00dcRK\u00c7E<br \/>\nSayfa Say\u0131s\u0131\t35<br \/>\nCilt Tipi\tKarton Kapak<br \/>\nKa\u011f\u0131t Cinsi\tKu\u015fe Ka\u011f\u0131t<br \/>\nBoyut\t25 x 28 cm<\/p>","protected":false},"excerpt":{"rendered":"<p>&#8220;Karn\u0131 ac\u0131kan Tombik Ay\u0131, orman\u0131n derinliklerine dald\u0131. Zaman\u0131n nas\u0131l ge\u00e7ti\u011fini anlayamadan, \u015fiddetli bir f\u0131rt\u0131na patlad\u0131. Yolunu kaybeden Tombik Ay\u0131&#8217; n\u0131n, yard\u0131m\u0131na arkada\u015flar\u0131 ko\u015facakt\u0131.&#8221;<br \/>\nKitaptan<\/p>\n<p>Arkada\u015fl\u0131\u011f\u0131 ve yard\u0131mla\u015fmay\u0131 \u00f6\u011freten bu kitab\u0131n, m\u00fckemmel \u00e7izgileri ile \u00e7ocu\u011funuz<br \/>\nkendisini hikayenin tam i\u00e7erisinde hissedecek.<\/p>","protected":false},"featured_media":11085,"template":"","meta":{"spay_email":""},"product_cat":[172],"product_tag":[],"item":[917],"acf":[],"_links":{"self":[{"href":"https:\/\/mgvpublications.com\/de\/wp-json\/wp\/v2\/product\/11084"}],"collection":[{"href":"https:\/\/mgvpublications.com\/de\/wp-json\/wp\/v2\/product"}],"about":[{"href":"https:\/\/mgvpublications.com\/de\/wp-json\/wp\/v2\/types\/product"}],"wp:featuredmedia":[{"embeddable":true,"href":"https:\/\/mgvpublications.com\/de\/wp-json\/wp\/v2\/media\/11085"}],"wp:attachment":[{"href":"https:\/\/mgvpublications.com\/de\/wp-json\/wp\/v2\/media?parent=11084"}],"wp:term":[{"taxonomy":"product_cat","embeddable":true,"href":"https:\/\/mgvpublications.com\/de\/wp-json\/wp\/v2\/product_cat?post=11084"},{"taxonomy":"product_tag","embeddable":true,"href":"https:\/\/mgvpublications.com\/de\/wp-json\/wp\/v2\/product_tag?post=11084"},{"taxonomy":"item","embeddable":true,"href":"https:\/\/mgvpublications.com\/de\/wp-json\/wp\/v2\/item?post=11084"}],"curies":[{"name":"wp","href":"https:\/\/api.w.org\/{rel}","templated":true}]}}