{"id":11031,"date":"2020-03-28T12:37:23","date_gmt":"2020-03-28T11:37:23","guid":{"rendered":"https:\/\/dev2.mgvpublications.com\/produkt\/kuecuek-kardes-istemiyorum\/"},"modified":"2022-03-08T22:33:29","modified_gmt":"2022-03-08T21:33:29","slug":"kuecuek-kardes-istemiyorum","status":"publish","type":"product","link":"https:\/\/mgvpublications.com\/de\/kuecuek-kardes-istemiyorum\/","title":{"rendered":"K\u00fc\u00e7\u00fck Karde\u015f \u0130stemiyorum!"},"content":{"rendered":"<p>\u00c7evirmen:\tFeza \u00d6zemre<br \/>\nYay\u0131n Tarihi\t2019-01-17<br \/>\nISBN\t6052169438<br \/>\nBask\u0131 Say\u0131s\u0131\t1. Bask\u0131<br \/>\nDil\tT\u00dcRK\u00c7E<br \/>\nSayfa Say\u0131s\u0131\t40<br \/>\nCilt Tipi\tKarton Kapak<br \/>\nKa\u011f\u0131t Cinsi\tKitap Ka\u011f\u0131d\u0131<br \/>\nBoyut\t21 x 23 cm<\/p>","protected":false},"excerpt":{"rendered":"<p>\u00c7ocu\u011funuz i\u00e7in resimli bir hik\u00e2ye, sizin i\u00e7in ise yavrunuzun, \u00e7ocuk olman\u0131n getirdi\u011fi k\u00fc\u00e7\u00fck ya da b\u00fcy\u00fck zorluklar\u0131 a\u015fmas\u0131na yard\u0131mc\u0131 bir rehber.<br \/>\nYeni bir bebek t\u00fcm aile \u00fcyeleri i\u00e7in bir al\u0131\u015fma s\u00fcreci gerektirir, \u00f6zellikle de b\u00fcy\u00fck \u00e7ocu\u011funuz i\u00e7in. 3 ile 6 ya\u015f aras\u0131ndaki bir \u00e7ocuk, art\u0131k ailenin tek \u00e7ocu\u011fu olmad\u0131\u011f\u0131n\u0131 kabullenmekte zorlanabilir, anne babas\u0131 taraf\u0131ndan eskisi kadar sevilmeyece\u011fi korkusuna kap\u0131labilir. Ne Zormu\u015f B\u00fcy\u00fcmek serisinin ikinci kitab\u0131 K\u00fc\u00e7\u00fck Karde\u015f \u0130stemiyorum! bol resimli ve kafiyeli anlat\u0131m\u0131yla \u00e7ocu\u011funuzun k\u00fc\u00e7\u00fck karde\u015fiyle ilgili endi\u015felerini giderirken, etkinlikler \u00f6nerileriyle bu s\u00fcre\u00e7te onunla do\u011fru ileti\u015fim kurman\u0131z\u0131 sa\u011flayacak.<\/p>","protected":false},"featured_media":11032,"template":"","meta":{"spay_email":""},"product_cat":[172],"product_tag":[],"item":[716],"acf":[],"_links":{"self":[{"href":"https:\/\/mgvpublications.com\/de\/wp-json\/wp\/v2\/product\/11031"}],"collection":[{"href":"https:\/\/mgvpublications.com\/de\/wp-json\/wp\/v2\/product"}],"about":[{"href":"https:\/\/mgvpublications.com\/de\/wp-json\/wp\/v2\/types\/product"}],"wp:featuredmedia":[{"embeddable":true,"href":"https:\/\/mgvpublications.com\/de\/wp-json\/wp\/v2\/media\/11032"}],"wp:attachment":[{"href":"https:\/\/mgvpublications.com\/de\/wp-json\/wp\/v2\/media?parent=11031"}],"wp:term":[{"taxonomy":"product_cat","embeddable":true,"href":"https:\/\/mgvpublications.com\/de\/wp-json\/wp\/v2\/product_cat?post=11031"},{"taxonomy":"product_tag","embeddable":true,"href":"https:\/\/mgvpublications.com\/de\/wp-json\/wp\/v2\/product_tag?post=11031"},{"taxonomy":"item","embeddable":true,"href":"https:\/\/mgvpublications.com\/de\/wp-json\/wp\/v2\/item?post=11031"}],"curies":[{"name":"wp","href":"https:\/\/api.w.org\/{rel}","templated":true}]}}