{"id":11027,"date":"2020-03-28T01:32:11","date_gmt":"2020-03-28T00:32:11","guid":{"rendered":"https:\/\/dev2.mgvpublications.com\/produkt\/kurallardan-nefret-ediyorum\/"},"modified":"2022-03-08T22:33:28","modified_gmt":"2022-03-08T21:33:28","slug":"kurallardan-nefret-ediyorum","status":"publish","type":"product","link":"https:\/\/mgvpublications.com\/de\/kurallardan-nefret-ediyorum\/","title":{"rendered":"Kurallardan Nefret Ediyorum"},"content":{"rendered":"<p>\u00c7evirmen:\tBahar Ulukan<br \/>\nYay\u0131n Tarihi\t2019-06-27<br \/>\nISBN\t6052169902<br \/>\nBask\u0131 Say\u0131s\u0131\t1. Bask\u0131<br \/>\nDil\tT\u00dcRK\u00c7E<br \/>\nSayfa Say\u0131s\u0131\t40<br \/>\nCilt Tipi\tKarton Kapak<br \/>\nKa\u011f\u0131t Cinsi\tKitap Ka\u011f\u0131d\u0131<br \/>\nBoyut\t21 x 23 cm<\/p>","protected":false},"excerpt":{"rendered":"<p>\u00c7ocu\u011funuz i\u00e7in resimli bir \u00f6yk\u00fc, sizin i\u00e7inse bir rehber: B\u00fcy\u00fcrken kar\u015f\u0131la\u015faca\u011f\u0131 zorluklar\u0131 a\u015fmada \u00e7ocu\u011funuza nas\u0131l yard\u0131mc\u0131 olacaks\u0131n\u0131z?<br \/>\nKurallar\u0131 anlamak ve onlara sayg\u0131 g\u00f6stermek \u00e7ocu\u011funuz b\u00fcy\u00fcrken kar\u015f\u0131s\u0131na \u00e7\u0131kan \u00f6nemli bir m\u00fccadeledir. Oynamay\u0131 seven, k\u0131p\u0131r k\u0131p\u0131r bir \u00e7ocuk i\u00e7in anne babas\u0131n\u0131n koydu\u011fu kurallara uymak hi\u00e7 de kolay de\u011fildir. Ama i\u015fin i\u00e7ine sab\u0131r, s\u00fck\u00fbnet ve bir tutam da e\u011flence katt\u0131\u011f\u0131n\u0131zda kendinizi bu m\u00fccadeleyi kazanm\u0131\u015f sayabilirsiniz. Ne Zormu\u015f B\u00fcy\u00fcmek serisinin 5. kitab\u0131 Kurallardan Nefret Ediyorum bol resimli ve uyakl\u0131 anlat\u0131m\u0131yla \u00e7ocu\u011funuzu kurallara al\u0131\u015fma s\u00fcrecinde cesaretlendirirken etkinlik \u00f6nerileriyle de bu s\u00fcre\u00e7te onunla do\u011fru ileti\u015fim kurman\u0131z\u0131 ve ona yard\u0131mc\u0131 olman\u0131z\u0131 sa\u011flayacak.<\/p>","protected":false},"featured_media":11028,"template":"","meta":{"spay_email":""},"product_cat":[172],"product_tag":[],"item":[716],"acf":[],"_links":{"self":[{"href":"https:\/\/mgvpublications.com\/de\/wp-json\/wp\/v2\/product\/11027"}],"collection":[{"href":"https:\/\/mgvpublications.com\/de\/wp-json\/wp\/v2\/product"}],"about":[{"href":"https:\/\/mgvpublications.com\/de\/wp-json\/wp\/v2\/types\/product"}],"wp:featuredmedia":[{"embeddable":true,"href":"https:\/\/mgvpublications.com\/de\/wp-json\/wp\/v2\/media\/11028"}],"wp:attachment":[{"href":"https:\/\/mgvpublications.com\/de\/wp-json\/wp\/v2\/media?parent=11027"}],"wp:term":[{"taxonomy":"product_cat","embeddable":true,"href":"https:\/\/mgvpublications.com\/de\/wp-json\/wp\/v2\/product_cat?post=11027"},{"taxonomy":"product_tag","embeddable":true,"href":"https:\/\/mgvpublications.com\/de\/wp-json\/wp\/v2\/product_tag?post=11027"},{"taxonomy":"item","embeddable":true,"href":"https:\/\/mgvpublications.com\/de\/wp-json\/wp\/v2\/item?post=11027"}],"curies":[{"name":"wp","href":"https:\/\/api.w.org\/{rel}","templated":true}]}}