{"id":11020,"date":"2020-03-28T01:23:11","date_gmt":"2020-03-28T00:23:11","guid":{"rendered":"https:\/\/dev2.mgvpublications.com\/produkt\/oeyle-gecer-ki-zaman-teoman-durali-kitabi\/"},"modified":"2022-04-13T13:59:02","modified_gmt":"2022-04-13T11:59:02","slug":"oeyle-gecer-ki-zaman-teoman-durali-kitabi","status":"publish","type":"product","link":"https:\/\/mgvpublications.com\/de\/oeyle-gecer-ki-zaman-teoman-durali-kitabi\/","title":{"rendered":"\u00d6yle Ge\u00e7er ki Zaman Teoman Dural\u0131 Kitab\u0131"},"content":{"rendered":"<p>Derleyici:\tAli De\u011fermenci<br \/>\nYay\u0131n Tarihi\t2020-01-20<br \/>\nISBN\t6057717443<br \/>\nBask\u0131 Say\u0131s\u0131\t1. Bask\u0131<br \/>\nDil\tT\u00dcRK\u00c7E<br \/>\nSayfa Say\u0131s\u0131\t520<br \/>\nCilt Tipi\tKarton Kapak<br \/>\nKa\u011f\u0131t Cinsi\tKitap Ka\u011f\u0131d\u0131<br \/>\nBoyut\t14 x 21 cm<\/p>","protected":false},"excerpt":{"rendered":"<p>\u00d6yle Ge\u00e7er ki Zaman, Teoman Dural\u0131\u2019n\u0131n, bug\u00fcne dek gezip g\u00f6rd\u00fc\u011f\u00fc yerler, okuyup ara\u015ft\u0131rd\u0131\u011f\u0131 konular \u00fczerinden bir hakikat aray\u0131c\u0131s\u0131n\u0131n izlerini s\u00fcr\u00fcyor. An\u0131lar\u0131ndaki capcanl\u0131 ayr\u0131nt\u0131lar, sarih ve berrak bir zihin \u00f6rne\u011fi sergiliyor.<\/p>\n<p>Zonguldak\u2019ta ge\u00e7en \u00e7ocukluk y\u0131llar\u0131ndan day\u0131s\u0131 ile ettikleri muhabbetlere, hi\u00e7bir zaman sevemedi\u011fi okul y\u0131llar\u0131ndan dile olan merak\u0131na, Norve\u00e7\u2019te kaptanl\u0131k hayalinden Kapal\u0131\u00e7ar\u015f\u0131\u2019da ge\u00e7en \u00e7al\u0131\u015fma fasl\u0131na kadar bir\u00e7ok hik\u00e2ye ve olay&#8230; Dural\u0131\u2019n\u0131n kendine \u00f6zg\u00fc \u00fcslubuyla T\u00fcrk siyasetine damgas\u0131n\u0131 vurmu\u015f siyaset\u00e7ilerle ilgili tespitler ve akademik ortama dair de\u011finiler&#8230;<\/p>\n<p>Teoman Dural\u0131 Kitab\u0131 okuyucusunu, bir filozofun yerel ve evrensel d\u00fcnyan\u0131n k\u00fclt\u00fcr atlas\u0131ndaki devri\u00e2lemine ortak ediyor.<\/p>","protected":false},"featured_media":11021,"template":"","meta":{"spay_email":""},"product_cat":[232],"product_tag":[],"item":[716],"acf":[],"_links":{"self":[{"href":"https:\/\/mgvpublications.com\/de\/wp-json\/wp\/v2\/product\/11020"}],"collection":[{"href":"https:\/\/mgvpublications.com\/de\/wp-json\/wp\/v2\/product"}],"about":[{"href":"https:\/\/mgvpublications.com\/de\/wp-json\/wp\/v2\/types\/product"}],"wp:featuredmedia":[{"embeddable":true,"href":"https:\/\/mgvpublications.com\/de\/wp-json\/wp\/v2\/media\/11021"}],"wp:attachment":[{"href":"https:\/\/mgvpublications.com\/de\/wp-json\/wp\/v2\/media?parent=11020"}],"wp:term":[{"taxonomy":"product_cat","embeddable":true,"href":"https:\/\/mgvpublications.com\/de\/wp-json\/wp\/v2\/product_cat?post=11020"},{"taxonomy":"product_tag","embeddable":true,"href":"https:\/\/mgvpublications.com\/de\/wp-json\/wp\/v2\/product_tag?post=11020"},{"taxonomy":"item","embeddable":true,"href":"https:\/\/mgvpublications.com\/de\/wp-json\/wp\/v2\/item?post=11020"}],"curies":[{"name":"wp","href":"https:\/\/api.w.org\/{rel}","templated":true}]}}