{"id":11017,"date":"2020-12-02T15:43:30","date_gmt":"2020-12-02T14:43:30","guid":{"rendered":"https:\/\/dev2.mgvpublications.com\/produkt\/felsefe-bilimin-dogusu-aristoteleste-canlilar-ve-bilim-sorunu\/"},"modified":"2022-03-08T22:33:28","modified_gmt":"2022-03-08T21:33:28","slug":"felsefe-bilimin-dogusu-aristoteleste-canlilar-ve-bilim-sorunu","status":"publish","type":"product","link":"https:\/\/mgvpublications.com\/de\/felsefe-bilimin-dogusu-aristoteleste-canlilar-ve-bilim-sorunu\/","title":{"rendered":"Felsefe-Bilimin Do\u011fu\u015fu Aristoteles&#8217;te Canl\u0131lar ve Bilim Sorunu"},"content":{"rendered":"<p>Yay\u0131n Tarihi: 01.03.2016<br \/>ISBN: 9789759956967<br \/>Dil: T\u00dcRK\u00c7E<br \/>Sayfa Say\u0131s\u0131: 224<br \/>Cilt Tipi: Karton Kapak<br \/>Ka\u011f\u0131t Cinsi: Kitap Ka\u011f\u0131d\u0131<br \/>Boyut: 16.5 x 23.5 cm<\/p>","protected":false},"excerpt":{"rendered":"<p>&#8220;Eflatun, hem dini mistiklerin hem de felsefenin, dolay\u0131s\u0131yla bilimin f\u0131\u015fk\u0131rd\u0131\u011f\u0131 duyun ba\u015f\u0131d\u0131r. Hayat\u0131n bu iki y\u00fcce vechesi onun nazar\u0131nda z\u0131tl\u0131k halinde de\u011fildir. Tam tersine, Kutsal B\u00fct\u00fcnl\u00fck&#8217;\u00fcn (Kosmos) birbirini tamamlayan iki asli g\u00f6r\u00fcn\u00fcm\u00fcd\u00fcrler. Bu iki g\u00f6r\u00fcn\u00fcmden birini kendisine esas al\u0131p onu temelde kutsall\u0131ks\u0131\u015f\u0131 d\u00fczlemde i\u015fleyerek sistemli yap\u0131ya kavu\u015fturan Eflatun&#8217;un Akademiadaki se\u00e7kin \u00f6\u011frencisi Aristoteles&#8217;tir. Onun kendine esas ald\u0131\u011f\u0131 g\u00f6r\u00fcn\u00fcm felsefedir. Bunu, o hocas\u0131n\u0131n tutumundan farkl\u0131 bir tav\u0131rla bi\u00e7imsel ve \u015fematik (mant\u0131k) tarzda geli\u015ftirerek dar mesleki anlamdaki felsefeyi olu\u015fturup buradan bilimi t\u00fcretmi\u015ftir.&#8221; Evrim sorunu Aristoteles&#8217;in d\u00f6neminden g\u00fcn\u00fcm\u00fcze kadar bir \u00e7ok vechesiyle tart\u0131\u015f\u0131lm\u0131\u015f yeni bilgiler ve yorumlar ortaya at\u0131lm\u0131\u015f olmakla beraber, tart\u0131\u015fma tam olarak sonu\u00e7lanm\u0131\u015f de\u011fildir. Yazar\u0131n bu eserinin &#8220;Aristo&#8217;da vanl\u0131lar ve bilim sorunu&#8221;nu ele alarak iki bin k\u00fcsur y\u0131ld\u0131r tart\u0131\u015f\u0131lan konuya bir temel olu\u015fturdu\u011funu ummaktay\u0131z.<\/p>","protected":false},"featured_media":22049,"template":"","meta":{"spay_email":""},"product_cat":[232],"product_tag":[],"item":[356],"acf":[],"_links":{"self":[{"href":"https:\/\/mgvpublications.com\/de\/wp-json\/wp\/v2\/product\/11017"}],"collection":[{"href":"https:\/\/mgvpublications.com\/de\/wp-json\/wp\/v2\/product"}],"about":[{"href":"https:\/\/mgvpublications.com\/de\/wp-json\/wp\/v2\/types\/product"}],"wp:featuredmedia":[{"embeddable":true,"href":"https:\/\/mgvpublications.com\/de\/wp-json\/wp\/v2\/media\/22049"}],"wp:attachment":[{"href":"https:\/\/mgvpublications.com\/de\/wp-json\/wp\/v2\/media?parent=11017"}],"wp:term":[{"taxonomy":"product_cat","embeddable":true,"href":"https:\/\/mgvpublications.com\/de\/wp-json\/wp\/v2\/product_cat?post=11017"},{"taxonomy":"product_tag","embeddable":true,"href":"https:\/\/mgvpublications.com\/de\/wp-json\/wp\/v2\/product_tag?post=11017"},{"taxonomy":"item","embeddable":true,"href":"https:\/\/mgvpublications.com\/de\/wp-json\/wp\/v2\/item?post=11017"}],"curies":[{"name":"wp","href":"https:\/\/api.w.org\/{rel}","templated":true}]}}