{"id":11013,"date":"2020-03-28T01:14:39","date_gmt":"2020-03-28T00:14:39","guid":{"rendered":"https:\/\/dev2.mgvpublications.com\/produkt\/gilgamis-destani\/"},"modified":"2022-03-08T22:33:28","modified_gmt":"2022-03-08T21:33:28","slug":"gilgamis-destani","status":"publish","type":"product","link":"https:\/\/mgvpublications.com\/de\/gilgamis-destani\/","title":{"rendered":"G\u0131lgam\u0131\u015f Destan\u0131"},"content":{"rendered":"<p>Derleyici:\t\u015e.Teoman Dural\u0131<br \/>\nISBN\t9759955366<br \/>\nDil\tT\u00dcRK\u00c7E<br \/>\nSayfa Say\u0131s\u0131\t86<br \/>\nCilt Tipi\tKarton Kapak<br \/>\nKa\u011f\u0131t Cinsi\t3. Hm. Ka\u011f\u0131t<br \/>\nBoyut\t13.5 x 19.5 cm<\/p>","protected":false},"excerpt":{"rendered":"<p>Bat\u0131 medeniyetleri toplulu\u011fu as\u0131l kayna\u011f\u0131n\u0131 M.\u00d6 Be\u015finci yahut D\u00f6rd\u00fcnc\u00fc binin Mesopotamyas\u0131n\u0131n verimli topraklar\u0131nda,ilk medeniyet merkezi kurup kendilerine yurd yapm\u0131\u015f olan S\u00fcmerlilerin \u00fclkesinde bulmu\u015ftur.Konar-g\u00f6\u00e7erlikten, yerle\u015ferek tar\u0131mla,zanatla u\u011fra\u015fan,\u00fcreten,ticaret yapan bu insanlar\u0131n toplum yap\u0131s\u0131 karma\u015f\u0131kla\u015f\u0131rken,b\u00f6lgedeki bu filizlenen tutum yepyeni bir d\u00f6nem olarak tarihe damgas\u0131n\u0131n basm\u0131\u015ft\u0131r.<br \/>\nS\u00fcmerlilerin en \u00f6nemli edebi ba\u015far\u0131s\u0131 G\u0131lgam\u0131\u015f Destan\u0131,benzerleri gibi ilkin s\u00f6zl\u00fc gelenek halinde iken,\u00dc\u00e7\u00fcnc\u00fc binde yaz\u0131n\u0131n bulunmas\u0131yla da tarihin en eski yaz\u0131l\u0131 edebiyat ba\u015far\u0131s\u0131 oldu\u011funun izlerini, bize ilk kez, Asurbanipal&#8217;\u0131n k\u00fct\u00fcphanesinin \u00f6reninden 1875de \u00e7\u0131kar\u0131lan levhalarla g\u00f6stermi\u015ftir.<\/p>","protected":false},"featured_media":11014,"template":"","meta":{"spay_email":""},"product_cat":[168,232],"product_tag":[],"item":[356],"acf":[],"_links":{"self":[{"href":"https:\/\/mgvpublications.com\/de\/wp-json\/wp\/v2\/product\/11013"}],"collection":[{"href":"https:\/\/mgvpublications.com\/de\/wp-json\/wp\/v2\/product"}],"about":[{"href":"https:\/\/mgvpublications.com\/de\/wp-json\/wp\/v2\/types\/product"}],"wp:featuredmedia":[{"embeddable":true,"href":"https:\/\/mgvpublications.com\/de\/wp-json\/wp\/v2\/media\/11014"}],"wp:attachment":[{"href":"https:\/\/mgvpublications.com\/de\/wp-json\/wp\/v2\/media?parent=11013"}],"wp:term":[{"taxonomy":"product_cat","embeddable":true,"href":"https:\/\/mgvpublications.com\/de\/wp-json\/wp\/v2\/product_cat?post=11013"},{"taxonomy":"product_tag","embeddable":true,"href":"https:\/\/mgvpublications.com\/de\/wp-json\/wp\/v2\/product_tag?post=11013"},{"taxonomy":"item","embeddable":true,"href":"https:\/\/mgvpublications.com\/de\/wp-json\/wp\/v2\/item?post=11013"}],"curies":[{"name":"wp","href":"https:\/\/api.w.org\/{rel}","templated":true}]}}