{"id":11011,"date":"2020-12-02T15:43:28","date_gmt":"2020-12-02T14:43:28","guid":{"rendered":"https:\/\/dev2.mgvpublications.com\/produkt\/cagdas-ingiliz-yahudi-kueresel-medeniyeti\/"},"modified":"2022-03-08T22:33:26","modified_gmt":"2022-03-08T21:33:26","slug":"cagdas-ingiliz-yahudi-kueresel-medeniyeti","status":"publish","type":"product","link":"https:\/\/mgvpublications.com\/de\/cagdas-ingiliz-yahudi-kueresel-medeniyeti\/","title":{"rendered":"\u00c7a\u011fda\u015f \u0130ngiliz-Yahudi K\u00fcresel Medeniyeti"},"content":{"rendered":"<p>Yay\u0131n Tarihi: 01.10.2019<br \/>ISBN: 9789759959838<br \/>Dil: T\u00dcRK\u00c7E<br \/>Sayfa Say\u0131s\u0131: 314<br \/>Cilt Tipi: Karton Kapak<br \/>Ka\u011f\u0131t Cinsi: Kitap Ka\u011f\u0131d\u0131<br \/>Boyut: 16.5 x 23.5 cm<\/p>","protected":false},"excerpt":{"rendered":"<p>&#8220;Tarihte topyek\u00fbn insanl\u0131\u011fa h\u00fckmetmi\u015f bir &#8216;B\u00fcy\u00fck Bir\u00e2der&#8217; \u015fekliyle hi\u00e7 kar\u015f\u0131la\u015fmad\u0131k. Peki, bu &#8216;B\u00fcy\u00fck Bir\u00e2der&#8217; insanl\u0131\u011f\u0131, yeni Orwell gibi, \u0130ngiliz olan Aldous Leonhard Huxley&#8217;in, son derece i\u00e7 karart\u0131c\u0131 ve k\u00f6t\u00fcmserlik a\u015f\u0131layan 1932 bask\u0131s\u0131 &#8216;Yi\u011fit Yeni D\u00fcnya&#8217; u\u00e7urumuna m\u0131 s\u00fcr\u00fcklemektedir? G\u00fcn\u00fcm\u00fczdeki \u015fartlar\u0131n da bunlar\u0131n sebep olduklar\u0131 dev sorunlar\u0131n da m\u00fcellifi \u0130ngiliz-Yahud\u00ee medeniyeti oldu\u011funa g\u00f6re, bunun tasv\u00eerini sunup onu te\u015frih masas\u0131na yat\u0131racak olan da \u0130ngiliz &#8211; ve\/ya Yahud\u00ee &#8211; d\u00fc\u015f\u00fcn\u00fcr\u00fc olmal\u0131d\u0131r. \u0130\u015fte, gerek George Orwell ile Aldous Huxley&#8217;de gerekse Karl Marx&#8217;da bu \u00e7al\u0131\u015fmada nedenleriyle birlikte sergileme\u011fe \u00e7aba harcam\u0131\u015f oldu\u011fumuz, bug\u00fcn d\u00fcnyay\u0131 ve insanl\u0131\u011f\u0131 sarm\u0131\u015f dev sorunlar\u0131n halledilmesi i\u00e7in elzem g\u00f6z\u00fcken &#8216;\u00c7a\u011fda\u015f \u0130ngiliz-Yahud\u00ee medeniyetine se\u00e7enek olu\u015fturabilecek yeni bir medeniyet bi\u00e7imini ortaya \u00e7\u0131karman\u0131n zihn\u00ee ile madd\u00ee zemini var m\u0131d\u0131r?&#8217; sorusunun cevab\u0131n\u0131 kimden bekleyece\u011fiz?&#8221;<\/p>","protected":false},"featured_media":21889,"template":"","meta":{"spay_email":""},"product_cat":[173],"product_tag":[],"item":[356],"acf":[],"_links":{"self":[{"href":"https:\/\/mgvpublications.com\/de\/wp-json\/wp\/v2\/product\/11011"}],"collection":[{"href":"https:\/\/mgvpublications.com\/de\/wp-json\/wp\/v2\/product"}],"about":[{"href":"https:\/\/mgvpublications.com\/de\/wp-json\/wp\/v2\/types\/product"}],"wp:featuredmedia":[{"embeddable":true,"href":"https:\/\/mgvpublications.com\/de\/wp-json\/wp\/v2\/media\/21889"}],"wp:attachment":[{"href":"https:\/\/mgvpublications.com\/de\/wp-json\/wp\/v2\/media?parent=11011"}],"wp:term":[{"taxonomy":"product_cat","embeddable":true,"href":"https:\/\/mgvpublications.com\/de\/wp-json\/wp\/v2\/product_cat?post=11011"},{"taxonomy":"product_tag","embeddable":true,"href":"https:\/\/mgvpublications.com\/de\/wp-json\/wp\/v2\/product_tag?post=11011"},{"taxonomy":"item","embeddable":true,"href":"https:\/\/mgvpublications.com\/de\/wp-json\/wp\/v2\/item?post=11011"}],"curies":[{"name":"wp","href":"https:\/\/api.w.org\/{rel}","templated":true}]}}