{"id":11006,"date":"2020-03-28T00:02:06","date_gmt":"2020-03-27T23:02:06","guid":{"rendered":"https:\/\/dev2.mgvpublications.com\/produkt\/baskanin-goezleri-cia\/"},"modified":"2022-03-08T22:33:25","modified_gmt":"2022-03-08T21:33:25","slug":"baskanin-goezleri-cia","status":"publish","type":"product","link":"https:\/\/mgvpublications.com\/de\/baskanin-goezleri-cia\/","title":{"rendered":"Ba\u015fkan\u0131n G\u00f6zleri: CIA"},"content":{"rendered":"<p>Yay\u0131n Tarihi\t2020-02-10<br \/>\nISBN\t6050832358<br \/>\nBask\u0131 Say\u0131s\u0131\t1. Bask\u0131<br \/>\nDil\tT\u00dcRK\u00c7E<br \/>\nSayfa Say\u0131s\u0131\t592<br \/>\nCilt Tipi\tKarton Kapak<br \/>\nKa\u011f\u0131t Cinsi\tKitap Ka\u011f\u0131d\u0131<br \/>\nBoyut\t13.5 x 21 cm<\/p>","protected":false},"excerpt":{"rendered":"<p>Gizli servisler, ajanlar, casuslar\u2026<\/p>\n<p>Kar\u015f\u0131la\u015ft\u0131\u011f\u0131m\u0131zda zihnimizde k\u0131v\u0131lc\u0131mlar \u00e7akt\u0131ran ve komplo \u00e7arklar\u0131n\u0131 d\u00f6nd\u00fcrmeye ba\u015flayan bu \u00fc\u00e7 kavram edebiyat, sinema ve pop\u00fcler k\u00fclt\u00fcr\u00fcn yan\u0131 s\u0131ra tarihin de ba\u015f akt\u00f6r\u00fc oldu. Persler taraf\u0131ndan \u201cKral\u0131n g\u00f6zleri ve kulaklar\u0131\u201d olarak adland\u0131r\u0131lan ve iktidar i\u00e7in tehdit olabilecek olas\u0131 tehlikelere kar\u015f\u0131 g\u00f6zlerini d\u00f6rt a\u00e7an g\u00f6revlilerden bu yana istihbarat, ya\u015fam\u0131n \u00f6nemli bir par\u00e7as\u0131na d\u00f6n\u00fc\u015ft\u00fc.<\/p>\n<p>\u00c7inli bilge Sun Tzu, M\u00d6 5. y\u00fczy\u0131lda \u201cD\u00fc\u015fman\u0131n\u0131 bilen, kendini bilir.\u201d diyerek istihbarat\u0131n fikir babal\u0131\u011f\u0131na soyunmu\u015f olsa da gizli bilgi toplama i\u015fi, 19. y\u00fczy\u0131la kadar amat\u00f6rler taraf\u0131ndan ve acemice y\u00fcr\u00fct\u00fcld\u00fc. Birinci D\u00fcnya Sava\u015f\u0131\u2019nda saha kenar\u0131nda ufak ufak \u0131s\u0131nmaya ba\u015flayan istihbarat\u00e7\u0131lar, \u0130kinci D\u00fcnya Sava\u015f\u0131\u2019yla birlikte tam kadro sahaya indi ve onu izleyen So\u011fuk Sava\u015f\u2019tan itibaren de \u015fampiyonluk i\u00e7in k\u0131yas\u0131ya bir m\u00fccadeleye giri\u015ftiler. 20. y\u00fczy\u0131lda istihbarat sava\u015flar\u0131na damgas\u0131n\u0131 vuran CIA, bitmek t\u00fckenmek bilmeyen bu m\u00fccadelenin en \u00f6nemli akt\u00f6rlerinden biri olmay\u0131 s\u00fcrd\u00fcr\u00fcyor.<\/p>\n<p>Ali \u00c7imen\u2019in Ba\u015fkan\u0131n G\u00f6zleri \/ CIA ad\u0131n\u0131 verdi\u011fi bu \u00e7al\u0131\u015fmas\u0131yla CIA\u2019in \u00f6nce hangi \u015fartlarda ve ni\u00e7in kuruldu\u011funu g\u00f6recek, kurucu akt\u00f6rlerini tan\u0131yacak ve emekleme a\u015famas\u0131na \u015fahit olacaks\u0131n\u0131z. Akabinde So\u011fuk Sava\u015f\u2019la birlikte nas\u0131l h\u0131zla serpildi\u011fini izleyecek, kendisine \u201cinsan haklar\u0131 ve demokrasiyi savunmak ve yayg\u0131nla\u015ft\u0131rmak\u201d gibi bir misyon bi\u00e7en ABD ad\u0131na G\u00fcney Amerika\u2019dan Himalayalar\u2019a, Ortado\u011fu\u2019dan Uzak Do\u011fu\u2019ya yay\u0131lan bir co\u011frafyada \u015fekillenen heyecan verici hikayesini okuyacaks\u0131n\u0131z.<\/p>","protected":false},"featured_media":11007,"template":"","meta":{"spay_email":""},"product_cat":[180,173],"product_tag":[],"item":[360],"acf":[],"_links":{"self":[{"href":"https:\/\/mgvpublications.com\/de\/wp-json\/wp\/v2\/product\/11006"}],"collection":[{"href":"https:\/\/mgvpublications.com\/de\/wp-json\/wp\/v2\/product"}],"about":[{"href":"https:\/\/mgvpublications.com\/de\/wp-json\/wp\/v2\/types\/product"}],"wp:featuredmedia":[{"embeddable":true,"href":"https:\/\/mgvpublications.com\/de\/wp-json\/wp\/v2\/media\/11007"}],"wp:attachment":[{"href":"https:\/\/mgvpublications.com\/de\/wp-json\/wp\/v2\/media?parent=11006"}],"wp:term":[{"taxonomy":"product_cat","embeddable":true,"href":"https:\/\/mgvpublications.com\/de\/wp-json\/wp\/v2\/product_cat?post=11006"},{"taxonomy":"product_tag","embeddable":true,"href":"https:\/\/mgvpublications.com\/de\/wp-json\/wp\/v2\/product_tag?post=11006"},{"taxonomy":"item","embeddable":true,"href":"https:\/\/mgvpublications.com\/de\/wp-json\/wp\/v2\/item?post=11006"}],"curies":[{"name":"wp","href":"https:\/\/api.w.org\/{rel}","templated":true}]}}