{"id":11002,"date":"2020-03-27T23:56:31","date_gmt":"2020-03-27T22:56:31","guid":{"rendered":"https:\/\/dev2.mgvpublications.com\/produkt\/kerbela-sehidi-hz-hueseyin\/"},"modified":"2022-03-08T22:33:25","modified_gmt":"2022-03-08T21:33:25","slug":"kerbela-sehidi-hz-hueseyin","status":"publish","type":"product","link":"https:\/\/mgvpublications.com\/de\/kerbela-sehidi-hz-hueseyin\/","title":{"rendered":"Kerbela \u015eehidi Hz. H\u00fcseyin"},"content":{"rendered":"<p>Yay\u0131n Tarihi\t2017-06-15<br \/>\nISBN\t9752613898<br \/>\nBask\u0131 Say\u0131s\u0131\t1. Bask\u0131<br \/>\nDil\tT\u00dcRK\u00c7E<br \/>\nSayfa Say\u0131s\u0131\t168<br \/>\nCilt Tipi\tKarton Kapak<br \/>\nKa\u011f\u0131t Cinsi\tKitap Ka\u011f\u0131d\u0131<br \/>\nBoyut\t13.5 x 21 cm<\/p>","protected":false},"excerpt":{"rendered":"<p>Hz. H\u00fcseyin\u2019in \u00e7ocuklu\u011fu, Sevgili Peygamberimizle (a.s.m.) ge\u00e7ti. \u201cCennet ehlinin s\u00fcs\u00fc\u201d dedi\u011fi torununu g\u00f6rd\u00fc\u011f\u00fcnde y\u00fcz\u00fcnde g\u00fcller a\u00e7an Efendimiz, onu sevip ok\u015far, oyunlar oynard\u0131.<\/p>\n<p>Yedi ya\u015f\u0131nda ac\u0131n\u0131n en b\u00fcy\u00fc\u011f\u00fcn\u00fc ya\u015fayan Hz. H\u00fcseyin, k\u00fc\u00e7\u00fcc\u00fck bir \u00e7ocukken \u00f6nce can\u0131ndan \u00e7ok sevdi\u011fi dedesinden, alt\u0131 ay sonra annesinden ayr\u0131ld\u0131.<\/p>\n<p>Peygamber ahlak\u0131yla ahlaklanan Hz. H\u00fcseyin, takvada zirveydi. Hayat\u0131n\u0131n her karesinde Allah ve Ras\u00fbl\u00fc\u2019n\u00fcn r\u0131zas\u0131n\u0131 \u00f6ncelemi\u015fti.<\/p>\n<p>Son derece m\u00fctevaz\u0131, insanlar\u0131 hayrete d\u00fc\u015f\u00fcrecek kadar c\u00f6mertti.<\/p>\n<p>Babas\u0131 gibi cesaret timsali bir kahramand\u0131. Yeri geldi\u011finde \u00f6l\u00fcme meydan okumaktan ka\u00e7\u0131nmazd\u0131.<\/p>\n<p>Son derece kararl\u0131yd\u0131. Do\u011fru bildi\u011fi \u015feyi yapmak i\u00e7in hi\u00e7 bir \u015fey ona engel olamazd\u0131.<\/p>\n<p>\u00c7ok zeki ve haz\u0131r cevapt\u0131. Verdi\u011fi cevaplarla has\u0131mlar\u0131n\u0131 \u015fa\u015fk\u0131na \u00e7evirirdi.<\/p>\n<p>Adalet duygusu y\u00fcksekti. Bunun i\u00e7in sonunda \u00f6l\u00fcm oldu\u011funu bile bile Yez\u00eed\u2019in halifeli\u011fine kar\u015f\u0131 \u00e7\u0131kt\u0131. \u0130hanete u\u011framas\u0131na ra\u011fmen m\u00fccadelesini sonuna kadar s\u00fcrd\u00fcrd\u00fc.<\/p>\n<p>Bu kitap, Hz. H\u00fcseyin\u2019in hayat\u0131n\u0131, d\u00fcnya cazibesine kap\u0131lmay\u0131p ebedi saltanata talip olu\u015funu, \u00fcmmetin selameti i\u00e7in can\u0131n\u0131 ortaya koyu\u015funu ve Kerbela\u2019da ac\u0131mas\u0131zca \u015fehit edili\u015fini anlat\u0131yor.<\/p>","protected":false},"featured_media":11003,"template":"","meta":{"spay_email":""},"product_cat":[174,170],"product_tag":[],"item":[692],"acf":[],"_links":{"self":[{"href":"https:\/\/mgvpublications.com\/de\/wp-json\/wp\/v2\/product\/11002"}],"collection":[{"href":"https:\/\/mgvpublications.com\/de\/wp-json\/wp\/v2\/product"}],"about":[{"href":"https:\/\/mgvpublications.com\/de\/wp-json\/wp\/v2\/types\/product"}],"wp:featuredmedia":[{"embeddable":true,"href":"https:\/\/mgvpublications.com\/de\/wp-json\/wp\/v2\/media\/11003"}],"wp:attachment":[{"href":"https:\/\/mgvpublications.com\/de\/wp-json\/wp\/v2\/media?parent=11002"}],"wp:term":[{"taxonomy":"product_cat","embeddable":true,"href":"https:\/\/mgvpublications.com\/de\/wp-json\/wp\/v2\/product_cat?post=11002"},{"taxonomy":"product_tag","embeddable":true,"href":"https:\/\/mgvpublications.com\/de\/wp-json\/wp\/v2\/product_tag?post=11002"},{"taxonomy":"item","embeddable":true,"href":"https:\/\/mgvpublications.com\/de\/wp-json\/wp\/v2\/item?post=11002"}],"curies":[{"name":"wp","href":"https:\/\/api.w.org\/{rel}","templated":true}]}}