{"id":10996,"date":"2020-12-02T15:43:27","date_gmt":"2020-12-02T14:43:27","guid":{"rendered":"https:\/\/dev2.mgvpublications.com\/produkt\/ehl-i-beytin-annesi-hz-fatima\/"},"modified":"2022-03-08T22:33:25","modified_gmt":"2022-03-08T21:33:25","slug":"ehl-i-beytin-annesi-hz-fatima","status":"publish","type":"product","link":"https:\/\/mgvpublications.com\/de\/ehl-i-beytin-annesi-hz-fatima\/","title":{"rendered":"Ehl-i Beyt&#8217;in Annesi Hz. Fat\u0131ma"},"content":{"rendered":"<p>Yay\u0131n Tarihi: 11.01.2017<br \/>ISBN: 9789752613843<br \/>Dil: T\u00dcRK\u00c7E<br \/>Sayfa Say\u0131s\u0131: 184<br \/>Cilt Tipi: Karton Kapak<br \/>Ka\u011f\u0131t Cinsi: Kitap Ka\u011f\u0131d\u0131<br \/>Boyut: 13.5 x 21 cm<\/p>","protected":false},"excerpt":{"rendered":"<p>En Sevgili\u2019nin kendisini \u00fcmmetine \u201cFat\u0131ma benden bir par\u00e7ad\u0131r. Onu seven beni sevmi\u015f, ona d\u00fc\u015fmanl\u0131k eden bana da d\u00fc\u015fmanl\u0131k etmi\u015f olur\u201d s\u00f6zleriyle tan\u0131tt\u0131\u011f\u0131 gonca&#8230; Bu kitap, Hz. Fat\u0131ma\u2019n\u0131n hayat\u0131n\u0131, edep ve hay\u00e2s\u0131n\u0131, d\u00fcnyan\u0131n cazibesine kap\u0131lmadan e\u015fsiz bir dava bilinciyle ya\u015fay\u0131p bu bilin\u00e7le sonsuzlu\u011fa y\u00fcr\u00fcy\u00fc\u015f\u00fcn\u00fc anlat\u0131yor.<\/p>","protected":false},"featured_media":20200,"template":"","meta":{"spay_email":""},"product_cat":[174],"product_tag":[],"item":[962],"acf":[],"_links":{"self":[{"href":"https:\/\/mgvpublications.com\/de\/wp-json\/wp\/v2\/product\/10996"}],"collection":[{"href":"https:\/\/mgvpublications.com\/de\/wp-json\/wp\/v2\/product"}],"about":[{"href":"https:\/\/mgvpublications.com\/de\/wp-json\/wp\/v2\/types\/product"}],"wp:featuredmedia":[{"embeddable":true,"href":"https:\/\/mgvpublications.com\/de\/wp-json\/wp\/v2\/media\/20200"}],"wp:attachment":[{"href":"https:\/\/mgvpublications.com\/de\/wp-json\/wp\/v2\/media?parent=10996"}],"wp:term":[{"taxonomy":"product_cat","embeddable":true,"href":"https:\/\/mgvpublications.com\/de\/wp-json\/wp\/v2\/product_cat?post=10996"},{"taxonomy":"product_tag","embeddable":true,"href":"https:\/\/mgvpublications.com\/de\/wp-json\/wp\/v2\/product_tag?post=10996"},{"taxonomy":"item","embeddable":true,"href":"https:\/\/mgvpublications.com\/de\/wp-json\/wp\/v2\/item?post=10996"}],"curies":[{"name":"wp","href":"https:\/\/api.w.org\/{rel}","templated":true}]}}