{"id":10976,"date":"2020-12-02T15:43:27","date_gmt":"2020-12-02T14:43:27","guid":{"rendered":"https:\/\/dev2.mgvpublications.com\/produkt\/babasinin-suesue-hz-zeyneb\/"},"modified":"2022-03-08T22:33:25","modified_gmt":"2022-03-08T21:33:25","slug":"babasinin-suesue-hz-zeyneb","status":"publish","type":"product","link":"https:\/\/mgvpublications.com\/de\/babasinin-suesue-hz-zeyneb\/","title":{"rendered":"Babas\u0131n\u0131n S\u00fcs\u00fc Hz. Zeyneb"},"content":{"rendered":"<p>Yay\u0131n Tarihi: 05.11.2016<br \/>ISBN: 9789752613690<br \/>Dil: T\u00dcRK\u00c7E<br \/>Sayfa Say\u0131s\u0131: 151<br \/>Cilt Tipi: Karton Kapak<br \/>Ka\u011f\u0131t Cinsi: Kitap Ka\u011f\u0131d\u0131<br \/>Boyut: 14 x 21 cm<\/p>","protected":false},"excerpt":{"rendered":"<p>Hz. Zeyneb, Efendimizin (a.s.m.) ilk goncas\u0131, &#8220;babas\u0131n\u0131n s\u00fcs\u00fc&#8221;yd\u00fc. D\u00fcnyan\u0131n en m\u00fckemmel anne-babas\u0131n\u0131n terbiyesi alt\u0131nda vahiy atmosferi i\u00e7inde b\u00fcy\u00fcd\u00fc. Gen\u00e7lik \u00e7a\u011f\u0131n\u0131n ba\u015flar\u0131nda annesinin davetiyle ilk M\u00fcsl\u00fcmanlardan olma \u015ferefine erdi. Mekkeli m\u00fc\u015friklerin bask\u0131 ve i\u015fkencelerine ald\u0131rmadan \u0130slam davet m\u00fccadelesinde aktif olarak yer ald\u0131. E\u015fsiz bir cesaretle babas\u0131na yard\u0131ma ko\u015farak m\u00fc\u015friklerin kar\u015f\u0131s\u0131na kahramanca dikildi. En zor imtihanlardan ge\u00e7ti ama iman\u0131ndan asla taviz vermedi. i\u015fkencelere maruz kald\u0131, devesinden d\u00fc\u015f\u00fcr\u00fclerek karn\u0131ndaki \u00e7ocu\u011fu katledildi. Alemlerin Efendisi olan babas\u0131, &#8220;O benim en de\u011ferli k\u0131z\u0131md\u0131r. O benim i\u00e7in yaraland\u0131&#8221; buyurarak onu taltif etti. E\u015fini \u00e7ok sevdi. Ama bu sevgi onu inanc\u0131n\u0131n gere\u011fini yapmaktan al\u0131koymad\u0131. \u00c7ok arzu etti\u011fi halde e\u015finin \u0130slam&#8217;a kar\u015f\u0131 mesafeli duru\u015fu onu iki sevgi aras\u0131nda b\u0131rakt\u0131. \u0130kisinden de vazge\u00e7medi. Onun pay\u0131na hep hasret, h\u00fcz\u00fcn ve g\u00f6zya\u015f\u0131 d\u00fc\u015ft\u00fc. Sabr\u0131, sebat\u0131, akl\u0131, feraseti ve cesareti sayesinde ikisini de kazand\u0131.<\/p>","protected":false},"featured_media":22018,"template":"","meta":{"spay_email":""},"product_cat":[174],"product_tag":[],"item":[962],"acf":[],"_links":{"self":[{"href":"https:\/\/mgvpublications.com\/de\/wp-json\/wp\/v2\/product\/10976"}],"collection":[{"href":"https:\/\/mgvpublications.com\/de\/wp-json\/wp\/v2\/product"}],"about":[{"href":"https:\/\/mgvpublications.com\/de\/wp-json\/wp\/v2\/types\/product"}],"wp:featuredmedia":[{"embeddable":true,"href":"https:\/\/mgvpublications.com\/de\/wp-json\/wp\/v2\/media\/22018"}],"wp:attachment":[{"href":"https:\/\/mgvpublications.com\/de\/wp-json\/wp\/v2\/media?parent=10976"}],"wp:term":[{"taxonomy":"product_cat","embeddable":true,"href":"https:\/\/mgvpublications.com\/de\/wp-json\/wp\/v2\/product_cat?post=10976"},{"taxonomy":"product_tag","embeddable":true,"href":"https:\/\/mgvpublications.com\/de\/wp-json\/wp\/v2\/product_tag?post=10976"},{"taxonomy":"item","embeddable":true,"href":"https:\/\/mgvpublications.com\/de\/wp-json\/wp\/v2\/item?post=10976"}],"curies":[{"name":"wp","href":"https:\/\/api.w.org\/{rel}","templated":true}]}}