{"id":10972,"date":"2020-12-02T15:43:27","date_gmt":"2020-12-02T14:43:27","guid":{"rendered":"https:\/\/dev2.mgvpublications.com\/produkt\/peygamberin-s-a-v-genc-arkadaslari-2-medine-gencleri\/"},"modified":"2022-03-08T22:33:24","modified_gmt":"2022-03-08T21:33:24","slug":"peygamberin-s-a-v-genc-arkadaslari-2-medine-gencleri","status":"publish","type":"product","link":"https:\/\/mgvpublications.com\/de\/peygamberin-s-a-v-genc-arkadaslari-2-medine-gencleri\/","title":{"rendered":"Peygamberin (s.a.v.) Gen\u00e7 Arkada\u015flar\u0131 2 \/ Medine Gen\u00e7leri"},"content":{"rendered":"<p>Yay\u0131n Tarihi: 08.03.2012<br \/>ISBN: 9789752611917<br \/>Dil: T\u00dcRK\u00c7E<br \/>Sayfa Say\u0131s\u0131: 192<br \/>Cilt Tipi: Karton Kapak<br \/>Ka\u011f\u0131t Cinsi: Kitap Ka\u011f\u0131d\u0131<br \/>Boyut: 13.5 x 19.5 cm<\/p>","protected":false},"excerpt":{"rendered":"<p>Birincisinde, Mekke gen\u00e7lerinden \u00f6rnekler verdi\u011fimiz Peygamberin Gen\u00e7 Arkada\u015flar\u0131 adl\u0131 iki kitapl\u0131k dizinin ikinci ve son kitab\u0131nda, Allah\u2019\u0131n El\u00e7isi\u2019ne (asm) Medine\u2019de arkada\u015f olmu\u015f gen\u00e7 sahabilerden baz\u0131lar\u0131n\u0131 konu edindik&#8230; Kitab\u0131n sayfalar\u0131 aras\u0131nda, gen\u00e7 sahabileri kendinize yak\u0131n hissedece\u011finiz ve onlar\u0131n m\u00fcthi\u015f hayatlar\u0131ndan kendi hayatlar\u0131n\u0131za, y\u00f6n verecek hat\u0131ralar okuyacaks\u0131n\u0131z&#8230;<\/p>","protected":false},"featured_media":18942,"template":"","meta":{"spay_email":""},"product_cat":[174],"product_tag":[],"item":[692],"acf":[],"_links":{"self":[{"href":"https:\/\/mgvpublications.com\/de\/wp-json\/wp\/v2\/product\/10972"}],"collection":[{"href":"https:\/\/mgvpublications.com\/de\/wp-json\/wp\/v2\/product"}],"about":[{"href":"https:\/\/mgvpublications.com\/de\/wp-json\/wp\/v2\/types\/product"}],"wp:featuredmedia":[{"embeddable":true,"href":"https:\/\/mgvpublications.com\/de\/wp-json\/wp\/v2\/media\/18942"}],"wp:attachment":[{"href":"https:\/\/mgvpublications.com\/de\/wp-json\/wp\/v2\/media?parent=10972"}],"wp:term":[{"taxonomy":"product_cat","embeddable":true,"href":"https:\/\/mgvpublications.com\/de\/wp-json\/wp\/v2\/product_cat?post=10972"},{"taxonomy":"product_tag","embeddable":true,"href":"https:\/\/mgvpublications.com\/de\/wp-json\/wp\/v2\/product_tag?post=10972"},{"taxonomy":"item","embeddable":true,"href":"https:\/\/mgvpublications.com\/de\/wp-json\/wp\/v2\/item?post=10972"}],"curies":[{"name":"wp","href":"https:\/\/api.w.org\/{rel}","templated":true}]}}