{"id":10968,"date":"2020-12-02T15:43:26","date_gmt":"2020-12-02T14:43:26","guid":{"rendered":"https:\/\/dev2.mgvpublications.com\/produkt\/muhammed-ali-oernek-insanlar-dizisi-3\/"},"modified":"2022-03-08T22:33:24","modified_gmt":"2022-03-08T21:33:24","slug":"muhammed-ali-oernek-insanlar-dizisi-3","status":"publish","type":"product","link":"https:\/\/mgvpublications.com\/de\/muhammed-ali-oernek-insanlar-dizisi-3\/","title":{"rendered":"Muhammed Ali \/ \u00d6rnek \u0130nsanlar Dizisi 3"},"content":{"rendered":"<p>Yay\u0131n Tarihi: 27.02.2013<br \/>ISBN: 9786055523701<br \/>Dil: T\u00dcRK\u00c7E<br \/>Sayfa Say\u0131s\u0131: 96<br \/>Cilt Tipi: Karton Kapak<br \/>Ka\u011f\u0131t Cinsi: Kitap Ka\u011f\u0131d\u0131<br \/>Boyut: 13.5 x 21 cm<\/p>","protected":false},"excerpt":{"rendered":"<p>Muhammed Ali, sadece ringlerde yumruklar\u0131n\u0131 konu\u015fturan ba\u015far\u0131l\u0131 bir sporcu de\u011fildi&#8230; Ger\u00e7ek bir boks efsanesi olarak ringlere, b\u00fct\u00fcn mazlumlar\u0131n, b\u00fct\u00fcn ezilenlerin ve hor g\u00f6r\u00fclenlerin sevgilisi olarak veda etti. Sadece bir sporcu olarak de\u011fil, m\u00fcthi\u015f bir insan olarak da milyonlarca gence \u00f6rnek oldu..<\/p>","protected":false},"featured_media":22591,"template":"","meta":{"spay_email":""},"product_cat":[1352],"product_tag":[],"item":[692],"acf":[],"_links":{"self":[{"href":"https:\/\/mgvpublications.com\/de\/wp-json\/wp\/v2\/product\/10968"}],"collection":[{"href":"https:\/\/mgvpublications.com\/de\/wp-json\/wp\/v2\/product"}],"about":[{"href":"https:\/\/mgvpublications.com\/de\/wp-json\/wp\/v2\/types\/product"}],"wp:featuredmedia":[{"embeddable":true,"href":"https:\/\/mgvpublications.com\/de\/wp-json\/wp\/v2\/media\/22591"}],"wp:attachment":[{"href":"https:\/\/mgvpublications.com\/de\/wp-json\/wp\/v2\/media?parent=10968"}],"wp:term":[{"taxonomy":"product_cat","embeddable":true,"href":"https:\/\/mgvpublications.com\/de\/wp-json\/wp\/v2\/product_cat?post=10968"},{"taxonomy":"product_tag","embeddable":true,"href":"https:\/\/mgvpublications.com\/de\/wp-json\/wp\/v2\/product_tag?post=10968"},{"taxonomy":"item","embeddable":true,"href":"https:\/\/mgvpublications.com\/de\/wp-json\/wp\/v2\/item?post=10968"}],"curies":[{"name":"wp","href":"https:\/\/api.w.org\/{rel}","templated":true}]}}