{"id":10966,"date":"2020-03-27T15:10:39","date_gmt":"2020-03-27T14:10:39","guid":{"rendered":"https:\/\/dev2.mgvpublications.com\/produkt\/aliya-izzetbegovic-oernek-insanlar-dizisi-4\/"},"modified":"2022-03-08T22:33:22","modified_gmt":"2022-03-08T21:33:22","slug":"aliya-izzetbegovic-oernek-insanlar-dizisi-4","status":"publish","type":"product","link":"https:\/\/mgvpublications.com\/de\/aliya-izzetbegovic-oernek-insanlar-dizisi-4\/","title":{"rendered":"Aliya \u0130zzetbegovi\u00e7 \/ \u00d6rnek \u0130nsanlar Dizisi 4"},"content":{"rendered":"<p>Yay\u0131n Tarihi: 26.03.2016<br \/>ISBN: 9789752613263<br \/>Dil: T\u00dcRK\u00c7E<br \/>Sayfa Say\u0131s\u0131: 83<br \/>Cilt Tipi: Karton Kapak<br \/>Ka\u011f\u0131t Cinsi: Kitap Ka\u011f\u0131d\u0131<br \/>Boyut: 14 x 21 cm<\/p>","protected":false},"excerpt":{"rendered":"<p>Aliya s\u0131radan bir Bo\u015fnak ailesinde do\u011fmu\u015f s\u0131radan bir \u00e7ocuktu. Fakat onu s\u0131rad\u0131\u015f\u0131 yapacak sevgi ve merhamet dolu bir kalbi, cesaret ve kararl\u0131l\u0131k dolu bir karakteri vard\u0131. Daha k\u00fc\u00e7\u00fcc\u00fck yasalar\u0131ndan itibaren dinine sahip \u00e7\u0131km\u0131\u015f ve b\u00fcy\u00fcd\u00fc\u011f\u00fcnde de inand\u0131\u011f\u0131 de\u011ferler u\u011fruna her t\u00fcrl\u00fc fedakarl\u0131\u011f\u0131 g\u00f6stermi\u015fti. T\u0131pk\u0131 Yusuf peygamber gibi zindanlara d\u00fc\u015fm\u00fc\u015f ve sonras\u0131nda \u00fclkesinin lideri olmu\u015ftu. \u00d6mr\u00fc boyunca ac\u0131, \u00e7ile ve hasret ile imtihan olmu\u015ftu. Ama hayallerinden asla vazge\u00e7memi\u015fti. Yat\u0131yor, kalk\u0131yor Bosna diyor, Bosna say\u0131kl\u0131yordu&#8230; Bosna onun i\u00e7in bir sevda, gizli bir yarayd\u0131 hep. Onun Bosna&#8217;ya olan sevgisi ve eme\u011fi \u00f6zg\u00fcrl\u00fc\u011f\u00fc getirmi\u015f, Aliya \u00fclkesini ba\u011f\u0131ms\u0131zl\u0131\u011fa ta\u015f\u0131m\u0131\u015ft\u0131. &#8220;Bu kitap ger\u00e7ek bir hayat hik\u00e2yesi de\u011fil de hayal \u00fcr\u00fcn\u00fc bir roman olsayd\u0131, baz\u0131lar\u0131m\u0131\/ onu, &#8216;kesinlikle \u00e7ok abart\u0131l\u0131* bulacakt\u0131&#8230;<\/p>","protected":false},"featured_media":20861,"template":"","meta":{"spay_email":""},"product_cat":[173],"product_tag":[],"item":[692],"acf":[],"_links":{"self":[{"href":"https:\/\/mgvpublications.com\/de\/wp-json\/wp\/v2\/product\/10966"}],"collection":[{"href":"https:\/\/mgvpublications.com\/de\/wp-json\/wp\/v2\/product"}],"about":[{"href":"https:\/\/mgvpublications.com\/de\/wp-json\/wp\/v2\/types\/product"}],"wp:featuredmedia":[{"embeddable":true,"href":"https:\/\/mgvpublications.com\/de\/wp-json\/wp\/v2\/media\/20861"}],"wp:attachment":[{"href":"https:\/\/mgvpublications.com\/de\/wp-json\/wp\/v2\/media?parent=10966"}],"wp:term":[{"taxonomy":"product_cat","embeddable":true,"href":"https:\/\/mgvpublications.com\/de\/wp-json\/wp\/v2\/product_cat?post=10966"},{"taxonomy":"product_tag","embeddable":true,"href":"https:\/\/mgvpublications.com\/de\/wp-json\/wp\/v2\/product_tag?post=10966"},{"taxonomy":"item","embeddable":true,"href":"https:\/\/mgvpublications.com\/de\/wp-json\/wp\/v2\/item?post=10966"}],"curies":[{"name":"wp","href":"https:\/\/api.w.org\/{rel}","templated":true}]}}