{"id":10964,"date":"2020-12-02T15:43:25","date_gmt":"2020-12-02T14:43:25","guid":{"rendered":"https:\/\/dev2.mgvpublications.com\/produkt\/seyh-samil-kafkas-kartali-oernek-insanlar-dizisi-5\/"},"modified":"2022-03-08T22:33:22","modified_gmt":"2022-03-08T21:33:22","slug":"seyh-samil-kafkas-kartali-oernek-insanlar-dizisi-5","status":"publish","type":"product","link":"https:\/\/mgvpublications.com\/de\/seyh-samil-kafkas-kartali-oernek-insanlar-dizisi-5\/","title":{"rendered":"\u015eeyh \u015eamil Kafkas Kartal\u0131 \/ \u00d6rnek \u0130nsanlar Dizisi 5"},"content":{"rendered":"<p>Yay\u0131n Tarihi: 07.11.2016<br \/>ISBN: 9789752613706<br \/>Dil: T\u00dcRK\u00c7E<br \/>Sayfa Say\u0131s\u0131: 144<br \/>Cilt Tipi: Karton Kapak<br \/>Ka\u011f\u0131t Cinsi: Kitap Ka\u011f\u0131d\u0131<br \/>Boyut: 13.5 x 21 cm<\/p>","protected":false},"excerpt":{"rendered":"<p>1800\u2019l\u00fc y\u0131llar. D\u00f6nemin s\u00fcper g\u00fcc\u00fc Rusya\u2019ya kafa tutan bir avu\u00e7 halk ve e\u015fi benzeri g\u00f6r\u00fclmemi\u015f bir direni\u015f&#8230; Ve bu destans\u0131 ve kutsal direni\u015fin lideri \u015eamil. Ruslar\u2019a y\u0131llarca k\u00f6k s\u00f6kt\u00fcren \u015eamil. D\u00fcnyaya meydan okuyan, iman dolu dev \u015eamil. Esaretin d\u00fc\u015fman\u0131, \u00f6zg\u00fcrl\u00fck sevdal\u0131s\u0131 \u015eamil. Hik\u00e2yesi y\u00fczy\u0131llar\u0131 a\u015fan, ilham y\u00fckl\u00fc koca \u00e7\u0131nar \u015eamil. Mertli\u011fin ve zaferin destan\u0131n\u0131 yazan \u015eamil. N\u00e2m-\u0131 di\u011fer Kafkas Kartal\u0131 \u015eeyh \u015eamil!<\/p>","protected":false},"featured_media":22594,"template":"","meta":{"spay_email":""},"product_cat":[174],"product_tag":[],"item":[962],"acf":[],"_links":{"self":[{"href":"https:\/\/mgvpublications.com\/de\/wp-json\/wp\/v2\/product\/10964"}],"collection":[{"href":"https:\/\/mgvpublications.com\/de\/wp-json\/wp\/v2\/product"}],"about":[{"href":"https:\/\/mgvpublications.com\/de\/wp-json\/wp\/v2\/types\/product"}],"wp:featuredmedia":[{"embeddable":true,"href":"https:\/\/mgvpublications.com\/de\/wp-json\/wp\/v2\/media\/22594"}],"wp:attachment":[{"href":"https:\/\/mgvpublications.com\/de\/wp-json\/wp\/v2\/media?parent=10964"}],"wp:term":[{"taxonomy":"product_cat","embeddable":true,"href":"https:\/\/mgvpublications.com\/de\/wp-json\/wp\/v2\/product_cat?post=10964"},{"taxonomy":"product_tag","embeddable":true,"href":"https:\/\/mgvpublications.com\/de\/wp-json\/wp\/v2\/product_tag?post=10964"},{"taxonomy":"item","embeddable":true,"href":"https:\/\/mgvpublications.com\/de\/wp-json\/wp\/v2\/item?post=10964"}],"curies":[{"name":"wp","href":"https:\/\/api.w.org\/{rel}","templated":true}]}}