{"id":10960,"date":"2020-12-02T15:43:25","date_gmt":"2020-12-02T14:43:25","guid":{"rendered":"https:\/\/dev2.mgvpublications.com\/produkt\/malcolm-x-haci-malik-el-sahbaz-oernek-insanlar-dizisi-1\/"},"modified":"2022-03-08T22:33:22","modified_gmt":"2022-03-08T21:33:22","slug":"malcolm-x-haci-malik-el-sahbaz-oernek-insanlar-dizisi-1","status":"publish","type":"product","link":"https:\/\/mgvpublications.com\/de\/malcolm-x-haci-malik-el-sahbaz-oernek-insanlar-dizisi-1\/","title":{"rendered":"Malcolm X &#8211; Hac\u0131 Malik El-\u015eahbaz \/ \u00d6rnek \u0130nsanlar Dizisi 1"},"content":{"rendered":"<p>Yay\u0131n Tarihi: 26.01.2013<br \/>ISBN: 9786055523664<br \/>Dil: T\u00dcRK\u00c7E<br \/>Sayfa Say\u0131s\u0131: 96<br \/>Cilt Tipi: Karton Kapak<br \/>Ka\u011f\u0131t Cinsi: Kitap Ka\u011f\u0131d\u0131<br \/>Boyut: 13.5 x 21 cm<\/p>","protected":false},"excerpt":{"rendered":"<p>S\u0131rf zenci oldu\u011fu i\u00e7in avukat olma hayalleri \u00f6\u011fretmeni taraf\u0131ndan parampar\u00e7a edilen bir \u00e7ocuk&#8230; Harlem batakhanelerinde, bir gen\u00e7&#8230; Bir hapishanede ge\u00e7irilen yedi uzun gen\u00e7lik y\u0131l\u0131&#8230; Ger\u00e7ek \u0130slamiyet ile bulu\u015fturan bir Hacc yolculu\u011fu&#8230; \u201cBu kitap ger\u00e7ek bir hayat hikayesi de\u011fil de hayal \u00fcr\u00fcn\u00fc bir roman olsayd\u0131, baz\u0131lar\u0131m\u0131z onu, \u2018kesinlikle \u00e7ok abart\u0131l\u0131\u2019 bulacakt\u0131&#8230;\u201d<\/p>","protected":false},"featured_media":22593,"template":"","meta":{"spay_email":""},"product_cat":[169],"product_tag":[],"item":[962],"acf":[],"_links":{"self":[{"href":"https:\/\/mgvpublications.com\/de\/wp-json\/wp\/v2\/product\/10960"}],"collection":[{"href":"https:\/\/mgvpublications.com\/de\/wp-json\/wp\/v2\/product"}],"about":[{"href":"https:\/\/mgvpublications.com\/de\/wp-json\/wp\/v2\/types\/product"}],"wp:featuredmedia":[{"embeddable":true,"href":"https:\/\/mgvpublications.com\/de\/wp-json\/wp\/v2\/media\/22593"}],"wp:attachment":[{"href":"https:\/\/mgvpublications.com\/de\/wp-json\/wp\/v2\/media?parent=10960"}],"wp:term":[{"taxonomy":"product_cat","embeddable":true,"href":"https:\/\/mgvpublications.com\/de\/wp-json\/wp\/v2\/product_cat?post=10960"},{"taxonomy":"product_tag","embeddable":true,"href":"https:\/\/mgvpublications.com\/de\/wp-json\/wp\/v2\/product_tag?post=10960"},{"taxonomy":"item","embeddable":true,"href":"https:\/\/mgvpublications.com\/de\/wp-json\/wp\/v2\/item?post=10960"}],"curies":[{"name":"wp","href":"https:\/\/api.w.org\/{rel}","templated":true}]}}