{"id":10952,"date":"2020-03-27T14:52:08","date_gmt":"2020-03-27T13:52:08","guid":{"rendered":"https:\/\/dev2.mgvpublications.com\/produkt\/kabil\/"},"modified":"2022-03-08T22:33:22","modified_gmt":"2022-03-08T21:33:22","slug":"kabil","status":"publish","type":"product","link":"https:\/\/mgvpublications.com\/de\/kabil\/","title":{"rendered":"Kabil"},"content":{"rendered":"<p>\u00c7evirmen:\tI\u015f\u0131k Erg\u00fcden<br \/>\nYay\u0131n Tarihi\t2019-09-04<br \/>\nOrjinal Ad\u0131\tCaim<br \/>\nISBN\t9944756938<br \/>\nBask\u0131 Say\u0131s\u0131\t23. Bask\u0131<br \/>\nDil\tT\u00dcRK\u00c7E<br \/>\nSayfa Say\u0131s\u0131\t140<br \/>\nCilt Tipi\tKarton Kapak<br \/>\nKa\u011f\u0131t Cinsi\tKitap Ka\u011f\u0131d\u0131<br \/>\nBoyut\t13.5 x 19.5 cm<\/p>","protected":false},"excerpt":{"rendered":"<p>Jos\u00e9 Saramago \u00f6l\u00fcm\u00fcnden \u00f6nce yazd\u0131\u011f\u0131 ve yay\u0131mland\u0131\u011f\u0131 \u00fclkelerde b\u00fcy\u00fck tart\u0131\u015fmalara yol a\u00e7an son roman\u0131nda insanl\u0131\u011f\u0131n kutsal kitaplardaki ba\u015flang\u0131c\u0131na geri d\u00f6n\u00fcyor.<\/p>\n<p>\u00c2dem ile Havva\u2019n\u0131n o\u011flu, karde\u015f katili, \u201cs\u00fcrg\u00fcn ve gezgin\u201d Kabil\u2019le \u00e7\u0131k\u0131lan bu yolculuk, Eski Ahit\u2019in lo\u015f ve tekinsiz diyarlar\u0131nda, zaman ve mek\u00e2n kavramlar\u0131n\u0131 alt\u00fcst ederek, s\u00fcre\u011fen bir \u015fimdiki zaman i\u00e7inde, edebiyatla felsefenin kesi\u015fti\u011fi dar alanlarda dola\u015ft\u0131r\u0131yor okuru.<\/p>","protected":false},"featured_media":10953,"template":"","meta":{"spay_email":""},"product_cat":[168],"product_tag":[],"item":[697],"acf":[],"_links":{"self":[{"href":"https:\/\/mgvpublications.com\/de\/wp-json\/wp\/v2\/product\/10952"}],"collection":[{"href":"https:\/\/mgvpublications.com\/de\/wp-json\/wp\/v2\/product"}],"about":[{"href":"https:\/\/mgvpublications.com\/de\/wp-json\/wp\/v2\/types\/product"}],"wp:featuredmedia":[{"embeddable":true,"href":"https:\/\/mgvpublications.com\/de\/wp-json\/wp\/v2\/media\/10953"}],"wp:attachment":[{"href":"https:\/\/mgvpublications.com\/de\/wp-json\/wp\/v2\/media?parent=10952"}],"wp:term":[{"taxonomy":"product_cat","embeddable":true,"href":"https:\/\/mgvpublications.com\/de\/wp-json\/wp\/v2\/product_cat?post=10952"},{"taxonomy":"product_tag","embeddable":true,"href":"https:\/\/mgvpublications.com\/de\/wp-json\/wp\/v2\/product_tag?post=10952"},{"taxonomy":"item","embeddable":true,"href":"https:\/\/mgvpublications.com\/de\/wp-json\/wp\/v2\/item?post=10952"}],"curies":[{"name":"wp","href":"https:\/\/api.w.org\/{rel}","templated":true}]}}