{"id":10950,"date":"2020-03-27T14:50:18","date_gmt":"2020-03-27T13:50:18","guid":{"rendered":"https:\/\/dev2.mgvpublications.com\/produkt\/yazilamayanlar\/"},"modified":"2022-03-08T22:33:22","modified_gmt":"2022-03-08T21:33:22","slug":"yazilamayanlar","status":"publish","type":"product","link":"https:\/\/mgvpublications.com\/de\/yazilamayanlar\/","title":{"rendered":"Yaz\u0131lamayanlar"},"content":{"rendered":"<p>Yay\u0131n Tarihi 2019-09-20<br \/>\nISBN 6052984338<br \/>\nBask\u0131 Say\u0131s\u0131 13. Bask\u0131<br \/>\nDil T\u00dcRK\u00c7E<br \/>\nSayfa Say\u0131s\u0131 216<br \/>\nCilt Tipi Karton Kapak<br \/>\nKa\u011f\u0131t Cinsi Kitap Ka\u011f\u0131d\u0131<br \/>\nBoyut 13.5 x 19.5 cm<\/p>","protected":false},"excerpt":{"rendered":"<p>\u0130\u015fte Tayip Erdo\u011fan\u2019\u0131n yapt\u0131\u011f\u0131 8 b\u00fcy\u00fck siyasi operasyon!<br \/>\nErdo\u011fan-G\u00f6k\u00e7ek kavgas\u0131n\u0131n perde arkas\u0131.<br \/>\nMelih G\u00f6k\u00e7ek ile Kadir Topba\u015f\u2019\u0131 hapisten kurtaran s\u0131rlar.<br \/>\nTayyip Erdo\u011fan ile Ali Babacan\u2019\u0131n hi\u00e7 bilenmeyen beton kavgas\u0131.<br \/>\nTayyip Erdo\u011fan Ali Ko\u00e7\u2019tan niye \u00e7ekiniyor? Babas\u0131 Rahmi Ko\u00e7\u2019a el\u00e7i olarak kimi g\u00f6nderdi?<br \/>\nMcKinsey ve Papaz olay\u0131n\u0131n bilinmeyenleri\u2026<br \/>\nAyd\u0131n Do\u011fan b\u00f6yle tehdit edildi\u2026<br \/>\nGazetelerin ve televizyonlar\u0131n ger\u00e7ek sahibi kim?<br \/>\nMuhsin Yaz\u0131c\u0131o\u011flu\u2019nu FET\u00d6 b\u00f6yle \u00f6ld\u00fcrd\u00fc, iktidar b\u00f6yle seyretti.<br \/>\nBah\u00e7eli\u2019nin Tayyip Erdo\u011fan\u2019a teslim olma s\u0131rr\u0131 ne?<br \/>\nKemal K\u0131l\u0131\u00e7daro\u011flu\u2019nu istifa etmekten vazge\u00e7iren neden\u2026<\/p>","protected":false},"featured_media":10951,"template":"","meta":{"spay_email":""},"product_cat":[173],"product_tag":[],"item":[697],"acf":[],"_links":{"self":[{"href":"https:\/\/mgvpublications.com\/de\/wp-json\/wp\/v2\/product\/10950"}],"collection":[{"href":"https:\/\/mgvpublications.com\/de\/wp-json\/wp\/v2\/product"}],"about":[{"href":"https:\/\/mgvpublications.com\/de\/wp-json\/wp\/v2\/types\/product"}],"wp:featuredmedia":[{"embeddable":true,"href":"https:\/\/mgvpublications.com\/de\/wp-json\/wp\/v2\/media\/10951"}],"wp:attachment":[{"href":"https:\/\/mgvpublications.com\/de\/wp-json\/wp\/v2\/media?parent=10950"}],"wp:term":[{"taxonomy":"product_cat","embeddable":true,"href":"https:\/\/mgvpublications.com\/de\/wp-json\/wp\/v2\/product_cat?post=10950"},{"taxonomy":"product_tag","embeddable":true,"href":"https:\/\/mgvpublications.com\/de\/wp-json\/wp\/v2\/product_tag?post=10950"},{"taxonomy":"item","embeddable":true,"href":"https:\/\/mgvpublications.com\/de\/wp-json\/wp\/v2\/item?post=10950"}],"curies":[{"name":"wp","href":"https:\/\/api.w.org\/{rel}","templated":true}]}}