{"id":10944,"date":"2020-12-02T15:43:23","date_gmt":"2020-12-02T14:43:23","guid":{"rendered":"https:\/\/dev2.mgvpublications.com\/produkt\/goermek\/"},"modified":"2025-04-26T19:00:10","modified_gmt":"2025-04-26T17:00:10","slug":"goermek","status":"publish","type":"product","link":"https:\/\/mgvpublications.com\/de\/goermek\/","title":{"rendered":"G\u00f6rmek"},"content":{"rendered":"<p>\u00c7evirmen: I\u015f\u0131k Erg\u00fcden<br \/>Yay\u0131n Tarihi: 23.10.2019<br \/>Orijinal Ad\u0131: Ensaio sobre a Lucidez<br \/>ISBN: 9786052981320<br \/>Dil: T\u00dcRK\u00c7E<br \/>Sayfa Say\u0131s\u0131: 324<br \/>Cilt Tipi: Karton Kapak<br \/>Ka\u011f\u0131t Cinsi: Kitap Ka\u011f\u0131d\u0131<br \/>Boyut: 13.5 x 19.5 cm<\/p>","protected":false},"excerpt":{"rendered":"<p>Saramago, hiciv ile alegoriyi derin bir kavray\u0131\u015f ve keskin bir g\u00f6r\u00fcyle harmanlad\u0131\u011f\u0131, o muazzam dil cambazl\u0131\u011f\u0131yla devaml\u0131 e\u015feleyerek zihnimizde kar\u0131ncalanmad\u0131k yer b\u0131rakmad\u0131\u011f\u0131 bu unutulmaz eserinde, hamaset denen d\u00fc\u015f\u00fcnce fukaral\u0131\u011f\u0131n\u0131n ve onun kovuklar\u0131nda yuvalanan g\u00fc\u00e7 saplant\u0131s\u0131n\u0131n ipli\u011fini pazara \u00e7\u0131kar\u0131yor. Fars hi\u00e7 bu kadar trajik anlat\u0131lmam\u0131\u015ft\u0131.<\/p>","protected":false},"featured_media":20704,"template":"","meta":{"spay_email":""},"product_cat":[168],"product_tag":[],"item":[697],"acf":[],"_links":{"self":[{"href":"https:\/\/mgvpublications.com\/de\/wp-json\/wp\/v2\/product\/10944"}],"collection":[{"href":"https:\/\/mgvpublications.com\/de\/wp-json\/wp\/v2\/product"}],"about":[{"href":"https:\/\/mgvpublications.com\/de\/wp-json\/wp\/v2\/types\/product"}],"wp:featuredmedia":[{"embeddable":true,"href":"https:\/\/mgvpublications.com\/de\/wp-json\/wp\/v2\/media\/20704"}],"wp:attachment":[{"href":"https:\/\/mgvpublications.com\/de\/wp-json\/wp\/v2\/media?parent=10944"}],"wp:term":[{"taxonomy":"product_cat","embeddable":true,"href":"https:\/\/mgvpublications.com\/de\/wp-json\/wp\/v2\/product_cat?post=10944"},{"taxonomy":"product_tag","embeddable":true,"href":"https:\/\/mgvpublications.com\/de\/wp-json\/wp\/v2\/product_tag?post=10944"},{"taxonomy":"item","embeddable":true,"href":"https:\/\/mgvpublications.com\/de\/wp-json\/wp\/v2\/item?post=10944"}],"curies":[{"name":"wp","href":"https:\/\/api.w.org\/{rel}","templated":true}]}}