{"id":10942,"date":"2020-03-27T14:41:36","date_gmt":"2020-03-27T13:41:36","guid":{"rendered":"https:\/\/dev2.mgvpublications.com\/produkt\/suskunluk-daginin-zirvesinde\/"},"modified":"2022-03-08T22:33:21","modified_gmt":"2022-03-08T21:33:21","slug":"suskunluk-daginin-zirvesinde","status":"publish","type":"product","link":"https:\/\/mgvpublications.com\/de\/suskunluk-daginin-zirvesinde\/","title":{"rendered":"Suskunluk Da\u011f\u0131n\u0131n Zirvesinde"},"content":{"rendered":"<p>Yay\u0131n Tarihi\t2016-10-28<br \/>\nISBN\t6050937718<br \/>\nBask\u0131 Say\u0131s\u0131\t1. Bask\u0131<br \/>\nDil\tT\u00dcRK\u00c7E<br \/>\nSayfa Say\u0131s\u0131\t256<br \/>\nCilt Tipi\tKarton Kapak<br \/>\nKa\u011f\u0131t Cinsi\tKitap Ka\u011f\u0131d\u0131<br \/>\nBoyut\t14 x 23 cm<\/p>","protected":false},"excerpt":{"rendered":"<p> E\u011flencesini yitirmi\u015f bir \u00fclke&#8230; B\u00fct\u00fcn \u0131\u015f\u0131klar s\u00f6nm\u00fc\u015f&#8230; Yok art\u0131k lunapark\u0131n y\u00fcrekleri \u015fenlendiren ne\u015fesi&#8230; Terkisine al\u0131p susturulmu\u015f s\u00f6zc\u00fckleri, suskunluk da\u011f\u0131n\u0131n zirvesine t\u0131rmand\u0131 gazeteci&#8230;<\/p>\n<p>Anlatacak \u00e7ok \u015fey vard\u0131 \u00e7\u00fcnk\u00fc. Sava\u015flar, ac\u0131lar, uzak kentler, m\u00fclteciler, g\u00f6kdelenler, kederli co\u011frafyalar, \u00e7ocuk \u00f6l\u00fcleri&#8230; Sonra filmler vard\u0131; hep bir a\u011f\u0131zdan s\u00f6ylenen \u015fark\u0131lar, a\u015fklar, d\u00fc\u015fler, g\u00f6\u011f\u00fcn alt\u0131ndaki her \u015fey&#8230; <\/p>\n<p>T\u00fcm bunlar\u0131 anlatt\u0131 gazeteci, uzakta h\u00fcz\u00fcnle sarmalanm\u0131\u015f \u00fclkeye&#8230; E\u011flencesini<br \/>\nyitirse de umudunu yitirmiyordu bu \u00fclke. Umudu on dokuz ya\u015f\u0131ndakinin d\u00fc\u015flerinde saklam\u0131\u015ft\u0131 \u00e7\u00fcnk\u00fc.<\/p>\n<p>Ve suskunlukta dile gelen ger\u00e7e\u011fin kendisiydi.<\/p>","protected":false},"featured_media":10943,"template":"","meta":{"spay_email":""},"product_cat":[168],"product_tag":[],"item":[563],"acf":[],"_links":{"self":[{"href":"https:\/\/mgvpublications.com\/de\/wp-json\/wp\/v2\/product\/10942"}],"collection":[{"href":"https:\/\/mgvpublications.com\/de\/wp-json\/wp\/v2\/product"}],"about":[{"href":"https:\/\/mgvpublications.com\/de\/wp-json\/wp\/v2\/types\/product"}],"wp:featuredmedia":[{"embeddable":true,"href":"https:\/\/mgvpublications.com\/de\/wp-json\/wp\/v2\/media\/10943"}],"wp:attachment":[{"href":"https:\/\/mgvpublications.com\/de\/wp-json\/wp\/v2\/media?parent=10942"}],"wp:term":[{"taxonomy":"product_cat","embeddable":true,"href":"https:\/\/mgvpublications.com\/de\/wp-json\/wp\/v2\/product_cat?post=10942"},{"taxonomy":"product_tag","embeddable":true,"href":"https:\/\/mgvpublications.com\/de\/wp-json\/wp\/v2\/product_tag?post=10942"},{"taxonomy":"item","embeddable":true,"href":"https:\/\/mgvpublications.com\/de\/wp-json\/wp\/v2\/item?post=10942"}],"curies":[{"name":"wp","href":"https:\/\/api.w.org\/{rel}","templated":true}]}}