{"id":10919,"date":"2020-03-26T22:59:13","date_gmt":"2020-03-26T21:59:13","guid":{"rendered":"https:\/\/dev2.mgvpublications.com\/produkt\/ben-duenyanin-en-akilli-insaniyim\/"},"modified":"2022-03-08T22:33:20","modified_gmt":"2022-03-08T21:33:20","slug":"ben-duenyanin-en-akilli-insaniyim","status":"publish","type":"product","link":"https:\/\/mgvpublications.com\/de\/ben-duenyanin-en-akilli-insaniyim\/","title":{"rendered":"Ben D\u00fcnyan\u0131n En Ak\u0131ll\u0131 \u0130nsan\u0131y\u0131m"},"content":{"rendered":"<p>Yay\u0131n Tarihi\t2017-04-12<br \/>\nISBN\t9756197011<br \/>\nBask\u0131 Say\u0131s\u0131\t501. Bask\u0131<br \/>\nDil\tT\u00dcRK\u00c7E<br \/>\nSayfa Say\u0131s\u0131\t286<br \/>\nCilt Tipi\tKarton Kapak<br \/>\nKa\u011f\u0131t Cinsi\tKitap Ka\u011f\u0131d\u0131<br \/>\nBoyut\t13.5 x 19.5 cm<\/p>","protected":false},"excerpt":{"rendered":"<p>Cam k\u0131r\u0131klar\u0131yla s\u00fcslenmi\u015f yollarda<br \/>\nayaklar\u0131 kanaya kanaya benimle birlikte y\u00fcr\u00fcyen babama.<br \/>\nNeredeyse kendim kadar sevdi\u011fim anneme.<br \/>\nBeraberce gemiler yapt\u0131\u011f\u0131m\u0131z e\u015fim Bet\u00fcl&#8217;e,<br \/>\n2 ya\u015f\u0131ndaki manyak k\u0131z\u0131m Berfin&#8217;e<br \/>\nve t\u00fcm insanl\u0131k alemine ithaf\u0131md\u0131r.<\/p>\n<p>&#8220;Ben D\u00fcnyan\u0131n En Ak\u0131ll\u0131 \u0130nsan\u0131y\u0131m&#8221; dedi\u011fimde dostlar\u0131m bana: &#8220;Madem bu kadar ak\u0131ll\u0131s\u0131n neden sen de Edison gibi, Einstein gibi, Newton gibi&#8230; Bir \u015feyler icat etmiyorsun?&#8221; dediler. Ben de onlar\u0131 hakl\u0131 buldum&#8230; Ama galiba biraz yanl\u0131\u015f anlam\u0131\u015f olaca\u011f\u0131m ki, ben ampul icat etmek yerine Edison icat etmeye karar verdim.<\/p>\n<p>Bug\u00fcnlerde &#8220;Kashna&#8221; ad\u0131n\u0131 verdi\u011fim kendi \u00f6\u011fretimle dahi yeti\u015ftiriyorum. Edison yeti\u015ftiriyorum. Einsetin yeti\u015ftiriyorum, Newton yeti\u015ftiriyorm.. Bu kitab\u0131mda &#8220;Kashna \u00d6\u011fretileri&#8221;nin hi\u00e7 olmazsa bir k\u0131sm\u0131n\u0131 seninle de payla\u015fmak isterdim.<\/p>\n<p>&#8220;\u00c7\u00f6zebilmem Umuduyla&#8221;&#8230;<\/p>","protected":false},"featured_media":10920,"template":"","meta":{"spay_email":""},"product_cat":[171],"product_tag":[],"item":[958],"acf":[],"_links":{"self":[{"href":"https:\/\/mgvpublications.com\/de\/wp-json\/wp\/v2\/product\/10919"}],"collection":[{"href":"https:\/\/mgvpublications.com\/de\/wp-json\/wp\/v2\/product"}],"about":[{"href":"https:\/\/mgvpublications.com\/de\/wp-json\/wp\/v2\/types\/product"}],"wp:featuredmedia":[{"embeddable":true,"href":"https:\/\/mgvpublications.com\/de\/wp-json\/wp\/v2\/media\/10920"}],"wp:attachment":[{"href":"https:\/\/mgvpublications.com\/de\/wp-json\/wp\/v2\/media?parent=10919"}],"wp:term":[{"taxonomy":"product_cat","embeddable":true,"href":"https:\/\/mgvpublications.com\/de\/wp-json\/wp\/v2\/product_cat?post=10919"},{"taxonomy":"product_tag","embeddable":true,"href":"https:\/\/mgvpublications.com\/de\/wp-json\/wp\/v2\/product_tag?post=10919"},{"taxonomy":"item","embeddable":true,"href":"https:\/\/mgvpublications.com\/de\/wp-json\/wp\/v2\/item?post=10919"}],"curies":[{"name":"wp","href":"https:\/\/api.w.org\/{rel}","templated":true}]}}