{"id":10913,"date":"2020-03-26T22:48:19","date_gmt":"2020-03-26T21:48:19","guid":{"rendered":"https:\/\/dev2.mgvpublications.com\/produkt\/kara-kutu\/"},"modified":"2022-03-08T22:33:19","modified_gmt":"2022-03-08T21:33:19","slug":"kara-kutu","status":"publish","type":"product","link":"https:\/\/mgvpublications.com\/de\/kara-kutu\/","title":{"rendered":"Kara Kutu"},"content":{"rendered":"<p>Yay\u0131n Tarihi\t2019-11-06<br \/>\nISBN\t6052985687<br \/>\nBask\u0131 Say\u0131s\u0131\t1. Bask\u0131<br \/>\nDil\tT\u00dcRK\u00c7E<br \/>\nSayfa Say\u0131s\u0131\t584<br \/>\nCilt Tipi\tKarton Kapak<br \/>\nKa\u011f\u0131t Cinsi\tKitap Ka\u011f\u0131d\u0131<br \/>\nBoyut\t13.7 x 23 cm<\/p>","protected":false},"excerpt":{"rendered":"<p>Tarih: 5 Ocak 1978.<br \/>\nYer: Ankara.<br \/>\nB\u00fclent Ecevit yeni h\u00fck\u00fcmeti kurdu.<br \/>\nSa\u011fl\u0131k ve Sosyal Yard\u0131m Bakanl\u0131\u011f\u0131\u2019ndaki gizli toplant\u0131da \u201cdevrim\u201d gibi kararlar al\u0131nd\u0131.<\/p>\n<p>Tarih: 12 Eyl\u00fcl 1978.<br \/>\nYer: Kazakistan Alma Ata.<br \/>\nD\u00fcnya Sa\u011fl\u0131k \u00d6rg\u00fct\u00fc d\u00fczenledi\u011fi uluslararas\u0131 konferans\u0131n sonunda<br \/>\nyay\u0131mlad\u0131\u011f\u0131 bildiriyle ABD k\u00fcresel ila\u00e7 \u015firketlerini k\u0131zd\u0131rd\u0131\u2026<\/p>\n<p>Tarih: 26 Mart 1979.<br \/>\nYer: \u0130talya Como G\u00f6l\u00fc sayfiyesi.<br \/>\nRockefeller sahibi oldu\u011fu Bellagio Evi\u2019nde yapt\u0131\u011f\u0131 NATO g\u00fcvenlik toplant\u0131s\u0131nda,<br \/>\ny\u00fcz y\u0131ld\u0131r kontrol\u00fcnde olan \u201cend\u00fcstriyel t\u0131p\u201d ile ilgili bir dizi kararlar ald\u0131\u2026<\/p>\n<p>Ve:<br \/>\nTarih: 25 Haziran 1979.<br \/>\nYer: Manisa\u2026<br \/>\nCemil \u00c7\u00f6ll\u00fc MHP \u0130l Ba\u015fkan\u0131 idi.<br \/>\nSahibi oldu\u011fu Huzur Eczanesi\u2019nde \u00f6ld\u00fcr\u00fcld\u00fc.<br \/>\nErtesi g\u00fcn\u2026<br \/>\nTarih: 26 Haziran 1979.<br \/>\nYer: Manisa.<br \/>\nNe\u015fe G\u00fclersoy CHP Kad\u0131n Kollar\u0131 \u00dcyesi idi.<br \/>\nSahibi oldu\u011fu Yeni Afiyet Eczanesi\u2019nde meslekta\u015f\u0131 MHP\u2019li Cemil \u00c7\u00f6ll\u00fc\u2019n\u00fcn katledilmesini protesto eden bildiriyi yazarken \u00f6ld\u00fcr\u00fcld\u00fc.<br \/>\nYine Manisa\u2026<br \/>\nYine bir eczane\u2026<br \/>\nTarih: 19 Aral\u0131k 1979.<br \/>\nMete Erdem CHP \u0130l Ba\u015fkan\u0131 idi.<br \/>\nEczanesinde i\u00e7eri giren sald\u0131rgan taraf\u0131ndan kur\u015funlanarak \u00f6ld\u00fcr\u00fcld\u00fc.<\/p>\n<p>Bu bir cinayet roman\u0131 de\u011fil\u2026<br \/>\nModern t\u0131bb\u0131n karanl\u0131k y\u00fcz\u00fc ayd\u0131nlan\u0131yor\u2026<br \/>\nRockefeller\u2019\u0131n kozmik odas\u0131ndaki T\u00fcrkler kim?<br \/>\nNeyin kar\u015f\u0131l\u0131\u011f\u0131, ne kadar para ald\u0131lar?<br \/>\nTabular y\u0131k\u0131lacak\u2026 Ezberler bozulacak\u2026<br \/>\nArt\u0131k y\u00fczle\u015fme vakti\u2026<\/p>","protected":false},"featured_media":10914,"template":"","meta":{"spay_email":""},"product_cat":[168],"product_tag":[],"item":[697],"acf":[],"_links":{"self":[{"href":"https:\/\/mgvpublications.com\/de\/wp-json\/wp\/v2\/product\/10913"}],"collection":[{"href":"https:\/\/mgvpublications.com\/de\/wp-json\/wp\/v2\/product"}],"about":[{"href":"https:\/\/mgvpublications.com\/de\/wp-json\/wp\/v2\/types\/product"}],"wp:featuredmedia":[{"embeddable":true,"href":"https:\/\/mgvpublications.com\/de\/wp-json\/wp\/v2\/media\/10914"}],"wp:attachment":[{"href":"https:\/\/mgvpublications.com\/de\/wp-json\/wp\/v2\/media?parent=10913"}],"wp:term":[{"taxonomy":"product_cat","embeddable":true,"href":"https:\/\/mgvpublications.com\/de\/wp-json\/wp\/v2\/product_cat?post=10913"},{"taxonomy":"product_tag","embeddable":true,"href":"https:\/\/mgvpublications.com\/de\/wp-json\/wp\/v2\/product_tag?post=10913"},{"taxonomy":"item","embeddable":true,"href":"https:\/\/mgvpublications.com\/de\/wp-json\/wp\/v2\/item?post=10913"}],"curies":[{"name":"wp","href":"https:\/\/api.w.org\/{rel}","templated":true}]}}