{"id":10911,"date":"2020-03-26T22:45:23","date_gmt":"2020-03-26T21:45:23","guid":{"rendered":"https:\/\/dev2.mgvpublications.com\/produkt\/sakli-secilmisler-siz-onlari-degil-onlar-sizi-secti\/"},"modified":"2022-03-08T22:33:19","modified_gmt":"2022-03-08T21:33:19","slug":"sakli-secilmisler-siz-onlari-degil-onlar-sizi-secti","status":"publish","type":"product","link":"https:\/\/mgvpublications.com\/de\/sakli-secilmisler-siz-onlari-degil-onlar-sizi-secti\/","title":{"rendered":"Sakl\u0131 Se\u00e7ilmi\u015fler Siz Onlar\u0131 De\u011fil, Onlar Sizi Se\u00e7ti"},"content":{"rendered":"<p>Yay\u0131n Tarihi\t2019-06-10<br \/>\nISBN\t6052981900<br \/>\nBask\u0131 Say\u0131s\u0131\t8. Bask\u0131<br \/>\nDil\tT\u00dcRK\u00c7E<br \/>\nSayfa Say\u0131s\u0131\t504<br \/>\nCilt Tipi\tKarton Kapak<br \/>\nKa\u011f\u0131t Cinsi\tKitap Ka\u011f\u0131d\u0131<br \/>\nBoyut\t14 x 23 cm<\/p>","protected":false},"excerpt":{"rendered":"<p>Bir film d\u00fc\u015f\u00fcn.<br \/>\n\u0130lk sahne s\u0131radan bir olayla ba\u015flar.<br \/>\nFilm ilerledik\u00e7e geli\u015fmelere inanamazs\u0131n.<br \/>\nDeh\u015fete kap\u0131l\u0131rs\u0131n.<br \/>\nFilm biter. Etkisinden kurtulamazs\u0131n.<br \/>\nKorkars\u0131n.<br \/>\nBu kitab\u0131n yaz\u0131m s\u00fcrecinde ben bunlar\u0131 ya\u015fad\u0131m.<br \/>\n\u0130lk sahne:<br \/>\nAlt\u0131 y\u0131l \u00f6nceydi.<br \/>\nMedyaya her c\u00fcmlesi yalan olan bir haber s\u0131zd\u0131r\u0131ld\u0131.<br \/>\nPe\u015fine d\u00fc\u015ft\u00fcm..<\/p>","protected":false},"featured_media":10912,"template":"","meta":{"spay_email":""},"product_cat":[173],"product_tag":[],"item":[697],"acf":[],"_links":{"self":[{"href":"https:\/\/mgvpublications.com\/de\/wp-json\/wp\/v2\/product\/10911"}],"collection":[{"href":"https:\/\/mgvpublications.com\/de\/wp-json\/wp\/v2\/product"}],"about":[{"href":"https:\/\/mgvpublications.com\/de\/wp-json\/wp\/v2\/types\/product"}],"wp:featuredmedia":[{"embeddable":true,"href":"https:\/\/mgvpublications.com\/de\/wp-json\/wp\/v2\/media\/10912"}],"wp:attachment":[{"href":"https:\/\/mgvpublications.com\/de\/wp-json\/wp\/v2\/media?parent=10911"}],"wp:term":[{"taxonomy":"product_cat","embeddable":true,"href":"https:\/\/mgvpublications.com\/de\/wp-json\/wp\/v2\/product_cat?post=10911"},{"taxonomy":"product_tag","embeddable":true,"href":"https:\/\/mgvpublications.com\/de\/wp-json\/wp\/v2\/product_tag?post=10911"},{"taxonomy":"item","embeddable":true,"href":"https:\/\/mgvpublications.com\/de\/wp-json\/wp\/v2\/item?post=10911"}],"curies":[{"name":"wp","href":"https:\/\/api.w.org\/{rel}","templated":true}]}}