{"id":10909,"date":"2020-03-26T22:43:16","date_gmt":"2020-03-26T21:43:16","guid":{"rendered":"https:\/\/dev2.mgvpublications.com\/produkt\/bebek-sahibinin-kullanim-kilavuzu\/"},"modified":"2022-03-08T22:33:19","modified_gmt":"2022-03-08T21:33:19","slug":"bebek-sahibinin-kullanim-kilavuzu","status":"publish","type":"product","link":"https:\/\/mgvpublications.com\/de\/bebek-sahibinin-kullanim-kilavuzu\/","title":{"rendered":"Bebek Sahibinin Kullan\u0131m K\u0131lavuzu"},"content":{"rendered":"<p>\u00c7evirmen:\tAylin Ye\u011fin<br \/>\nYay\u0131n Tarihi\t2017-05-05<br \/>\nISBN\t6053489337<br \/>\nBask\u0131 Say\u0131s\u0131\t1. Bask\u0131<br \/>\nDil\tT\u00dcRK\u00c7E<br \/>\nSayfa Say\u0131s\u0131\t256<br \/>\nCilt Tipi\tKarton Kapak<br \/>\nKa\u011f\u0131t Cinsi\tKitap Ka\u011f\u0131d\u0131<br \/>\nBoyut\t13 x 18 cm<\/p>","protected":false},"excerpt":{"rendered":"<p>Sonunda! Acemi Ebeveynler \u0130\u00e7in Yeni Do\u011fan Bebek Teknolojisi K\u0131lavuzu Kay\u0131t cihaz\u0131n\u0131z\u0131 ayarlad\u0131n\u0131z, internet ba\u011flant\u0131n\u0131z\u0131 kurdunuz, cep telefonunuzdan Facebook\u2019a bakt\u0131n\u0131z. Ama bunlar\u0131n hi\u00e7biri, d\u00fcnyan\u0131n en b\u00fcy\u00fck teknolojik mucizesi olan yeni do\u011fmu\u015f bir bebek i\u00e7in haz\u0131r oldu\u011funuz anlam\u0131na gelmiyor.<\/p>\n<p>Bebek Sahibinin Kullan\u0131m K\u0131lavuzu, ad\u0131m ad\u0131m ilerleyen talimatlar ve faydal\u0131 \u015fematik diyagramlarla, s\u0131k\u00e7a sorulan y\u00fczlerce soruya cevap veriyor: Bebe\u011fi kundaklaman\u0131n en iyi yolu hangisi? Yeni do\u011fmu\u015f bebe\u011fimin b\u00fct\u00fcn gece uyumas\u0131n\u0131 nas\u0131l sa\u011flayabilirim? Bebe\u011fimi ne zaman doktora g\u00f6t\u00fcrmeliyim? Kayg\u0131 duydu\u011funuz her sorunun cevab\u0131 burada. \u00c7ocuk bak\u0131m\u0131yla ilgili en temel bilgileri \u00f6\u011frenmek isteyen herkes, alan\u0131nda isim yapm\u0131\u015f Pediatrist Dr. Louis Borgenicht ve o\u011flu Joe Borgenicht\u2019ten i\u015fe yarar tavsiyeler alacak.<\/p>","protected":false},"featured_media":10910,"template":"","meta":{"spay_email":""},"product_cat":[171],"product_tag":[],"item":[953],"acf":[],"_links":{"self":[{"href":"https:\/\/mgvpublications.com\/de\/wp-json\/wp\/v2\/product\/10909"}],"collection":[{"href":"https:\/\/mgvpublications.com\/de\/wp-json\/wp\/v2\/product"}],"about":[{"href":"https:\/\/mgvpublications.com\/de\/wp-json\/wp\/v2\/types\/product"}],"wp:featuredmedia":[{"embeddable":true,"href":"https:\/\/mgvpublications.com\/de\/wp-json\/wp\/v2\/media\/10910"}],"wp:attachment":[{"href":"https:\/\/mgvpublications.com\/de\/wp-json\/wp\/v2\/media?parent=10909"}],"wp:term":[{"taxonomy":"product_cat","embeddable":true,"href":"https:\/\/mgvpublications.com\/de\/wp-json\/wp\/v2\/product_cat?post=10909"},{"taxonomy":"product_tag","embeddable":true,"href":"https:\/\/mgvpublications.com\/de\/wp-json\/wp\/v2\/product_tag?post=10909"},{"taxonomy":"item","embeddable":true,"href":"https:\/\/mgvpublications.com\/de\/wp-json\/wp\/v2\/item?post=10909"}],"curies":[{"name":"wp","href":"https:\/\/api.w.org\/{rel}","templated":true}]}}