{"id":10904,"date":"2020-12-02T15:43:20","date_gmt":"2020-12-02T14:43:20","guid":{"rendered":"https:\/\/dev2.mgvpublications.com\/produkt\/fabrika-ayari\/"},"modified":"2022-04-12T18:09:31","modified_gmt":"2022-04-12T16:09:31","slug":"fabrika-ayari","status":"publish","type":"product","link":"https:\/\/mgvpublications.com\/de\/fabrika-ayari\/","title":{"rendered":"Fabrika Ayar\u0131"},"content":{"rendered":"<p>Yay\u0131n Tarihi: 04.09.2020<br \/>ISBN: 9786057525826<br \/>Dil: T\u00dcRK\u00c7E<br \/>Sayfa Say\u0131s\u0131: 160<br \/>Cilt Tipi: Karton Kapak<br \/>Ka\u011f\u0131t Cinsi: Kitap Ka\u011f\u0131d\u0131<br \/>Boyut: 13.5 x 21 cm<\/p>","protected":false},"excerpt":{"rendered":"<p>Biz sohbetin g\u00fcc\u00fcne ve bereketine inan\u0131yoruz. Zira sohbet bir h\u00e2l aktar\u0131m\u0131d\u0131r. Sohbet g\u00f6nl\u00fcn dile gelmesidir. Sohbet kalbin i\u00e7indekinin b\u00fct\u00fcn yal\u0131nl\u0131\u011f\u0131yla d\u0131\u015fa vurmas\u0131d\u0131r. Sohbet ile s\u00f6z \u00e2deta can bulur, can olur, can verir. Evet, bir sohbetin, muhabbetin sonucunda ortaya \u00e7\u0131kan bu kitab\u0131n temel amac\u0131 bir yerlerde aksini bulmak, bir g\u00f6n\u00fclden yank\u0131lanmakt\u0131r. Bir ba\u015flang\u0131ca vesile olmak, bir umudu diriltmektir. B\u00fct\u00fcn meselemiz, bir insan\u0131n kalbine dokunabilmektir. Sadece bir karde\u015fimizin fabrika ayar\u0131yla, yani f\u0131trat\u0131yla y\u00fczle\u015fmesine arac\u0131 olsa, bu kitap g\u00f6revini fazlas\u0131yla yapm\u0131\u015f olacakt\u0131r. Umudumuz, belki de kurtulu\u015fumuza sebep olacak o bir ki\u015fidir. Duam\u0131z, o bir ki\u015fiye ula\u015fabilmek, dokunabilmektir. Niyaz\u0131m\u0131z, o bir ki\u015finin yaras\u0131na merhem olabilmektir. \u00d6tesi de\u011fil, fazlas\u0131 da de\u011fil: Sadece o bir ki\u015fi. \u00c2min.<\/p>","protected":false},"featured_media":21402,"template":"","meta":{"spay_email":""},"product_cat":[169],"product_tag":[],"item":[354],"acf":[],"_links":{"self":[{"href":"https:\/\/mgvpublications.com\/de\/wp-json\/wp\/v2\/product\/10904"}],"collection":[{"href":"https:\/\/mgvpublications.com\/de\/wp-json\/wp\/v2\/product"}],"about":[{"href":"https:\/\/mgvpublications.com\/de\/wp-json\/wp\/v2\/types\/product"}],"wp:featuredmedia":[{"embeddable":true,"href":"https:\/\/mgvpublications.com\/de\/wp-json\/wp\/v2\/media\/21402"}],"wp:attachment":[{"href":"https:\/\/mgvpublications.com\/de\/wp-json\/wp\/v2\/media?parent=10904"}],"wp:term":[{"taxonomy":"product_cat","embeddable":true,"href":"https:\/\/mgvpublications.com\/de\/wp-json\/wp\/v2\/product_cat?post=10904"},{"taxonomy":"product_tag","embeddable":true,"href":"https:\/\/mgvpublications.com\/de\/wp-json\/wp\/v2\/product_tag?post=10904"},{"taxonomy":"item","embeddable":true,"href":"https:\/\/mgvpublications.com\/de\/wp-json\/wp\/v2\/item?post=10904"}],"curies":[{"name":"wp","href":"https:\/\/api.w.org\/{rel}","templated":true}]}}