{"id":10902,"date":"2020-03-26T22:01:46","date_gmt":"2020-03-26T21:01:46","guid":{"rendered":"https:\/\/dev2.mgvpublications.com\/produkt\/kalbin-sesi-ile-topraga-doenues\/"},"modified":"2022-03-08T22:33:19","modified_gmt":"2022-03-08T21:33:19","slug":"kalbin-sesi-ile-topraga-doenues","status":"publish","type":"product","link":"https:\/\/mgvpublications.com\/de\/kalbin-sesi-ile-topraga-doenues\/","title":{"rendered":"Kalbin Sesi ile Topra\u011fa D\u00f6n\u00fc\u015f"},"content":{"rendered":"<p>Yay\u0131n Tarihi\t2020-03-12<br \/>\nISBN\t6257005227<br \/>\nBask\u0131 Say\u0131s\u0131\t2. Bask\u0131<br \/>\nDil\tT\u00dcRK\u00c7E<br \/>\nSayfa Say\u0131s\u0131\t184<br \/>\nCilt Tipi\tKarton Kapak<br \/>\nKa\u011f\u0131t Cinsi\tKitap Ka\u011f\u0131d\u0131<br \/>\nBoyut\t13.5 x 21 cm<\/p>","protected":false},"excerpt":{"rendered":"<p>G\u00fcn gelir hakikate giden yola barikatlar kurulur. Bu defa sorulan soru \u015fudur: \u2018Ne yapmal\u0131?\u2019<\/p>\n<p>\u00d6nce niyet edece\u011fiz, ard\u0131ndan kalbin sesine uyarak sonsuzlu\u011fa y\u00f6nelece\u011fiz. \u00dc\u00e7 hak\u00eemin h\u00fckm\u00fcnde hata aranmaz: Kalbin, kaderin, \u00f6l\u00fcm\u00fcn.<\/p>\n<p>Aramak vazifedir. \u2018Aramakla bulunmaz fakat bulanlar ancak arayanlard\u0131r\u2019 denilmi\u015f. \u0130nanmak ve sevmek \u015fart\u2026 Aray\u0131\u015fta esas olan samimiyettir. Kendini belli eden sanattan, n\u00fcmayi\u015f\u00e7i ahl\u00e2ktan ve kendine g\u00fcvenen ibadetten uzak durmal\u0131. Hakikat\u0131n-hayr\u0131n-g\u00fczelli\u011fin ard\u0131na d\u00fc\u015f\u00fcp; gayret bizden, tevfik Allah\u2019tan demeliyiz.<\/p>\n<p>Ey kalbi olanlar!<br \/>\n\u00dcmit ve korku aras\u0131nda bulunanlar!<br \/>\nTakva sahipleri i\u00e7in zaman yok h\u00fckm\u00fcndedir. Her an her \u015fey olabilir!<br \/>\nAllah bes, baki heves.\u201d<\/p>","protected":false},"featured_media":10903,"template":"","meta":{"spay_email":""},"product_cat":[168],"product_tag":[],"item":[356],"acf":[],"_links":{"self":[{"href":"https:\/\/mgvpublications.com\/de\/wp-json\/wp\/v2\/product\/10902"}],"collection":[{"href":"https:\/\/mgvpublications.com\/de\/wp-json\/wp\/v2\/product"}],"about":[{"href":"https:\/\/mgvpublications.com\/de\/wp-json\/wp\/v2\/types\/product"}],"wp:featuredmedia":[{"embeddable":true,"href":"https:\/\/mgvpublications.com\/de\/wp-json\/wp\/v2\/media\/10903"}],"wp:attachment":[{"href":"https:\/\/mgvpublications.com\/de\/wp-json\/wp\/v2\/media?parent=10902"}],"wp:term":[{"taxonomy":"product_cat","embeddable":true,"href":"https:\/\/mgvpublications.com\/de\/wp-json\/wp\/v2\/product_cat?post=10902"},{"taxonomy":"product_tag","embeddable":true,"href":"https:\/\/mgvpublications.com\/de\/wp-json\/wp\/v2\/product_tag?post=10902"},{"taxonomy":"item","embeddable":true,"href":"https:\/\/mgvpublications.com\/de\/wp-json\/wp\/v2\/item?post=10902"}],"curies":[{"name":"wp","href":"https:\/\/api.w.org\/{rel}","templated":true}]}}