{"id":10896,"date":"2020-03-26T21:53:29","date_gmt":"2020-03-26T20:53:29","guid":{"rendered":"https:\/\/dev2.mgvpublications.com\/produkt\/yankili-kayalar\/"},"modified":"2022-03-08T22:33:17","modified_gmt":"2022-03-08T21:33:17","slug":"yankili-kayalar","status":"publish","type":"product","link":"https:\/\/mgvpublications.com\/de\/yankili-kayalar\/","title":{"rendered":"Yank\u0131l\u0131 Kayalar"},"content":{"rendered":"<p>Yay\u0131n Tarihi\t2019-11-21<br \/>\nISBN\t9752632073<br \/>\nBask\u0131 Say\u0131s\u0131\t61. Bask\u0131<br \/>\nDil\tT\u00dcRK\u00c7E<br \/>\nSayfa Say\u0131s\u0131\t128<br \/>\nCilt Tipi\tKarton Kapak<br \/>\nKa\u011f\u0131t Cinsi\tKitap Ka\u011f\u0131d\u0131<br \/>\nBoyut\t13.5 x 19.5 cm<\/p>","protected":false},"excerpt":{"rendered":"<p>Anne ve babas\u0131n\u0131 ac\u0131 bir \u015fekilde yitiren Mehmet, k\u0131z karde\u015fiyle birlikte k\u00f6y\u00fcnden ayr\u0131l\u0131p \u0130stanbul&#8217;daki day\u0131s\u0131n\u0131n yan\u0131na gelir. Burada pek \u00e7ok zorlu\u011fa g\u00f6\u011f\u00fcs germek zorunda kal\u0131r. Herkesin takdir etti\u011fi bir ki\u015fili\u011fe sahip olan Mehmet&#8217;in en b\u00fcy\u00fck iste\u011fiyse okuyup doktor olmak ve k\u00f6y\u00fcne geri d\u00f6n\u00fcp k\u00f6y halk\u0131na hizmet etmektedir&#8230;<\/p>\n<p>\u0130dealist bir k\u00f6y \u00e7ocu\u011fu olan Mehmet&#8217;in idealine ula\u015fmak ad\u0131na yapt\u0131\u011f\u0131 fedakarl\u0131klar, g\u00f6sterdi\u011fi azim ve k\u0131z karde\u015fiyle birlikte hayat\u0131n zorluklar\u0131na kar\u015f\u0131 y\u0131lmadan, b\u0131kmadan verdi\u011fi m\u00fccadele&#8230;<\/p>\n<p>MEB tavsiyeli Yank\u0131l\u0131 Kayalar, Ahmet Y\u0131lmaz Boyuna\u011fa&#8217;n\u0131n usta kaleminden \u00e7\u0131km\u0131\u015f heyecan ve duygu dolu bir ilk gen\u00e7lik roman\u0131&#8230;<\/p>","protected":false},"featured_media":10897,"template":"","meta":{"spay_email":""},"product_cat":[172],"product_tag":[],"item":[360],"acf":[],"_links":{"self":[{"href":"https:\/\/mgvpublications.com\/de\/wp-json\/wp\/v2\/product\/10896"}],"collection":[{"href":"https:\/\/mgvpublications.com\/de\/wp-json\/wp\/v2\/product"}],"about":[{"href":"https:\/\/mgvpublications.com\/de\/wp-json\/wp\/v2\/types\/product"}],"wp:featuredmedia":[{"embeddable":true,"href":"https:\/\/mgvpublications.com\/de\/wp-json\/wp\/v2\/media\/10897"}],"wp:attachment":[{"href":"https:\/\/mgvpublications.com\/de\/wp-json\/wp\/v2\/media?parent=10896"}],"wp:term":[{"taxonomy":"product_cat","embeddable":true,"href":"https:\/\/mgvpublications.com\/de\/wp-json\/wp\/v2\/product_cat?post=10896"},{"taxonomy":"product_tag","embeddable":true,"href":"https:\/\/mgvpublications.com\/de\/wp-json\/wp\/v2\/product_tag?post=10896"},{"taxonomy":"item","embeddable":true,"href":"https:\/\/mgvpublications.com\/de\/wp-json\/wp\/v2\/item?post=10896"}],"curies":[{"name":"wp","href":"https:\/\/api.w.org\/{rel}","templated":true}]}}