{"id":10892,"date":"2020-03-26T21:45:09","date_gmt":"2020-03-26T20:45:09","guid":{"rendered":"https:\/\/dev2.mgvpublications.com\/produkt\/islamofobi\/"},"modified":"2022-03-08T22:33:17","modified_gmt":"2022-03-08T21:33:17","slug":"islamofobi","status":"publish","type":"product","link":"https:\/\/mgvpublications.com\/de\/islamofobi\/","title":{"rendered":"\u0130slamofobi"},"content":{"rendered":"<p>Yay\u0131n Tarihi\t2018-01-01<br \/>\nISBN\t9755748153<br \/>\nBask\u0131 Say\u0131s\u0131\t2. Bask\u0131<br \/>\nDil\tT\u00dcRK\u00c7E<br \/>\nSayfa Say\u0131s\u0131\t304<br \/>\nCilt Tipi\tKarton Kapak<br \/>\nKa\u011f\u0131t Cinsi\tKitap Ka\u011f\u0131d\u0131<br \/>\nBoyut\t16 x 23.5 cm<\/p>","protected":false},"excerpt":{"rendered":"<p>Islamofobi, 11 Eyl\u00fcl\u2019den bu yana say\u0131s\u0131z ayr\u0131m, \u0131rk\u00e7\u0131l\u0131k, fiziki sald\u0131r\u0131 vakalar\u0131 yan\u0131nda \u0130slam kar\u015f\u0131t\u0131 kampanyalarla da katlanarak art\u0131\u015f g\u00f6stermi\u015ftir. 2006 Danimarka karikat\u00fcr krizi ve Papa 16. Benedict\u2019in Regensburg konu\u015fmas\u0131n\u0131 \u00e7evreleyen tart\u0131\u015fmalar da ifade \u00f6zg\u00fcrl\u00fc\u011f\u00fc, \u00e7ok k\u00fclt\u00fcrl\u00fcl\u00fck, din\u00ee sembollere sayg\u0131 ve dinler aras\u0131 ili\u015fkilerle alakal\u0131 baz\u0131 \u00f6nemli sorunlar\u0131 ortaya koymu\u015ftur.<\/p>\n<p>Din\u00ee \u00f6zg\u00fcrl\u00fc\u011f\u00fcn yan\u0131 s\u0131ra insan hak ve \u00f6zg\u00fcrl\u00fckleriyle alakal\u0131 temel ilkeleri ihl\u00e2l eden \u0130slamofobik eylemler, bir\u00e7ok farkl\u0131 g\u00f6r\u00fcn\u00fcme b\u00fcr\u00fcnmektedir. Baz\u0131 durumlarda camiler, \u0130slam\u00ee merkezler ve M\u00fcsl\u00fcmanlar\u0131n m\u00fclklerine sald\u0131r\u0131lm\u0131\u015f ve sayg\u0131s\u0131zl\u0131kta bulunulmu\u015ftur. \u0130\u015f yerleri, okul ve meskenlerde ise \u0130slamofobi \u015f\u00fcphe, taciz, alay, red, k\u00fc\u00e7\u00fck d\u00fc\u015f\u00fcrme ve ayr\u0131m bi\u00e7imini almaktad\u0131r.<\/p>\n<p>Elinizdeki se\u00e7ki, M\u00fcsl\u00fcman ve gayri m\u00fcslim, Amerikal\u0131 ve Avrupal\u0131 ilim adamlar\u0131n\u0131n uzmanl\u0131k ve tecr\u00fcbelerini bir araya getirerek \u0130slamofobiye y\u00f6nelik disiplinleraras\u0131 bir yakla\u015f\u0131m sergilemektedir. Tahlille siyas\u00ee tavsiyeleri bir araya getiren yazarlar, mevcut uygulamalar\u0131 tart\u0131\u015f\u0131p de\u011ferlendirmekte ve ayr\u0131m, yabanc\u0131 d\u00fc\u015fmanl\u0131\u011f\u0131 ve \u0131rk\u00e7\u0131l\u0131kla ba\u015fa \u00e7\u0131kma konusunda yeni y\u00f6ntemler sunmaktad\u0131rlar.<\/p>","protected":false},"featured_media":10893,"template":"","meta":{"spay_email":""},"product_cat":[173],"product_tag":[],"item":[503],"acf":[],"_links":{"self":[{"href":"https:\/\/mgvpublications.com\/de\/wp-json\/wp\/v2\/product\/10892"}],"collection":[{"href":"https:\/\/mgvpublications.com\/de\/wp-json\/wp\/v2\/product"}],"about":[{"href":"https:\/\/mgvpublications.com\/de\/wp-json\/wp\/v2\/types\/product"}],"wp:featuredmedia":[{"embeddable":true,"href":"https:\/\/mgvpublications.com\/de\/wp-json\/wp\/v2\/media\/10893"}],"wp:attachment":[{"href":"https:\/\/mgvpublications.com\/de\/wp-json\/wp\/v2\/media?parent=10892"}],"wp:term":[{"taxonomy":"product_cat","embeddable":true,"href":"https:\/\/mgvpublications.com\/de\/wp-json\/wp\/v2\/product_cat?post=10892"},{"taxonomy":"product_tag","embeddable":true,"href":"https:\/\/mgvpublications.com\/de\/wp-json\/wp\/v2\/product_tag?post=10892"},{"taxonomy":"item","embeddable":true,"href":"https:\/\/mgvpublications.com\/de\/wp-json\/wp\/v2\/item?post=10892"}],"curies":[{"name":"wp","href":"https:\/\/api.w.org\/{rel}","templated":true}]}}