{"id":10883,"date":"2020-03-26T18:07:07","date_gmt":"2020-03-26T17:07:07","guid":{"rendered":"https:\/\/dev2.mgvpublications.com\/produkt\/askini-helal-et\/"},"modified":"2024-09-01T01:42:54","modified_gmt":"2024-08-31T23:42:54","slug":"askini-helal-et","status":"publish","type":"product","link":"https:\/\/mgvpublications.com\/de\/askini-helal-et\/","title":{"rendered":"A\u015fk\u0131n\u0131 Helal Et"},"content":{"rendered":"<p>Yay\u0131n Tarihi\t2019-11-07<br \/>\nISBN\t6051292359<br \/>\nBask\u0131 Say\u0131s\u0131\t4. Bask\u0131<br \/>\nDil\tT\u00dcRK\u00c7E<br \/>\nSayfa Say\u0131s\u0131\t224<br \/>\nCilt Tipi\tKarton Kapak<br \/>\nKa\u011f\u0131t Cinsi\tKitap Ka\u011f\u0131d\u0131<br \/>\nBoyut\t13.5 x 21 cm<\/p>","protected":false},"excerpt":{"rendered":"<p>Insano\u011flu mutlulu\u011fu hep hor kullan\u0131yormu\u015f. Hep \u015fik\u00e2yet\u00e7i hep b\u0131kk\u0131nm\u0131\u015f. Bir g\u00fcn melekler, mutlulu\u011fu saklamaya karar vermi\u015fler. Saklayal\u0131m, zor bulsunlar; zor bulduklar\u0131 i\u00e7in belki k\u0131ymetini bilirler, diyerek ba\u015flam\u0131\u015flar tart\u0131\u015fmaya, sorun b\u00fcy\u00fckm\u00fc\u015f.<\/p>\n<p>Mutlulu\u011fu saklamak kolay de\u011filmi\u015f \u00e7\u00fcnk\u00fc!<br \/>\nKimisi &#8220;Everest\u2019in tepesine saklayal\u0131m,&#8221; kimisi &#8220;Atlas Okyanusunun dibine,&#8221; demi\u015f.<\/p>\n<p>Ta\u00e7 Mahal\u2019in kubbesi, Mekke\u2019nin sokaklar\u0131, Kud\u00fcs\u2019\u00fcn yollar\u0131, bir hastanenin yeni do\u011fan odas\u0131, dondurma k\u00fclah\u0131, caminin avlusu, lale bah\u00e7esi&#8230;<br \/>\nPek \u00e7ok yer d\u00fc\u015f\u00fcnm\u00fc\u015fler ama hi\u00e7biri yeterince zor gelmemi\u015f.<\/p>\n<p>Derken meleklerden biri &#8220;\u0130\u00c7LER\u0130NE SAKLAYALIM&#8221; demi\u015f.<br \/>\n&#8220;Kimsenin akl\u0131na gelmez i\u00e7ine bakmak,&#8221; diyerek i\u00e7imize saklam\u0131\u015flar mutlulu\u011fu. \u0130\u015fte o g\u00fcn bug\u00fcnd\u00fcr mutluluk insan\u0131n kendi i\u00e7inde sakl\u0131ym\u0131\u015f.<br \/>\nDilerim herkes i\u00e7indeki mutlu\u011fu bir an \u00f6nce bulur&#8230;<\/p>","protected":false},"featured_media":10884,"template":"","meta":{"spay_email":""},"product_cat":[168],"product_tag":[],"item":[943],"acf":[],"_links":{"self":[{"href":"https:\/\/mgvpublications.com\/de\/wp-json\/wp\/v2\/product\/10883"}],"collection":[{"href":"https:\/\/mgvpublications.com\/de\/wp-json\/wp\/v2\/product"}],"about":[{"href":"https:\/\/mgvpublications.com\/de\/wp-json\/wp\/v2\/types\/product"}],"wp:featuredmedia":[{"embeddable":true,"href":"https:\/\/mgvpublications.com\/de\/wp-json\/wp\/v2\/media\/10884"}],"wp:attachment":[{"href":"https:\/\/mgvpublications.com\/de\/wp-json\/wp\/v2\/media?parent=10883"}],"wp:term":[{"taxonomy":"product_cat","embeddable":true,"href":"https:\/\/mgvpublications.com\/de\/wp-json\/wp\/v2\/product_cat?post=10883"},{"taxonomy":"product_tag","embeddable":true,"href":"https:\/\/mgvpublications.com\/de\/wp-json\/wp\/v2\/product_tag?post=10883"},{"taxonomy":"item","embeddable":true,"href":"https:\/\/mgvpublications.com\/de\/wp-json\/wp\/v2\/item?post=10883"}],"curies":[{"name":"wp","href":"https:\/\/api.w.org\/{rel}","templated":true}]}}