{"id":10878,"date":"2020-03-26T17:57:23","date_gmt":"2020-03-26T16:57:23","guid":{"rendered":"https:\/\/dev2.mgvpublications.com\/produkt\/baslarim-simdi-annelige\/"},"modified":"2022-03-08T22:33:16","modified_gmt":"2022-03-08T21:33:16","slug":"baslarim-simdi-annelige","status":"publish","type":"product","link":"https:\/\/mgvpublications.com\/de\/baslarim-simdi-annelige\/","title":{"rendered":"Ba\u015flar\u0131m \u015eimdi Anneli\u011fe"},"content":{"rendered":"<p>Yay\u0131n Tarihi\t2018-05-14<br \/>\nISBN\t6055286552<br \/>\nBask\u0131 Say\u0131s\u0131\t13. Bask\u0131<br \/>\nDil\tT\u00dcRK\u00c7E<br \/>\nSayfa Say\u0131s\u0131\t160<br \/>\nCilt Tipi\tKarton Kapak<br \/>\nKa\u011f\u0131t Cinsi\tKitap Ka\u011f\u0131d\u0131<br \/>\nBoyut\t13.5 x 21 cm<\/p>","protected":false},"excerpt":{"rendered":"<p>Bu kitap yenido\u011fan bebekler ayaklan\u0131p da ortal\u0131\u011f\u0131 birbirine katana kadar ge\u00e7en s\u00fcre\u00e7te anneleri rahatlatacak tavsiye ve bilgiler i\u00e7erir. Hi\u00e7biri doktor tavsiyesi yerine ge\u00e7mez, zaten doktorlar da genelde b\u00f6yle \u015feyler s\u00f6ylemez.<br \/>\n\u015e. \u00c7.<br \/>\nBu kitapta yazanlar Tuna, Mete ve Name\u2019yle birlikte \u00f6\u011frendiklerimdir. S\u00fct\u00fcm gelmeyip de kendimi \u00e7aresiz hissetti\u011fimde, bebek sesine uyan\u0131p da nas\u0131l susturaca\u011f\u0131n\u0131 bilemedi\u011fim gecelerde, o gecelerin uykusuz sabahlar\u0131nda, do\u011fum kilolar\u0131m dolay\u0131s\u0131yla kendimi \u00e7ok \u00e7irkin hissetti\u011fim anlarda, bak\u0131c\u0131 ararken, kre\u015f bakarken, ek g\u0131da s\u00fcrecinde, hastal\u0131klar\u0131nda, hastane odalar\u0131nda, \u00e7ocuk b\u00fcy\u00fct\u00fcrken neyi, ne zaman, nas\u0131l yapmam gerekti\u011fini bilmedi\u011fim zamanlarda hep bana anlay\u0131\u015fla g\u00fcl\u00fcmseyip \u201cge\u00e7er\u201d diyecek bir el hissetmek istedim s\u0131rt\u0131mda. Sen de bu kitab\u0131, b\u00f6yle anlarda ihtiyac\u0131n olacak o el olarak alg\u0131la\u2026<br \/>\nBizden bir iki nesil \u00f6nceki o annelerle bizi k\u0131yaslamaktan kendimi alam\u0131yorum. \u00c7o\u011fu zaman kendi \u00e7ocuklu\u011fumla modern d\u00fcnya aras\u0131nda s\u0131k\u0131\u015f\u0131p kald\u0131\u011f\u0131m anlar oldu. Sonra en do\u011frusunun i\u00e7imden ne geliyorsa, en do\u011fru g\u00f6rd\u00fc\u011f\u00fcm neyse o olaca\u011f\u0131na kanaat getirdim. Hala \u00e7ocuklarla ilgili bir sorunla kar\u015f\u0131la\u015ft\u0131\u011f\u0131mda uzmanlar ne diyor bir ona bak\u0131yorum, babaannem-anneannem ne diyor bir de onlara dan\u0131\u015f\u0131yorum, sonra bir de kalbime soruyorum, sen ne dersin diye.<br \/>\n\u00d6yle demeyin, annelerin kalbi konu\u015fur. Benimki konu\u015fuyor ve \u015fimdi \u015funlar\u0131 s\u00f6yledi: S\u00f6yle o yeni annelere, sakin olsunlar ve tad\u0131n\u0131 ka\u00e7\u0131rmas\u0131nlar. \u00c7ocuk yapman\u0131n da bakman\u0131n da&#8230;<br \/>\n\u015eermin \u00c7arkac\u0131 \u2013 Kitab\u0131n Yazar\u0131<\/p>\n<p>Yazar\u0131n yakla\u015f\u0131m\u0131n\u0131 \u00e7ok sevdim, anlat\u0131\u015f tarz\u0131n\u0131 da. \u00d6rnekler g\u00fczel. Ke\u015fke ben de b\u00f6yle bir kitapla kar\u015f\u0131la\u015fsayd\u0131m anne olmadan \u00f6nce ya da olduktan hemen sonra&#8230; Bence anne olmay\u0131 d\u00fc\u015f\u00fcnenlere hediye edilecek \u00e7ok ho\u015f bir kitap.<br \/>\nAy\u015fe Butcher &#8211; \u0130ngilizce \u00d6\u011fretmeni \/ K\u0131demli Anne<\/p>\n<p>\u00c7ok be\u011fendim, e\u011flendim. Do\u011fum \u00f6ncesi okusayd\u0131m bilgilendirici de olurdu. Alan\u0131nda parlak ve farkl\u0131 bir kitap olmu\u015f. Bu kitab\u0131 yeni annelere hediye edip onlar\u0131n da benim gibi g\u00fcld\u00fcklerini g\u00f6rmek isterim.<br \/>\nNilay Dalyan \u2013 \u015eehir Planc\u0131s\u0131 \/ Yeni Anne<\/p>","protected":false},"featured_media":10879,"template":"","meta":{"spay_email":""},"product_cat":[171],"product_tag":[],"item":[686],"acf":[],"_links":{"self":[{"href":"https:\/\/mgvpublications.com\/de\/wp-json\/wp\/v2\/product\/10878"}],"collection":[{"href":"https:\/\/mgvpublications.com\/de\/wp-json\/wp\/v2\/product"}],"about":[{"href":"https:\/\/mgvpublications.com\/de\/wp-json\/wp\/v2\/types\/product"}],"wp:featuredmedia":[{"embeddable":true,"href":"https:\/\/mgvpublications.com\/de\/wp-json\/wp\/v2\/media\/10879"}],"wp:attachment":[{"href":"https:\/\/mgvpublications.com\/de\/wp-json\/wp\/v2\/media?parent=10878"}],"wp:term":[{"taxonomy":"product_cat","embeddable":true,"href":"https:\/\/mgvpublications.com\/de\/wp-json\/wp\/v2\/product_cat?post=10878"},{"taxonomy":"product_tag","embeddable":true,"href":"https:\/\/mgvpublications.com\/de\/wp-json\/wp\/v2\/product_tag?post=10878"},{"taxonomy":"item","embeddable":true,"href":"https:\/\/mgvpublications.com\/de\/wp-json\/wp\/v2\/item?post=10878"}],"curies":[{"name":"wp","href":"https:\/\/api.w.org\/{rel}","templated":true}]}}