{"id":10864,"date":"2020-03-25T16:33:44","date_gmt":"2020-03-25T15:33:44","guid":{"rendered":"https:\/\/dev2.mgvpublications.com\/produkt\/hiclikten-gelen-guec\/"},"modified":"2022-03-08T22:33:16","modified_gmt":"2022-03-08T21:33:16","slug":"hiclikten-gelen-guec","status":"publish","type":"product","link":"https:\/\/mgvpublications.com\/de\/hiclikten-gelen-guec\/","title":{"rendered":"Hi\u00e7\u2019likten Gelen G\u00fc\u00e7"},"content":{"rendered":"<p>Yay\u0131n Tarihi\t2020-02-03<br \/>\nISBN\t6056998409<br \/>\nBask\u0131 Say\u0131s\u0131\t1. Bask\u0131<br \/>\nDil\tT\u00dcRK\u00c7E<br \/>\nSayfa Say\u0131s\u0131\t336<br \/>\nCilt Tipi\tKarton Kapak<br \/>\nKa\u011f\u0131t Cinsi\tKitap Ka\u011f\u0131d\u0131<br \/>\nBoyut\t13.5 x 21 cm<\/p>","protected":false},"excerpt":{"rendered":"<p>Unutma!<br \/>\nKaybedecek hi\u00e7bir \u015feyin kalmad\u0131\u011f\u0131 g\u00fcn,  i\u00e7indeki ger\u00e7ek g\u00fc\u00e7 a\u00e7\u0131\u011fa \u00e7\u0131kar.<\/p>\n<p>Ger\u00e7ek g\u00fc\u00e7, hi\u00e7\u2019likten gelir.<br \/>\nSana bu kitapta \u00f6yle \u015feyler anlatt\u0131m ki art\u0131k asla eskisi gibi olamazs\u0131n. <\/p>\n<p>\u015eimdi git ve sana ait ne varsa, geri al bu hayattan.<\/p>\n<p>G\u00dcC\u00dcN\u00dc, SANA EN B\u00dcY\u00dcK DARBEY\u0130 \u0130ND\u0130REN OLAYDAN ALACAKSIN<\/p>\n<p>Bu kitap, sana t\u00fcm g\u00fcc\u00fcn\u00fc geri y\u00fckleyecek \u00f6zel i\u00e7erikle geliyor:<\/p>\n<p>Kendi ya\u015fam\u0131n\u0131n Lideri olman i\u00e7in g\u00fc\u00e7l\u00fc form\u00fcller<br \/>\nBilin\u00e7alt\u0131na h\u00fckmederek \u201cyeni bir sen\u201d yaratma yollar\u0131<br \/>\nHis Y\u00fcklemesi metodu ile gelecek mucizeler<br \/>\nParay\u0131 \u00e7eken uygulamalar<br \/>\nG\u00fc\u00e7 sahibi olman i\u00e7in gizli \u00f6\u011fretiler<br \/>\nH\u0131zl\u0131 Sonu\u00e7 veren Rit\u00fceller<br \/>\n\u0130li\u015fkileri d\u00f6n\u00fc\u015ft\u00fcren y\u00fczle\u015fmeler<br \/>\nGizemli manevi re\u00e7eteler<br \/>\nHi\u00e7bir kitapta olmayan Spirit\u00fcel S\u0131rlar<br \/>\nBinlerce Y\u0131ll\u0131k, \u00c7ok Etkili GER\u00c7EK TILSIMLAR<\/p>\n<p>KEND\u0130 Z\u0130RVENE \u00c7IKMAYA HAZIR OL\u2026<\/p>","protected":false},"featured_media":10865,"template":"","meta":{"spay_email":""},"product_cat":[168],"product_tag":[],"item":[468],"acf":[],"_links":{"self":[{"href":"https:\/\/mgvpublications.com\/de\/wp-json\/wp\/v2\/product\/10864"}],"collection":[{"href":"https:\/\/mgvpublications.com\/de\/wp-json\/wp\/v2\/product"}],"about":[{"href":"https:\/\/mgvpublications.com\/de\/wp-json\/wp\/v2\/types\/product"}],"wp:featuredmedia":[{"embeddable":true,"href":"https:\/\/mgvpublications.com\/de\/wp-json\/wp\/v2\/media\/10865"}],"wp:attachment":[{"href":"https:\/\/mgvpublications.com\/de\/wp-json\/wp\/v2\/media?parent=10864"}],"wp:term":[{"taxonomy":"product_cat","embeddable":true,"href":"https:\/\/mgvpublications.com\/de\/wp-json\/wp\/v2\/product_cat?post=10864"},{"taxonomy":"product_tag","embeddable":true,"href":"https:\/\/mgvpublications.com\/de\/wp-json\/wp\/v2\/product_tag?post=10864"},{"taxonomy":"item","embeddable":true,"href":"https:\/\/mgvpublications.com\/de\/wp-json\/wp\/v2\/item?post=10864"}],"curies":[{"name":"wp","href":"https:\/\/api.w.org\/{rel}","templated":true}]}}