{"id":10862,"date":"2020-03-25T16:30:37","date_gmt":"2020-03-25T15:30:37","guid":{"rendered":"https:\/\/dev2.mgvpublications.com\/produkt\/namaz-fert-ve-toplum-hayatindaki-etkileri\/"},"modified":"2022-03-08T22:33:16","modified_gmt":"2022-03-08T21:33:16","slug":"namaz-fert-ve-toplum-hayatindaki-etkileri","status":"publish","type":"product","link":"https:\/\/mgvpublications.com\/de\/namaz-fert-ve-toplum-hayatindaki-etkileri\/","title":{"rendered":"Namaz \/ Fert ve Toplum Hayat\u0131ndaki Etkileri"},"content":{"rendered":"<p>\u00c7evirmen:\tSaim Emino\u011flu<br \/>\nYay\u0131n Tarihi\t2011-09-15<br \/>\nISBN\t9944275255<br \/>\nBask\u0131 Say\u0131s\u0131\t4. Bask\u0131<br \/>\nDil\tT\u00dcRK\u00c7E<br \/>\nSayfa Say\u0131s\u0131\t135<br \/>\nCilt Tipi\tKarton Kapak<br \/>\nKa\u011f\u0131t Cinsi\tKitap Ka\u011f\u0131d\u0131<br \/>\nBoyut\t14.5 x 21.5 cm<\/p>","protected":false},"excerpt":{"rendered":"<p>Bu eser namaz\u0131n \u0130slamiyetteki anlam\u0131n\u0131 ve m\u00fcsl\u00fcmanca ya\u015fay\u0131\u015f\u0131n ayr\u0131lmaz bir par\u00e7as\u0131 oldu\u011funu ortaya koymaktad\u0131r.Namaz,dinin hemen b\u00fct\u00fcn esaslar\u0131n\u0131 ku\u015fatan bir ibadet olarak ele al\u0131nmakta,ayn\u0131 zamanda iman\u0131n hayata yans\u0131yan en a\u00e7\u0131k bir g\u00f6stergesi olarak de\u011ferlendirilmektedir.Bu a\u00e7\u0131dan kitap\u2019\u2019Namaz dinin dire\u011fidir.\u2019\u2019hadisinin g\u00fcncel bir yorumudur.<\/p>","protected":false},"featured_media":10863,"template":"","meta":{"spay_email":""},"product_cat":[174],"product_tag":[],"item":[940],"acf":[],"_links":{"self":[{"href":"https:\/\/mgvpublications.com\/de\/wp-json\/wp\/v2\/product\/10862"}],"collection":[{"href":"https:\/\/mgvpublications.com\/de\/wp-json\/wp\/v2\/product"}],"about":[{"href":"https:\/\/mgvpublications.com\/de\/wp-json\/wp\/v2\/types\/product"}],"wp:featuredmedia":[{"embeddable":true,"href":"https:\/\/mgvpublications.com\/de\/wp-json\/wp\/v2\/media\/10863"}],"wp:attachment":[{"href":"https:\/\/mgvpublications.com\/de\/wp-json\/wp\/v2\/media?parent=10862"}],"wp:term":[{"taxonomy":"product_cat","embeddable":true,"href":"https:\/\/mgvpublications.com\/de\/wp-json\/wp\/v2\/product_cat?post=10862"},{"taxonomy":"product_tag","embeddable":true,"href":"https:\/\/mgvpublications.com\/de\/wp-json\/wp\/v2\/product_tag?post=10862"},{"taxonomy":"item","embeddable":true,"href":"https:\/\/mgvpublications.com\/de\/wp-json\/wp\/v2\/item?post=10862"}],"curies":[{"name":"wp","href":"https:\/\/api.w.org\/{rel}","templated":true}]}}