{"id":10848,"date":"2020-03-25T16:14:25","date_gmt":"2020-03-25T15:14:25","guid":{"rendered":"https:\/\/dev2.mgvpublications.com\/produkt\/kuran-i-kerimde-peygamber-kissalari\/"},"modified":"2025-05-21T16:48:25","modified_gmt":"2025-05-21T14:48:25","slug":"kuran-i-kerimde-peygamber-kissalari","status":"publish","type":"product","link":"https:\/\/mgvpublications.com\/de\/kuran-i-kerimde-peygamber-kissalari\/","title":{"rendered":"Kur&#8217;an-\u0131 Kerim&#8217;de Peygamber K\u0131ssalar\u0131"},"content":{"rendered":"<p>\u00c7evirmen: \u015eerafettin \u015eenaslan<br \/>\nYay\u0131n Tarihi 2017-01-01<br \/>\nISBN 6059261944<br \/>\nBask\u0131 Say\u0131s\u0131 3. Bask\u0131<br \/>\nDil T\u00dcRK\u00c7E<br \/>\nSayfa Say\u0131s\u0131 240<br \/>\nCilt Tipi Karton Kapak<br \/>\nKa\u011f\u0131t Cinsi Kitap Ka\u011f\u0131d\u0131<br \/>\nBoyut 13.5 x 19.5 cm<\/p>","protected":false},"excerpt":{"rendered":"<p>Kur&#8217;an-\u0131 Kerim, insanlar\u0131n hak ve hakikatleri daha iyi anlamalar\u0131n\u0131 sa\u011flamak i\u00e7in \u00e7e\u015fitli y\u00f6ntemlerden yararlan\u0131r. onlardan birisi de, tarihte ya\u015fanm\u0131\u015f olaylardan b\u00f6l\u00fcmler anlatarak insanlar\u0131n ibret almas\u0131n\u0131 sa\u011flamakt\u0131r.<\/p>\n<p>Hz. Adem&#8217;in ya\u015fad\u0131klar\u0131ndan iyi niyeti ve hatalardan d\u00f6nmeyi; Hz. \u0130brahim&#8217;in (as) k\u0131ssas\u0131ndan akl\u0131m\u0131z\u0131 kullanmay\u0131, allah&#8217;a iman etmeyi \u00f6\u011freniriz. Hz. Yusuf&#8217;un (as) k\u0131ssas\u0131ndan \u00e7ok zor \u015fartlarda bile olsa haramlardan uzak durmay\u0131 ve haktan ayr\u0131lmamay\u0131 \u00f6\u011freniriz. Hz. Ey\u00fcp (as) k\u0131ssas\u0131ndan hastal\u0131klara ve belalara kar\u015f\u0131 sabretmeyi \u00f6\u011freniriz.<\/p>","protected":false},"featured_media":10849,"template":"","meta":{"spay_email":""},"product_cat":[174],"product_tag":[],"item":[1750],"acf":[],"_links":{"self":[{"href":"https:\/\/mgvpublications.com\/de\/wp-json\/wp\/v2\/product\/10848"}],"collection":[{"href":"https:\/\/mgvpublications.com\/de\/wp-json\/wp\/v2\/product"}],"about":[{"href":"https:\/\/mgvpublications.com\/de\/wp-json\/wp\/v2\/types\/product"}],"wp:featuredmedia":[{"embeddable":true,"href":"https:\/\/mgvpublications.com\/de\/wp-json\/wp\/v2\/media\/10849"}],"wp:attachment":[{"href":"https:\/\/mgvpublications.com\/de\/wp-json\/wp\/v2\/media?parent=10848"}],"wp:term":[{"taxonomy":"product_cat","embeddable":true,"href":"https:\/\/mgvpublications.com\/de\/wp-json\/wp\/v2\/product_cat?post=10848"},{"taxonomy":"product_tag","embeddable":true,"href":"https:\/\/mgvpublications.com\/de\/wp-json\/wp\/v2\/product_tag?post=10848"},{"taxonomy":"item","embeddable":true,"href":"https:\/\/mgvpublications.com\/de\/wp-json\/wp\/v2\/item?post=10848"}],"curies":[{"name":"wp","href":"https:\/\/api.w.org\/{rel}","templated":true}]}}