{"id":10846,"date":"2020-03-25T16:11:45","date_gmt":"2020-03-25T15:11:45","guid":{"rendered":"https:\/\/dev2.mgvpublications.com\/produkt\/yueksek-islam-ahlaki\/"},"modified":"2022-03-08T22:33:13","modified_gmt":"2022-03-08T21:33:13","slug":"yueksek-islam-ahlaki","status":"publish","type":"product","link":"https:\/\/mgvpublications.com\/de\/yueksek-islam-ahlaki\/","title":{"rendered":"Y\u00fcksek \u0130slam Ahlak\u0131"},"content":{"rendered":"<p>Yay\u0131n Tarihi\t2018-11-15<br \/>\nISBN\t6054818389<br \/>\nBask\u0131 Say\u0131s\u0131\t1. Bask\u0131<br \/>\nDil\tT\u00dcRK\u00c7E<br \/>\nSayfa Say\u0131s\u0131\t127<br \/>\nCilt Tipi\tKarton Kapak<br \/>\nKa\u011f\u0131t Cinsi\tKitap Ka\u011f\u0131d\u0131<br \/>\nBoyut\t13.5 x 19.5 cm<\/p>","protected":false},"excerpt":{"rendered":"<p>Ahl\u00e2k; huy, tabiat, seciye, insan\u0131n manevi nitelikleri, tutum ve davran\u0131\u015flar\u0131 gibi manalara gelir. \u0130slam dininde g\u00fczel ahlak sahibi olman\u0131nne denli \u00f6nemli oldu\u011funu anlamak i\u00e7in Allah Resul\u00fc\u2019n\u00fcn \u015fu buyru\u011funa dikkat edelim: \u201cBen g\u00fczel ahlak\u0131 tamamlamak i\u00e7in g\u00f6nderildim.\u201d (Muvatta, H\u00fcsn\u00fc\u2019l-Huluk,8)<\/p>","protected":false},"featured_media":10847,"template":"","meta":{"spay_email":""},"product_cat":[174],"product_tag":[],"item":[1750],"acf":[],"_links":{"self":[{"href":"https:\/\/mgvpublications.com\/de\/wp-json\/wp\/v2\/product\/10846"}],"collection":[{"href":"https:\/\/mgvpublications.com\/de\/wp-json\/wp\/v2\/product"}],"about":[{"href":"https:\/\/mgvpublications.com\/de\/wp-json\/wp\/v2\/types\/product"}],"wp:featuredmedia":[{"embeddable":true,"href":"https:\/\/mgvpublications.com\/de\/wp-json\/wp\/v2\/media\/10847"}],"wp:attachment":[{"href":"https:\/\/mgvpublications.com\/de\/wp-json\/wp\/v2\/media?parent=10846"}],"wp:term":[{"taxonomy":"product_cat","embeddable":true,"href":"https:\/\/mgvpublications.com\/de\/wp-json\/wp\/v2\/product_cat?post=10846"},{"taxonomy":"product_tag","embeddable":true,"href":"https:\/\/mgvpublications.com\/de\/wp-json\/wp\/v2\/product_tag?post=10846"},{"taxonomy":"item","embeddable":true,"href":"https:\/\/mgvpublications.com\/de\/wp-json\/wp\/v2\/item?post=10846"}],"curies":[{"name":"wp","href":"https:\/\/api.w.org\/{rel}","templated":true}]}}