{"id":10844,"date":"2020-12-02T15:43:15","date_gmt":"2020-12-02T14:43:15","guid":{"rendered":"https:\/\/dev2.mgvpublications.com\/produkt\/riyazus-salihin-tercuemesi\/"},"modified":"2022-03-08T22:33:13","modified_gmt":"2022-03-08T21:33:13","slug":"riyazus-salihin-tercuemesi","status":"publish","type":"product","link":"https:\/\/mgvpublications.com\/de\/riyazus-salihin-tercuemesi\/","title":{"rendered":"Riyazu&#8217;s Salihin Terc\u00fcmesi"},"content":{"rendered":"<p>\u00c7evirmen: \u015eerafettin \u015eenaslan<br \/>Yay\u0131n Tarihi: 20.03.2018<br \/>ISBN: 9786052154434<br \/>Dil: T\u00dcRK\u00c7E<br \/>Sayfa Say\u0131s\u0131: 608<br \/>Cilt Tipi: Karton Kapak<br \/>Ka\u011f\u0131t Cinsi: Kitap Ka\u011f\u0131d\u0131<br \/>Boyut: 13.5 x 21 cm<\/p>","protected":false},"excerpt":{"rendered":"<p>B\u00fcy\u00fck islam alimi \u0130mam Nevevi&#8217;nin as\u0131rlard\u0131r ellerden d\u00fc\u015fmeyen Riyaz\u00fc&#8217;s-Salihin isimli muhte\u015fem eseri 371 b\u00f6l\u00fcmden olu\u015fan m\u00fcstesna bir hadis kitab\u0131d\u0131r.<\/p>","protected":false},"featured_media":22614,"template":"","meta":{"spay_email":""},"product_cat":[174],"product_tag":[],"item":[1750],"acf":[],"_links":{"self":[{"href":"https:\/\/mgvpublications.com\/de\/wp-json\/wp\/v2\/product\/10844"}],"collection":[{"href":"https:\/\/mgvpublications.com\/de\/wp-json\/wp\/v2\/product"}],"about":[{"href":"https:\/\/mgvpublications.com\/de\/wp-json\/wp\/v2\/types\/product"}],"wp:featuredmedia":[{"embeddable":true,"href":"https:\/\/mgvpublications.com\/de\/wp-json\/wp\/v2\/media\/22614"}],"wp:attachment":[{"href":"https:\/\/mgvpublications.com\/de\/wp-json\/wp\/v2\/media?parent=10844"}],"wp:term":[{"taxonomy":"product_cat","embeddable":true,"href":"https:\/\/mgvpublications.com\/de\/wp-json\/wp\/v2\/product_cat?post=10844"},{"taxonomy":"product_tag","embeddable":true,"href":"https:\/\/mgvpublications.com\/de\/wp-json\/wp\/v2\/product_tag?post=10844"},{"taxonomy":"item","embeddable":true,"href":"https:\/\/mgvpublications.com\/de\/wp-json\/wp\/v2\/item?post=10844"}],"curies":[{"name":"wp","href":"https:\/\/api.w.org\/{rel}","templated":true}]}}