{"id":10840,"date":"2020-03-25T16:03:39","date_gmt":"2020-03-25T15:03:39","guid":{"rendered":"https:\/\/dev2.mgvpublications.com\/produkt\/mueslueman-olmam-neyi-gerektirir\/"},"modified":"2022-03-08T22:33:13","modified_gmt":"2022-03-08T21:33:13","slug":"mueslueman-olmam-neyi-gerektirir","status":"publish","type":"product","link":"https:\/\/mgvpublications.com\/de\/mueslueman-olmam-neyi-gerektirir\/","title":{"rendered":"M\u00fcsl\u00fcman Olmam Neyi Gerektirir?"},"content":{"rendered":"<p>\u00c7evirmen:\tDo\u00e7. Dr. Nusrettin Bolelli<br \/>\nOrjinal Ad\u0131\tMaza Ya&#8217;ni intimai li&#8217;l-\u0130sl\u00e2m<br \/>\nISBN\t9756500033<br \/>\nBask\u0131 Say\u0131s\u0131\t1. Bask\u0131<br \/>\nDil\tT\u00dcRK\u00c7E<br \/>\nSayfa Say\u0131s\u0131\t192<br \/>\nCilt Tipi\tKarton Kapak<br \/>\nKa\u011f\u0131t Cinsi\tKitap Ka\u011f\u0131d\u0131<br \/>\nBoyut\t12.5 x 19.5 cm<\/p>","protected":false},"excerpt":{"rendered":"<p>&#8220;\u0130nsanlar\u0131n \u00e7o\u011fu, ya kimliklerinde &#8220;Dini \u0130slam&#8217;d\u0131r&#8221; yaz\u0131l\u0131 olduklar\u0131 i\u00e7in veya m\u00fcsl\u00fcman anne ve baban\u0131n \u00e7ocuklar\u0131 olduklar\u0131 i\u00e7in m\u00fcsl\u00fcmand\u0131rlar. Ger\u00e7ekte ise bu her iki grup da m\u00fcsl\u00fcman olmalar\u0131n\u0131n manas\u0131n\u0131 anlam\u0131yorlar. Bu dine mensup olman\u0131n neyi gerektirdi\u011fini bilmiyorlar. Bu sebeple onlar\u0131n bir yerde, \u0130sl\u00e2m&#8217;\u0131n ise bamba\u015fka bir yerde oldu\u011fu g\u00f6r\u00fcl\u00fcr. Bu kitab\u0131 yazmam\u0131n gayesi b\u00fct\u00fcn bu sorulara cevap vermek ve her m\u00fcsl\u00fcman\u0131n ger\u00e7ek manada \u0130sl\u00e2m&#8217;a mensup olmas\u0131 ve ger\u00e7ek bir m\u00fcsl\u00fcman olabilmesi i\u00e7in \u0130sl\u00e2m&#8217;\u0131n kendisinden ne istedi\u011fini ve vazifelerini a\u00e7\u0131klamakt\u0131r.<\/p>","protected":false},"featured_media":10841,"template":"","meta":{"spay_email":""},"product_cat":[174],"product_tag":[],"item":[1750],"acf":[],"_links":{"self":[{"href":"https:\/\/mgvpublications.com\/de\/wp-json\/wp\/v2\/product\/10840"}],"collection":[{"href":"https:\/\/mgvpublications.com\/de\/wp-json\/wp\/v2\/product"}],"about":[{"href":"https:\/\/mgvpublications.com\/de\/wp-json\/wp\/v2\/types\/product"}],"wp:featuredmedia":[{"embeddable":true,"href":"https:\/\/mgvpublications.com\/de\/wp-json\/wp\/v2\/media\/10841"}],"wp:attachment":[{"href":"https:\/\/mgvpublications.com\/de\/wp-json\/wp\/v2\/media?parent=10840"}],"wp:term":[{"taxonomy":"product_cat","embeddable":true,"href":"https:\/\/mgvpublications.com\/de\/wp-json\/wp\/v2\/product_cat?post=10840"},{"taxonomy":"product_tag","embeddable":true,"href":"https:\/\/mgvpublications.com\/de\/wp-json\/wp\/v2\/product_tag?post=10840"},{"taxonomy":"item","embeddable":true,"href":"https:\/\/mgvpublications.com\/de\/wp-json\/wp\/v2\/item?post=10840"}],"curies":[{"name":"wp","href":"https:\/\/api.w.org\/{rel}","templated":true}]}}