{"id":10830,"date":"2020-03-25T02:38:18","date_gmt":"2020-03-25T01:38:18","guid":{"rendered":"https:\/\/dev2.mgvpublications.com\/produkt\/ates-duesueruecue\/"},"modified":"2022-03-08T22:33:13","modified_gmt":"2022-03-08T21:33:13","slug":"ates-duesueruecue","status":"publish","type":"product","link":"https:\/\/mgvpublications.com\/de\/ates-duesueruecue\/","title":{"rendered":"Ate\u015f D\u00fc\u015f\u00fcr\u00fcc\u00fc"},"content":{"rendered":"<p>Yay\u0131n Tarihi\t2018-03-21<br \/>\nISBN\t9944928069<br \/>\nBask\u0131 Say\u0131s\u0131\t3. Bask\u0131<br \/>\nDil\tT\u00dcRK\u00c7E<br \/>\nSayfa Say\u0131s\u0131\t231<br \/>\nCilt Tipi\tKarton Kapak<br \/>\nKa\u011f\u0131t Cinsi\tKitap Ka\u011f\u0131d\u0131<br \/>\nBoyut\t12.5 x 19.5 cm<\/p>","protected":false},"excerpt":{"rendered":"<p>S\u0131rad\u0131\u015f\u0131 ve mizahi y\u00f6ntemlerle insanlar\u0131 \u015fuurland\u0131rmaya y\u00f6nelik kitaplara imza atan yazar, \u015eeytan Arkada\u015fl\u0131k \u0130ste\u011fi G\u00f6nderdi kitab\u0131ndan sonra &#8220;Ate\u015f D\u00fc\u015f\u00fcr\u00fcc\u00fc&#8221; kitab\u0131yla ve bu kitapta yine bir\u00e7ok ilgin\u00e7liklerle okurlar\u0131yla bulu\u015fuyor. Ate\u015f D\u00fc\u015f\u00fcr\u00fcc\u00fc, d\u00f6rt farkl\u0131 kapak se\u00e7ene\u011fi ile (sade\/s\u00fctl\u00fc, ball\u0131-muzlu, \u00e7ilekli, g\u00fcll\u00fc) okurlar\u0131n be\u011fenisine sunuluyor. Kitapta okurlar\u0131n yazarla canl\u0131 yay\u0131n mizanseni ile video yoluyla bulu\u015fmas\u0131 sa\u011flan\u0131yor \u0130nsanlar\u0131n, ahirete yanlar\u0131nda g\u00f6t\u00fcrme ihtimalleri olan kendi ate\u015flerini d\u00fc\u015f\u00fcrebilmeyi ama\u00e7layan bu kitapla hem keyifli vakit ge\u00e7irecek hem de hayata daha farkl\u0131 bakmay\u0131 \u00f6\u011frenirken birbirinden farkl\u0131 ve s\u0131ra d\u0131\u015f\u0131 yaz\u0131lara \u015fahit olacaks\u0131n\u0131z.<br \/>\nKitaptan derde deva hap ba\u015fl\u0131klar:<br \/>\n* S\u00fcper Kur&#8217;an<br \/>\n* Yar\u0131n \u00d6lecekler Listesi<br \/>\n* Yaln\u0131zl\u0131\u011f\u0131n \u00c7aresini Bulmu\u015flar<br \/>\n* Arkada\u015f, \u015eeytanl\u0131k \u0130ste\u011fi G\u00f6nderdi<br \/>\n* Sevdi\u011fim K\u0131z Bana &#8220;Cami&#8221; Deyince<br \/>\n* Mah\u015fer \u00c7\u0131km\u0131\u015f Sorular (\u00c7\u00f6z\u00fcml\u00fc)<br \/>\n* Veda Hutbesinde Futbol<br \/>\n* Amerikan Mallar\u0131<br \/>\n* \u015eeytan\u0131n Masas\u0131ndaki Son Anket<br \/>\n* Feysbuk&#8217;un Ad\u0131yla Oku!<br \/>\n* Bir Seccade&#8217;nin G\u00fcnl\u00fc\u011f\u00fc<br \/>\n* Zebani \u0130le Selfie (\u00f6z\u00e7ekim)<br \/>\n* Senin Ahiretin<br \/>\n* Kiramen K\u00e2tibin \u0130nstagram&#8217;da<\/p>","protected":false},"featured_media":10831,"template":"","meta":{"spay_email":""},"product_cat":[168],"product_tag":[],"item":[],"acf":[],"_links":{"self":[{"href":"https:\/\/mgvpublications.com\/de\/wp-json\/wp\/v2\/product\/10830"}],"collection":[{"href":"https:\/\/mgvpublications.com\/de\/wp-json\/wp\/v2\/product"}],"about":[{"href":"https:\/\/mgvpublications.com\/de\/wp-json\/wp\/v2\/types\/product"}],"wp:featuredmedia":[{"embeddable":true,"href":"https:\/\/mgvpublications.com\/de\/wp-json\/wp\/v2\/media\/10831"}],"wp:attachment":[{"href":"https:\/\/mgvpublications.com\/de\/wp-json\/wp\/v2\/media?parent=10830"}],"wp:term":[{"taxonomy":"product_cat","embeddable":true,"href":"https:\/\/mgvpublications.com\/de\/wp-json\/wp\/v2\/product_cat?post=10830"},{"taxonomy":"product_tag","embeddable":true,"href":"https:\/\/mgvpublications.com\/de\/wp-json\/wp\/v2\/product_tag?post=10830"},{"taxonomy":"item","embeddable":true,"href":"https:\/\/mgvpublications.com\/de\/wp-json\/wp\/v2\/item?post=10830"}],"curies":[{"name":"wp","href":"https:\/\/api.w.org\/{rel}","templated":true}]}}