{"id":10824,"date":"2020-03-25T02:30:24","date_gmt":"2020-03-25T01:30:24","guid":{"rendered":"https:\/\/dev2.mgvpublications.com\/produkt\/tersi-ve-yuezue\/"},"modified":"2022-03-08T22:33:12","modified_gmt":"2022-03-08T21:33:12","slug":"tersi-ve-yuezue","status":"publish","type":"product","link":"https:\/\/mgvpublications.com\/de\/tersi-ve-yuezue\/","title":{"rendered":"Tersi ve Y\u00fcz\u00fc"},"content":{"rendered":"<p>\u00c7evirmen: Tahsin Y\u00fccel<br \/>\nYay\u0131n Tarihi 2019-09-06<br \/>\nOrjinal Ad\u0131 L&#8217;Envers et L&#8217;Endroit<br \/>\nISBN 9750725029<br \/>\nBask\u0131 Say\u0131s\u0131 22. Bask\u0131<br \/>\nDil T\u00dcRK\u00c7E<br \/>\nSayfa Say\u0131s\u0131 70<br \/>\nCilt Tipi Karton Kapak<br \/>\nKa\u011f\u0131t Cinsi Kitap Ka\u011f\u0131d\u0131<br \/>\nBoyut 12.5 x 19.5 cm<\/p>","protected":false},"excerpt":{"rendered":"<p>Brice Parain, s\u0131k s\u0131k, yazd\u0131klar\u0131m\u0131n en iyisini bu k\u00fc\u00e7\u00fck kitab\u0131n i\u00e7erdi\u011fini ileri s\u00fcrer&#8230; Hay\u0131r, aldan\u0131yor, \u00e7\u00fcnk\u00fc deha bir yana b\u0131rak\u0131l\u0131rsa, insan yirmi iki ya\u015f\u0131nda yaz\u0131 yazmas\u0131n\u0131 pek bilemez. Ama Parain&#8217;in s\u00f6ylemek istedi\u011fini anl\u0131yorum. Bu acemice sayfalarda, sonradan yazd\u0131klar\u0131mdakilerden daha \u00e7ok ger\u00e7ek a\u015fk bulundu\u011funu s\u00f6ylemek istiyor; haks\u0131z da de\u011fil&#8230; Bu sayfalar\u0131n yaz\u0131ld\u0131\u011f\u0131 zamandan beri ya\u015fland\u0131m, \u00e7ok \u015feyler g\u00f6r\u00fcp ge\u00e7irdim. S\u0131n\u0131rlar\u0131m\u0131, sonra hemen hemen b\u00fct\u00fcn zay\u0131fl\u0131klar\u0131m\u0131 tan\u0131yarak kendi hakk\u0131mda bilgi edindim&#8230; Herkes gibi ben de d\u00fc\u015flerim baz\u0131 baz\u0131. Ama iki sakin melek onun e\u015fi\u011finden hi\u00e7bir zaman ge\u00e7irmediler beni; biri dostun y\u00fcz\u00fcn\u00fc g\u00f6sterir, \u00f6b\u00fcr\u00fc d\u00fc\u015fman\u0131n surat\u0131n\u0131. Evet, b\u00fct\u00fcn bunlar\u0131 biliyorum, a\u015fk\u0131n neye patlad\u0131\u011f\u0131n\u0131 da \u00f6\u011frendim ya da a\u015fa\u011f\u0131 yukar\u0131. Ama ya\u015fam\u0131n kendisi hakk\u0131nda, Tersi ve Y\u00fcz\u00fc&#8217;nde acemice s\u00f6ylenenden daha fazlas\u0131n\u0131 bilmiyorum.&#8221;<br \/>\nALBERT CAMUS<\/p>","protected":false},"featured_media":10825,"template":"","meta":{"spay_email":""},"product_cat":[168],"product_tag":[],"item":[369],"acf":[],"_links":{"self":[{"href":"https:\/\/mgvpublications.com\/de\/wp-json\/wp\/v2\/product\/10824"}],"collection":[{"href":"https:\/\/mgvpublications.com\/de\/wp-json\/wp\/v2\/product"}],"about":[{"href":"https:\/\/mgvpublications.com\/de\/wp-json\/wp\/v2\/types\/product"}],"wp:featuredmedia":[{"embeddable":true,"href":"https:\/\/mgvpublications.com\/de\/wp-json\/wp\/v2\/media\/10825"}],"wp:attachment":[{"href":"https:\/\/mgvpublications.com\/de\/wp-json\/wp\/v2\/media?parent=10824"}],"wp:term":[{"taxonomy":"product_cat","embeddable":true,"href":"https:\/\/mgvpublications.com\/de\/wp-json\/wp\/v2\/product_cat?post=10824"},{"taxonomy":"product_tag","embeddable":true,"href":"https:\/\/mgvpublications.com\/de\/wp-json\/wp\/v2\/product_tag?post=10824"},{"taxonomy":"item","embeddable":true,"href":"https:\/\/mgvpublications.com\/de\/wp-json\/wp\/v2\/item?post=10824"}],"curies":[{"name":"wp","href":"https:\/\/api.w.org\/{rel}","templated":true}]}}