{"id":10816,"date":"2020-03-25T02:16:55","date_gmt":"2020-03-25T01:16:55","guid":{"rendered":"https:\/\/dev2.mgvpublications.com\/produkt\/konferanslar\/"},"modified":"2022-03-08T22:33:12","modified_gmt":"2022-03-08T21:33:12","slug":"konferanslar","status":"publish","type":"product","link":"https:\/\/mgvpublications.com\/de\/konferanslar\/","title":{"rendered":"Konferanslar"},"content":{"rendered":"<p>Yay\u0131n Tarihi\t2008-01-01<br \/>\nISBN\t9757621270<br \/>\nBask\u0131 Say\u0131s\u0131\t1. Bask\u0131<br \/>\nDil\tT\u00dcRK\u00c7E<br \/>\nSayfa Say\u0131s\u0131\t191<br \/>\nCilt Tipi\tKarton Kapak<br \/>\nKa\u011f\u0131t Cinsi\tKitap Ka\u011f\u0131d\u0131<br \/>\nBoyut\t13.5 x 19.5 cm<\/p>","protected":false},"excerpt":{"rendered":"<p>Bu kitap, Mahmut Topta\u015f Hocan\u0131n de\u011fi\u015fik tarihlerde vermi\u015f oldu\u011fu konferans ve bir k\u0131sm\u0131 daha \u00f6nce yay\u0131nlanm\u0131\u015f \u015fu kitaplardan olu\u015fmaktad\u0131r.<\/p>\n<p>K\u00f6leli\u011fin Alfabesi H\u00fcrriyetin elifbas\u0131<br \/>\n\u0130nsan Enerjisi ve israf\u0131<br \/>\nZenginlere ve zengin olmak isteyenlere<br \/>\nHz. Havva&#8217;n\u0131n k\u0131zlar\u0131<br \/>\nK\u00fcf\u00fcr cephesinde yeni bir\u015fey yok<br \/>\nMevlanada Cihad Anlay\u0131\u015f\u0131<br \/>\nB\u00fct\u00fcn \u0130limler \u0130slamidir<\/p>","protected":false},"featured_media":10817,"template":"","meta":{"spay_email":""},"product_cat":[166],"product_tag":[],"item":[836],"acf":[],"_links":{"self":[{"href":"https:\/\/mgvpublications.com\/de\/wp-json\/wp\/v2\/product\/10816"}],"collection":[{"href":"https:\/\/mgvpublications.com\/de\/wp-json\/wp\/v2\/product"}],"about":[{"href":"https:\/\/mgvpublications.com\/de\/wp-json\/wp\/v2\/types\/product"}],"wp:featuredmedia":[{"embeddable":true,"href":"https:\/\/mgvpublications.com\/de\/wp-json\/wp\/v2\/media\/10817"}],"wp:attachment":[{"href":"https:\/\/mgvpublications.com\/de\/wp-json\/wp\/v2\/media?parent=10816"}],"wp:term":[{"taxonomy":"product_cat","embeddable":true,"href":"https:\/\/mgvpublications.com\/de\/wp-json\/wp\/v2\/product_cat?post=10816"},{"taxonomy":"product_tag","embeddable":true,"href":"https:\/\/mgvpublications.com\/de\/wp-json\/wp\/v2\/product_tag?post=10816"},{"taxonomy":"item","embeddable":true,"href":"https:\/\/mgvpublications.com\/de\/wp-json\/wp\/v2\/item?post=10816"}],"curies":[{"name":"wp","href":"https:\/\/api.w.org\/{rel}","templated":true}]}}