{"id":10806,"date":"2020-03-25T02:04:05","date_gmt":"2020-03-25T01:04:05","guid":{"rendered":"https:\/\/dev2.mgvpublications.com\/produkt\/imamul-haremeyn-ebul-meali-el-cueveyni-el-giyasi-islamda-baskanlik-sistemi\/"},"modified":"2026-02-03T21:16:56","modified_gmt":"2026-02-03T20:16:56","slug":"imamul-haremeyn-ebul-meali-el-cueveyni-el-giyasi-islamda-baskanlik-sistemi","status":"publish","type":"product","link":"https:\/\/mgvpublications.com\/de\/imamul-haremeyn-ebul-meali-el-cueveyni-el-giyasi-islamda-baskanlik-sistemi\/","title":{"rendered":"\u0130mamu\u2019l-Haremeyn Ebu\u2019l-Meali El-C\u00fcveyni El-Giyasi \u0130slamda Ba\u015fkanl\u0131k Sistemi"},"content":{"rendered":"<p>Yay\u0131n Tarihi\t2016-12-31<br \/>\nISBN\t6059275323<br \/>\nBask\u0131 Say\u0131s\u0131\t1. Bask\u0131<br \/>\nDil\tT\u00dcRK\u00c7E<br \/>\nSayfa Say\u0131s\u0131\t336<br \/>\nCilt Tipi\tKarton Kapak<br \/>\nKa\u011f\u0131t Cinsi\tKitap Ka\u011f\u0131d\u0131<br \/>\nBoyut\t16 x 24 cm<\/p>","protected":false},"excerpt":{"rendered":"<p>\u0130slam tarihi boyunca, \u0130slam\u00ee y\u00f6netimle ilgili pek \u00e7ok de\u011ferli eser kaleme al\u0131nm\u0131\u015ft\u0131r. Bu eserler aras\u0131nda \u0130mam\u00fc\u2019l-Haremeyn el-C\u00fcveyn\u00ee (419-478\/1025-1085)\u2019nin imamet ve y\u00f6netim konusunu ele ald\u0131\u011f\u0131 G\u0131yas\u00fc\u2019l-\u00dcmem fi \u0130ltiyasi\u2019z-Zulem adl\u0131 eserinin ayr\u0131 bir yeri ve \u00f6nemi oldu\u011fu \u015f\u00fcphesizdir. Zira \u0130mam\u00fc\u2019l-Haremeyn  farkl\u0131 bak\u0131\u015f a\u00e7\u0131lar\u0131 ve farkl\u0131 d\u00fc\u015f\u00fcncelerle bu eseri kaleme alm\u0131\u015f ve her d\u00f6nemdeki M\u00fcsl\u00fcmanlara ufuk a\u00e7m\u0131\u015ft\u0131r.<br \/>\nEser, esasen bug\u00fcnk\u00fc anlamda ba\u015fkanl\u0131k sistemini ele almakta, i\u015flemekte ve \u0130slam tarihi boyunca uygulanan bu sistemin her d\u00f6nem i\u00e7in yegane yol oldu\u011funu belirtmekte ve  zaruret olmad\u0131k\u00e7a, \u0130slam d\u00fcnyas\u0131nda iki ba\u015fkan\u0131n caiz olmad\u0131\u011f\u0131n\u0131n alt\u0131n\u0131 \u00e7izmektedir.Bu eser her ne kadar ba\u015fkanl\u0131k sistemini detayl\u0131 olarak ele al\u0131yorsa da, bug\u00fcn i\u00e7in metodik bir \u015fekilde m\u00fcstakil bir eser \u00e7al\u0131\u015fmas\u0131n\u0131 yapmak ihtiyac\u0131 da ortadad\u0131r. Umar\u0131m Rabbim bunu da nasip eder.\u201d<br \/>\nDo\u00e7.Dr Abdullah \u00dcNALAN<\/p>","protected":false},"featured_media":10807,"template":"","meta":{"spay_email":""},"product_cat":[174,170],"product_tag":[],"item":[694],"acf":[],"_links":{"self":[{"href":"https:\/\/mgvpublications.com\/de\/wp-json\/wp\/v2\/product\/10806"}],"collection":[{"href":"https:\/\/mgvpublications.com\/de\/wp-json\/wp\/v2\/product"}],"about":[{"href":"https:\/\/mgvpublications.com\/de\/wp-json\/wp\/v2\/types\/product"}],"wp:featuredmedia":[{"embeddable":true,"href":"https:\/\/mgvpublications.com\/de\/wp-json\/wp\/v2\/media\/10807"}],"wp:attachment":[{"href":"https:\/\/mgvpublications.com\/de\/wp-json\/wp\/v2\/media?parent=10806"}],"wp:term":[{"taxonomy":"product_cat","embeddable":true,"href":"https:\/\/mgvpublications.com\/de\/wp-json\/wp\/v2\/product_cat?post=10806"},{"taxonomy":"product_tag","embeddable":true,"href":"https:\/\/mgvpublications.com\/de\/wp-json\/wp\/v2\/product_tag?post=10806"},{"taxonomy":"item","embeddable":true,"href":"https:\/\/mgvpublications.com\/de\/wp-json\/wp\/v2\/item?post=10806"}],"curies":[{"name":"wp","href":"https:\/\/api.w.org\/{rel}","templated":true}]}}