{"id":10788,"date":"2020-03-24T22:41:01","date_gmt":"2020-03-24T21:41:01","guid":{"rendered":"https:\/\/dev2.mgvpublications.com\/produkt\/yapay-zeka\/"},"modified":"2022-03-08T22:33:10","modified_gmt":"2022-03-08T21:33:10","slug":"yapay-zeka","status":"publish","type":"product","link":"https:\/\/mgvpublications.com\/de\/yapay-zeka\/","title":{"rendered":"Yapay Zeka"},"content":{"rendered":"<p>Yay\u0131n Tarihi 2018-05-08<br \/>\nISBN 9752429420<br \/>\nBask\u0131 Say\u0131s\u0131 1. Bask\u0131<br \/>\nDil T\u00dcRK\u00c7E<br \/>\nSayfa Say\u0131s\u0131 285<br \/>\nCilt Tipi Karton Kapak<br \/>\nKa\u011f\u0131t Cinsi Kitap Ka\u011f\u0131d\u0131<br \/>\nBoyut 13.5 x 21 cm<\/p>","protected":false},"excerpt":{"rendered":"<p>Robotlar D\u00fcnyay\u0131 Ele Ge\u00e7irir mi?<\/p>\n<p>Bill Gates, Stephen Hawking ve Elon Musk Yapay Zek\u00e2dan Neden Korkuyor?<\/p>\n<p>Yapay zek\u00e2 insanl\u0131\u011f\u0131n sonunu getirebilir.<br \/>\nStephen Hawking<\/p>\n<p>S\u00fcper zek\u00e2 konusunda \u00e7ok kayg\u0131l\u0131y\u0131m.<br \/>\nBill Gates<\/p>\n<p>Yapay Zek\u00e2 (AI) bilim insanlar\u0131n\u0131 \u00fcrk\u00fct\u00fcyor.<br \/>\n21. y\u00fczy\u0131l beyin g\u00fcc\u00fcm\u00fcz\u00fc daha objektif kullanmam\u0131z\u0131 gerektiriyor, art\u0131k her \u015feyin beyin g\u00fcc\u00fcyle ger\u00e7ekle\u015fti\u011finin bilinci, insanlar\u0131 daha yarat\u0131c\u0131 d\u00fc\u015f\u00fcnmeye zorluyor.<br \/>\n21.\u2019nci y\u00fczy\u0131l\u0131n mucizeler y\u0131l\u0131 olaca\u011f\u0131n\u0131 kestirmek zor olmasa gerek.<br \/>\nPozitif enerjilerini bilgi sinerjisiyle harmanlayanlar, 21.\u2019nci y\u00fczy\u0131l\u0131n s\u00fcrd\u00fcr\u00fclebilir \u00f6nc\u00fcleri olacakt\u0131r.<br \/>\n\u00c7\u00fcnk\u00fc;<br \/>\n21. y\u00fczy\u0131l beyin g\u00fc\u00e7lerinin sava\u015f\u0131 olacakt\u0131r\u2026<\/p>","protected":false},"featured_media":10789,"template":"","meta":{"spay_email":""},"product_cat":[175],"product_tag":[],"item":[915],"acf":[],"_links":{"self":[{"href":"https:\/\/mgvpublications.com\/de\/wp-json\/wp\/v2\/product\/10788"}],"collection":[{"href":"https:\/\/mgvpublications.com\/de\/wp-json\/wp\/v2\/product"}],"about":[{"href":"https:\/\/mgvpublications.com\/de\/wp-json\/wp\/v2\/types\/product"}],"wp:featuredmedia":[{"embeddable":true,"href":"https:\/\/mgvpublications.com\/de\/wp-json\/wp\/v2\/media\/10789"}],"wp:attachment":[{"href":"https:\/\/mgvpublications.com\/de\/wp-json\/wp\/v2\/media?parent=10788"}],"wp:term":[{"taxonomy":"product_cat","embeddable":true,"href":"https:\/\/mgvpublications.com\/de\/wp-json\/wp\/v2\/product_cat?post=10788"},{"taxonomy":"product_tag","embeddable":true,"href":"https:\/\/mgvpublications.com\/de\/wp-json\/wp\/v2\/product_tag?post=10788"},{"taxonomy":"item","embeddable":true,"href":"https:\/\/mgvpublications.com\/de\/wp-json\/wp\/v2\/item?post=10788"}],"curies":[{"name":"wp","href":"https:\/\/api.w.org\/{rel}","templated":true}]}}