{"id":10782,"date":"2020-03-24T21:37:53","date_gmt":"2020-03-24T20:37:53","guid":{"rendered":"https:\/\/dev2.mgvpublications.com\/produkt\/dersimiz-messi-futbol-akademisi\/"},"modified":"2022-03-08T22:33:10","modified_gmt":"2022-03-08T21:33:10","slug":"dersimiz-messi-futbol-akademisi","status":"publish","type":"product","link":"https:\/\/mgvpublications.com\/de\/dersimiz-messi-futbol-akademisi\/","title":{"rendered":"Dersimiz: Messi \/ Futbol Akademisi"},"content":{"rendered":"<p>\u00c7izer:\tCemre Er\u00e7elik<br \/>\nYay\u0131n Tarihi\t2019-08-05<br \/>\nISBN\t6059484152<br \/>\nBask\u0131 Say\u0131s\u0131\t2. Bask\u0131<br \/>\nDil\tT\u00dcRK\u00c7E<br \/>\nSayfa Say\u0131s\u0131\t138<br \/>\nCilt Tipi\tKarton Kapak<br \/>\nKa\u011f\u0131t Cinsi\tKitap Ka\u011f\u0131d\u0131<br \/>\nBoyut\t13.5 x 19.5 cm<\/p>","protected":false},"excerpt":{"rendered":"<p>Att\u0131klar\u0131 gollerle milyonlar\u0131 sevince bo\u011fan ye\u015fil sahalar\u0131n y\u0131ld\u0131zlar\u0131n\u0131 daha yak\u0131ndan tan\u0131maya haz\u0131r m\u0131s\u0131n?<br \/>\nO zaman haydi bakal\u0131m \u201cFutbol Akademisi\u2019ne.\u201d<br \/>\nEmre\u2019yle birlikte antremanlarda ter d\u00f6kerken hayallerinin futbolcusu Messi\u2019yi daha yak\u0131ndan tan\u0131ma f\u0131rsat\u0131 bulacaks\u0131n.<\/p>","protected":false},"featured_media":10783,"template":"","meta":{"spay_email":""},"product_cat":[172],"product_tag":[],"item":[1106],"acf":[],"_links":{"self":[{"href":"https:\/\/mgvpublications.com\/de\/wp-json\/wp\/v2\/product\/10782"}],"collection":[{"href":"https:\/\/mgvpublications.com\/de\/wp-json\/wp\/v2\/product"}],"about":[{"href":"https:\/\/mgvpublications.com\/de\/wp-json\/wp\/v2\/types\/product"}],"wp:featuredmedia":[{"embeddable":true,"href":"https:\/\/mgvpublications.com\/de\/wp-json\/wp\/v2\/media\/10783"}],"wp:attachment":[{"href":"https:\/\/mgvpublications.com\/de\/wp-json\/wp\/v2\/media?parent=10782"}],"wp:term":[{"taxonomy":"product_cat","embeddable":true,"href":"https:\/\/mgvpublications.com\/de\/wp-json\/wp\/v2\/product_cat?post=10782"},{"taxonomy":"product_tag","embeddable":true,"href":"https:\/\/mgvpublications.com\/de\/wp-json\/wp\/v2\/product_tag?post=10782"},{"taxonomy":"item","embeddable":true,"href":"https:\/\/mgvpublications.com\/de\/wp-json\/wp\/v2\/item?post=10782"}],"curies":[{"name":"wp","href":"https:\/\/api.w.org\/{rel}","templated":true}]}}